{"id":1216,"date":"2019-09-03T10:25:18","date_gmt":"2019-09-03T08:25:18","guid":{"rendered":"http:\/\/dev.sun-concept.de\/wp-mylabels\/?page_id=1216"},"modified":"2026-04-20T12:35:32","modified_gmt":"2026-04-20T10:35:32","slug":"ansprechpartner","status":"publish","type":"page","link":"https:\/\/www.mylabels.de\/de\/unternehmen\/ansprechpartner\/","title":{"rendered":"Ansprechpartner"},"content":{"rendered":"<h1>Ansprechpartner<\/h1>\n<ul>\n<li>\n<p><img decoding=\"async\" src=\"\/wp-content\/uploads\/2023\/10\/Ralf-Bittighoefer-Benutzerdefiniert-1.jpg\" alt=\"\"><\/p>\n<h2>Ralf Bittigh\u00f6fer<\/h2>\n<p>Gesch\u00e4ftsf\u00fchrer<\/p>\n<div>\n<p>+49 (0) 6348 95 95-50<br \/>+49 (0) 172 9270236<\/p>\n<p><a class=\"el-link\" href=\"mailto:rb@mylabels.de\">rb@mylabels.de<\/a><\/p>\n<\/div>\n<\/li>\n<li>\n<p><img decoding=\"async\" src=\"\/wp-content\/uploads\/2023\/10\/Michael-Trauhwein-Benutzerdefiniert.jpg\" alt=\"\"><\/p>\n<h2>Michael Trauthwein<\/h2>\n<p>stellvertretender Gesch\u00e4ftsf\u00fchrer<\/p>\n<div>\n<p>+49 (0) 6348 95 95-58<\/p>\n<p><a class=\"el-link\" href=\"mailto:m.trauthwein@mylabels.de\">m.trauthwein@mylabels.de<\/a><\/p>\n<\/div>\n<\/li>\n<li>\n<p><img decoding=\"async\" src=\"\/wp-content\/uploads\/2023\/10\/susanne1.jpg\" alt=\"\"><\/p>\n<h2>Susanne Biehler <\/h2>\n<p>Vertrieb<\/p>\n<div>\n<p>+49 (0) 6348 95 95 5 &#8211; 1<\/p>\n<p><a href=\"mailto:s.biehler@mylabels.de\">s.biehler@mylabels.de<\/a><\/p>\n<\/div>\n<\/li>\n<li>\n<p><img decoding=\"async\" src=\"\/wp-content\/uploads\/2023\/10\/Ricky-Kirsch-Benutzerdefiniert.jpg\" alt=\"\"><\/p>\n<h2>Ricky Kirsch<\/h2>\n<p>Leitung Technik<\/p>\n<div>\n<p>+49 (0) 6348 95 95-57<\/p>\n<p><a class=\"el-link\" href=\"mailto:r.kirsch@mylabels.de\">r.kirsch@mylabels.de<\/a><\/p>\n<\/div>\n<\/li>\n<li>\n<p><img decoding=\"async\" src=\"\/wp-content\/uploads\/2023\/10\/Sven-Merkel-Benutzerdefiniert.jpg\" alt=\"\"><\/p>\n<h2>Sven Merkel<\/h2>\n<p>Technik<\/p>\n<div>\n<p>+49 (0) 6348 95 95-59<\/p>\n<p><a href=\"mailto:s.merkel@mylabels.de\">s.merkel@mylabels.de<\/a><\/p>\n<\/div>\n<\/li>\n<li>\n<p><img decoding=\"async\" src=\"\/wp-content\/uploads\/2026\/02\/duria.webp\" alt=\"\"><\/p>\n<h2>Daria Burger<\/h2>\n<p>Vertrieb<\/p>\n<div>\n<p>+49 (0) 6348 95 95-42<\/p>\n<p><a href=\"mailto:d.burger@mylabels.de\" target=\"_blank\" rel=\"noopener\">d.burger@mylabels.de<\/a><\/p>\n<\/div>\n<\/li>\n<\/ul>\n<p><!--more--><br \/>\n<!-- {\"name\":\"Services\",\"type\":\"layout\",\"children\":[{\"type\":\"section\",\"props\":{\"animation\":\"fade\",\"id\":\"header\",\"image\":\"wp-content\\\/uploads\\\/2019\\\/10\\\/index-Bild.png\",\"image_position\":\"center-center\",\"image_size\":\"cover\",\"image_width\":\"600\",\"media_overlay\":\"rgba(0, 160, 222, 0.8)\",\"padding\":\"none\",\"style\":\"primary\",\"title_breakpoint\":\"xl\",\"title_position\":\"top-left\",\"title_rotation\":\"left\",\"vertical_align\":\"middle\",\"width\":\"default\"},\"children\":[{\"type\":\"row\",\"children\":[{\"type\":\"column\",\"props\":{\"image_position\":\"center-center\",\"position_sticky_breakpoint\":\"m\",\"vertical_align\":\"middle\",\"width_medium\":\"1-1\"},\"children\":[{\"type\":\"headline\",\"props\":{\"content\":\"Ansprechpartner\",\"text_align\":\"center\",\"title_element\":\"h1\",\"title_style\":\"heading-small\"}}]}]}],\"name\":\"Header\"},{\"type\":\"section\",\"props\":{\"image_position\":\"center-center\",\"padding\":\"xsmall\",\"style\":\"default\",\"title_breakpoint\":\"xl\",\"title_position\":\"top-left\",\"title_rotation\":\"left\",\"vertical_align\":\"middle\",\"width\":\"default\"},\"children\":[{\"type\":\"row\",\"children\":[{\"type\":\"column\",\"props\":{\"image_position\":\"center-center\",\"position_sticky_breakpoint\":\"m\",\"width_medium\":\"1-1\"},\"children\":[{\"type\":\"module\",\"props\":{\"menu_image_align\":\"center\",\"menu_image_margin\":true,\"menu_style\":\"default\",\"menu_type\":\"nav\",\"type\":\"breadcrumbs\",\"widget\":\"breadcrumbs-2\"}}]}]}],\"name\":\"Breadcrumbs\"},{\"type\":\"section\",\"props\":{\"animation\":\"fade\",\"animation_delay\":false,\"image_position\":\"center-center\",\"padding\":\"large\",\"style\":\"muted\",\"title_breakpoint\":\"xl\",\"title_position\":\"top-left\",\"title_rotation\":\"left\",\"vertical_align\":\"middle\",\"width\":\"default\"},\"children\":[{\"type\":\"row\",\"children\":[{\"type\":\"column\",\"props\":{\"image_position\":\"center-center\",\"position_sticky_breakpoint\":\"m\",\"width_medium\":\"1-1\"},\"children\":[{\"type\":\"grid\",\"props\":{\"content_column_breakpoint\":\"m\",\"filter_align\":\"left\",\"filter_all\":true,\"filter_grid_breakpoint\":\"m\",\"filter_grid_width\":\"auto\",\"filter_position\":\"top\",\"filter_style\":\"tab\",\"grid_default\":\"1\",\"grid_large\":\"2\",\"grid_medium\":\"2\",\"grid_small\":\"2\",\"icon_width\":80,\"image_align\":\"top\",\"image_grid_breakpoint\":\"m\",\"image_grid_width\":\"1-2\",\"image_svg_color\":\"emphasis\",\"image_width\":\"600\",\"item_animation\":true,\"link_style\":\"default\",\"link_text\":\"Read more\",\"margin\":\"default\",\"meta_align\":\"below-title\",\"meta_element\":\"div\",\"meta_style\":\"text-meta\",\"panel_image_no_padding\":true,\"panel_padding\":\"default\",\"panel_style\":\"card-default\",\"parallax_easing\":\"1\",\"show_content\":true,\"show_image\":true,\"show_link\":true,\"show_meta\":true,\"show_title\":true,\"title_align\":\"top\",\"title_element\":\"h2\",\"title_grid_breakpoint\":\"m\",\"title_grid_width\":\"1-2\",\"title_hover_style\":\"reset\"},\"children\":[{\"type\":\"grid_item\",\"props\":{\"content\":\"\n\n<p>+49 (0) 6348 95 95-50<br \\\/>+49 (0) 172 9270236<\\\/p>\\n\n\n<p><a class=\\\"el-link\\\" href=\\\"mailto:rb@mylabels.de\\\">rb@mylabels.de<\\\/a><\\\/p>\",\"image\":\"wp-content\\\/uploads\\\/2023\\\/10\\\/Ralf-Bittighoefer-Benutzerdefiniert-1.jpg\",\"meta\":\"Gesch\\u00e4ftsf\\u00fchrer\",\"title\":\"Ralf Bittigh\\u00f6fer\"}},{\"type\":\"grid_item\",\"props\":{\"content\":\"\n\n<p>+49 (0) 6348 95 95-58<br \\\/><br \\\/><\\\/p>\\n\n\n<p><a class=\\\"el-link\\\" href=\\\"mailto:m.trauthwein@mylabels.de\\\">m.trauthwein@mylabels.de<\\\/a><\\\/p>\",\"image\":\"wp-content\\\/uploads\\\/2023\\\/10\\\/Michael-Trauhwein-Benutzerdefiniert.jpg\",\"meta\":\"stellvertretender Gesch\\u00e4ftsf\\u00fchrer\",\"title\":\"Michael Trauthwein\"}},{\"type\":\"grid_item\",\"props\":{\"content\":\"\n\n<p>+49 (0) 6348 95 95 5 - 1<br \\\/><br \\\/><\\\/p>\\n\n\n<p><a href=\\\"mailto:s.biehler@mylabels.de\\\">s.biehler@mylabels.de<\\\/a><\\\/p>\",\"image\":\"wp-content\\\/uploads\\\/2023\\\/10\\\/susanne1.jpg\",\"meta\":\"Vertrieb\",\"title\":\"Susanne Biehler \"}},{\"type\":\"grid_item\",\"props\":{\"content\":\"\n\n<p>+49 (0) 6348 95 95-57<br \\\/><br \\\/><\\\/p>\\n\n\n<p><a class=\\\"el-link\\\" href=\\\"mailto:r.kirsch@mylabels.de\\\">r.kirsch@mylabels.de<\\\/a><\\\/p>\",\"image\":\"wp-content\\\/uploads\\\/2023\\\/10\\\/Ricky-Kirsch-Benutzerdefiniert.jpg\",\"meta\":\"Leitung Technik\",\"title\":\"Ricky Kirsch\"}},{\"type\":\"grid_item\",\"props\":{\"content\":\"\n\n<p>+49 (0) 6348 95 95-59<br \\\/><br \\\/><\\\/p>\\n\n\n<p><a href=\\\"mailto:s.merkel@mylabels.de\\\">s.merkel@mylabels.de<\\\/a><\\\/p>\",\"image\":\"wp-content\\\/uploads\\\/2023\\\/10\\\/Sven-Merkel-Benutzerdefiniert.jpg\",\"meta\":\"Technik\",\"title\":\"Sven Merkel\"}},{\"type\":\"grid_item\",\"props\":{\"content\":\"\n\n<p>+49 (0) 6348 95 95-42<br \\\/><br \\\/><\\\/p>\\n\n\n<p><a href=\\\"mailto:d.burger@mylabels.de\\\" target=\\\"_blank\\\" rel=\\\"noopener\\\">d.burger@mylabels.de<\\\/a><\\\/p>\",\"image\":\"wp-content\\\/uploads\\\/2026\\\/02\\\/duria.webp\",\"meta\":\"Vertrieb\",\"title\":\"Daria Burger\"}}]}]}]}],\"name\":\"Ansprechpartner\"}],\"version\":\"4.3.7\"} --><\/p>\n","protected":false},"excerpt":{"rendered":"<p>Ansprechpartner Ralf Bittigh\u00f6fer Gesch\u00e4ftsf\u00fchrer +49 (0) 6348 95 95-50+49 (0) 172 9270236 rb@mylabels.de Michael Trauthwein stellvertretender Gesch\u00e4ftsf\u00fchrer +49 (0) 6348 95 95-58 m.trauthwein@mylabels.de Susanne Biehler Vertrieb +49 (0) 6348 95 95 5 &#8211; 1 s.biehler@mylabels.de Ricky Kirsch Leitung Technik +49 (0) 6348 95 95-57 r.kirsch@mylabels.de Sven Merkel Technik +49 (0) 6348 95 95-59 s.merkel@mylabels.de Daria [&hellip;]<\/p>\n","protected":false},"author":10,"featured_media":0,"parent":48,"menu_order":0,"comment_status":"closed","ping_status":"closed","template":"","meta":{"footnotes":""},"class_list":["post-1216","page","type-page","status-publish","hentry"],"_links":{"self":[{"href":"https:\/\/www.mylabels.de\/de\/wp-json\/wp\/v2\/pages\/1216","targetHints":{"allow":["GET"]}}],"collection":[{"href":"https:\/\/www.mylabels.de\/de\/wp-json\/wp\/v2\/pages"}],"about":[{"href":"https:\/\/www.mylabels.de\/de\/wp-json\/wp\/v2\/types\/page"}],"author":[{"embeddable":true,"href":"https:\/\/www.mylabels.de\/de\/wp-json\/wp\/v2\/users\/10"}],"replies":[{"embeddable":true,"href":"https:\/\/www.mylabels.de\/de\/wp-json\/wp\/v2\/comments?post=1216"}],"version-history":[{"count":11,"href":"https:\/\/www.mylabels.de\/de\/wp-json\/wp\/v2\/pages\/1216\/revisions"}],"predecessor-version":[{"id":5406,"href":"https:\/\/www.mylabels.de\/de\/wp-json\/wp\/v2\/pages\/1216\/revisions\/5406"}],"up":[{"embeddable":true,"href":"https:\/\/www.mylabels.de\/de\/wp-json\/wp\/v2\/pages\/48"}],"wp:attachment":[{"href":"https:\/\/www.mylabels.de\/de\/wp-json\/wp\/v2\/media?parent=1216"}],"curies":[{"name":"wp","href":"https:\/\/api.w.org\/{rel}","templated":true}]}}