{"id":1218,"date":"2019-09-03T10:25:53","date_gmt":"2019-09-03T08:25:53","guid":{"rendered":"http:\/\/dev.sun-concept.de\/wp-mylabels\/?page_id=1218"},"modified":"2025-08-27T13:59:40","modified_gmt":"2025-08-27T11:59:40","slug":"downloads","status":"publish","type":"page","link":"https:\/\/www.mylabels.de\/de\/unternehmen\/downloads\/","title":{"rendered":"Downloads"},"content":{"rendered":"<h1>Downloads<\/h1>\n<h2>Zertifikate<\/h2>\n<ul>\n<li>\n<p><a href=\"https:\/\/www.mylabels.de\/wp-content\/uploads\/2023\/08\/Zertifikat-ISO-9001-2015-Deutsch-ab-17.07.2023.pdf\"><\/p>\n<p>Zertifikat ISO 9001:2015 (Deutsch)<\/p>\n<p><\/a><\/p>\n<\/li>\n<li>\n<p><a href=\"\/wp-content\/uploads\/2019\/09\/myLabels-UL-Zertifikat.pdf\"><\/p>\n<p>UL-Zertifikat<\/p>\n<p><\/a><\/p>\n<\/li>\n<\/ul>\n<h2>Broch\u00fcren<\/h2>\n<ul>\n<li>\n<p><a href=\"\/wp-content\/uploads\/2019\/09\/myLabels-broschuere.pdf\"><\/p>\n<p>Imagebrosch\u00fcre<\/p>\n<p><\/a><\/p>\n<\/li>\n<li>\n<p><a href=\"\/wp-content\/uploads\/2020\/03\/MyLabels_Flyer_Fleischerhandwerk.pdf\"><\/p>\n<p>Brosch\u00fcre &#8222;Fleischerhandwerk&#8220;<\/p>\n<p><\/a><\/p>\n<\/li>\n<li>\n<p><a href=\"https:\/\/www.mylabels.de\/wp-content\/uploads\/2024\/02\/161214-Branche_Textil.pdf\"><\/p>\n<p>Branche &#8222;Textil&#8220;<\/p>\n<p><\/a><\/p>\n<\/li>\n<li>\n<p><a href=\"https:\/\/www.mylabels.de\/wp-content\/uploads\/2024\/02\/myLabels_Wartungsvereinbarung.pdf\"><\/p>\n<p>Wartungsvereinbarung<\/p>\n<p><\/a><\/p>\n<\/li>\n<\/ul>\n<hr>\n<h2>Allgemein<\/h2>\n<ul>\n<li>\n<p><a href=\"https:\/\/www.mylabels.de\/wp-content\/uploads\/2025\/08\/AGB-myLabels-Aug2025-bilingual-1.pdf\"><\/p>\n<p>Allgemeine Gesch\u00e4ftsbedingungen<\/p>\n<p><\/a><\/p>\n<\/li>\n<li>\n<p><a href=\"\/wp-content\/uploads\/2019\/09\/myLabels-Code-of-Conduct.pdf\"><\/p>\n<p>Code of Conduct<\/p>\n<p><\/a><\/p>\n<\/li>\n<\/ul>\n<p><!--more--><br \/>\n<!-- {\"name\":\"Services\",\"type\":\"layout\",\"children\":[{\"type\":\"section\",\"props\":{\"animation\":\"fade\",\"id\":\"header\",\"image\":\"wp-content\\\/uploads\\\/2019\\\/10\\\/index-Bild.png\",\"image_position\":\"center-center\",\"image_size\":\"cover\",\"image_width\":\"400\",\"media_overlay\":\"rgba(0, 160, 222, 0.8)\",\"padding\":\"none\",\"style\":\"primary\",\"title_breakpoint\":\"xl\",\"title_position\":\"top-left\",\"title_rotation\":\"left\",\"vertical_align\":\"middle\",\"width\":\"default\"},\"children\":[{\"type\":\"row\",\"children\":[{\"type\":\"column\",\"props\":{\"image_position\":\"center-center\",\"position_sticky_breakpoint\":\"m\",\"vertical_align\":\"middle\",\"width_medium\":\"1-1\"},\"children\":[{\"type\":\"headline\",\"props\":{\"content\":\"Downloads\",\"text_align\":\"center\",\"title_element\":\"h1\",\"title_style\":\"heading-small\"}}]}]}],\"name\":\"Header\"},{\"type\":\"section\",\"props\":{\"image_position\":\"center-center\",\"padding\":\"xsmall\",\"style\":\"default\",\"title_breakpoint\":\"xl\",\"title_position\":\"top-left\",\"title_rotation\":\"left\",\"vertical_align\":\"middle\",\"width\":\"default\"},\"children\":[{\"type\":\"row\",\"children\":[{\"type\":\"column\",\"props\":{\"image_position\":\"center-center\",\"position_sticky_breakpoint\":\"m\",\"width_medium\":\"1-1\"},\"children\":[{\"type\":\"module\",\"props\":{\"menu_image_align\":\"center\",\"menu_image_margin\":true,\"menu_style\":\"default\",\"menu_type\":\"nav\",\"type\":\"breadcrumbs\",\"widget\":\"breadcrumbs-2\"}}]}]}],\"name\":\"Breadcrumbs\"},{\"name\":\"Intro\",\"type\":\"section\",\"props\":{\"animation\":\"fade\",\"animation_delay\":false,\"image_position\":\"center-center\",\"image_size\":\"cover\",\"padding\":\"large\",\"style\":\"muted\",\"title_breakpoint\":\"xl\",\"title_position\":\"top-left\",\"title_rotation\":\"left\",\"vertical_align\":\"middle\",\"width\":\"default\"},\"children\":[{\"type\":\"row\",\"props\":{\"divider\":true,\"layout\":\"1-2,1-2\"},\"children\":[{\"type\":\"column\",\"props\":{\"image_position\":\"center-center\",\"position_sticky_breakpoint\":\"m\",\"width_medium\":\"1-2\"},\"children\":[{\"type\":\"headline\",\"props\":{\"content\":\"Zertifikate\",\"margin\":\"small\",\"title_element\":\"h2\",\"title_style\":\"h3\"}},{\"type\":\"list\",\"props\":{\"column_breakpoint\":\"m\",\"content_style\":\"text-bold\",\"css\":\".el-element p { margin: 0; }\",\"icon\":\"file-pdf\",\"icon_color\":\"primary\",\"icon_width\":60,\"image_align\":\"left\",\"image_svg_color\":\"emphasis\",\"image_vertical_align\":true,\"list_element\":\"ul\",\"list_horizontal_separator\":\", \",\"list_size\":\"large\",\"list_type\":\"vertical\",\"show_image\":true,\"show_link\":true},\"children\":[{\"type\":\"list_item\",\"props\":{\"content\":\"\n\n<p>Zertifikat ISO 9001:2015 (Deutsch)<\\\/p>\",\"link\":\"https:\\\/\\\/www.mylabels.de\\\/wp-content\\\/uploads\\\/2023\\\/08\\\/Zertifikat-ISO-9001-2015-Deutsch-ab-17.07.2023.pdf\",\"link_target\":true}},{\"type\":\"list_item\",\"props\":{\"content\":\"\n\n<p>UL-Zertifikat<\\\/p>\",\"link\":\"wp-content\\\/uploads\\\/2019\\\/09\\\/myLabels-UL-Zertifikat.pdf\"}}]}]},{\"type\":\"column\",\"props\":{\"image_position\":\"center-center\",\"position_sticky_breakpoint\":\"m\",\"width_medium\":\"1-2\"},\"children\":[{\"type\":\"headline\",\"props\":{\"content\":\"Broch\\u00fcren\",\"margin\":\"small\",\"title_element\":\"h2\",\"title_style\":\"h3\"}},{\"type\":\"list\",\"props\":{\"column_breakpoint\":\"m\",\"content_style\":\"text-bold\",\"css\":\".el-element p { margin: 0; }\",\"icon\":\"file-pdf\",\"icon_color\":\"primary\",\"icon_width\":60,\"image_align\":\"left\",\"image_svg_color\":\"emphasis\",\"image_vertical_align\":true,\"list_element\":\"ul\",\"list_horizontal_separator\":\", \",\"list_size\":\"large\",\"list_type\":\"vertical\",\"show_image\":true,\"show_link\":true},\"children\":[{\"type\":\"list_item\",\"props\":{\"content\":\"\n\n<p>Imagebrosch\\u00fcre<\\\/p>\",\"link\":\"wp-content\\\/uploads\\\/2019\\\/09\\\/myLabels-broschuere.pdf\"}},{\"type\":\"list_item\",\"props\":{\"content\":\"\n\n<p>Brosch\\u00fcre \\\"Fleischerhandwerk\\\"<\\\/p>\",\"link\":\"wp-content\\\/uploads\\\/2020\\\/03\\\/MyLabels_Flyer_Fleischerhandwerk.pdf\"}},{\"type\":\"list_item\",\"props\":{\"content\":\"\n\n<p>Branche \\\"Textil\\\"<\\\/p>\",\"link\":\"https:\\\/\\\/www.mylabels.de\\\/wp-content\\\/uploads\\\/2024\\\/02\\\/161214-Branche_Textil.pdf\"}},{\"type\":\"list_item\",\"props\":{\"content\":\"\n\n<p>Wartungsvereinbarung<\\\/p>\",\"link\":\"https:\\\/\\\/www.mylabels.de\\\/wp-content\\\/uploads\\\/2024\\\/02\\\/myLabels_Wartungsvereinbarung.pdf\"}}]},{\"type\":\"divider\",\"props\":{\"divider_element\":\"hr\"}},{\"type\":\"headline\",\"props\":{\"content\":\"Allgemein\",\"margin\":\"small\",\"title_element\":\"h2\",\"title_style\":\"h3\"}},{\"type\":\"list\",\"props\":{\"column_breakpoint\":\"m\",\"content_style\":\"text-bold\",\"css\":\".el-element p { margin: 0; }\",\"icon\":\"file-pdf\",\"icon_color\":\"primary\",\"icon_width\":60,\"image_align\":\"left\",\"image_svg_color\":\"emphasis\",\"image_vertical_align\":true,\"list_element\":\"ul\",\"list_horizontal_separator\":\", \",\"list_size\":\"large\",\"list_type\":\"vertical\",\"show_image\":true,\"show_link\":true},\"children\":[{\"type\":\"list_item\",\"props\":{\"content\":\"\n\n<p>Allgemeine Gesch\\u00e4ftsbedingungen<\\\/p>\",\"link\":\"https:\\\/\\\/www.mylabels.de\\\/wp-content\\\/uploads\\\/2025\\\/08\\\/AGB-myLabels-Aug2025-bilingual-1.pdf\"}},{\"type\":\"list_item\",\"props\":{\"content\":\"\n\n<p>Code of Conduct<\\\/p>\",\"link\":\"wp-content\\\/uploads\\\/2019\\\/09\\\/myLabels-Code-of-Conduct.pdf\"}}]}]}]}]}],\"version\":\"4.3.7\"} --><\/p>\n","protected":false},"excerpt":{"rendered":"<p>Downloads Zertifikate Zertifikat ISO 9001:2015 (Deutsch) UL-Zertifikat Broch\u00fcren Imagebrosch\u00fcre Brosch\u00fcre &#8222;Fleischerhandwerk&#8220; Branche &#8222;Textil&#8220; Wartungsvereinbarung Allgemein Allgemeine Gesch\u00e4ftsbedingungen Code of Conduct<\/p>\n","protected":false},"author":10,"featured_media":0,"parent":48,"menu_order":0,"comment_status":"closed","ping_status":"closed","template":"","meta":{"footnotes":""},"class_list":["post-1218","page","type-page","status-publish","hentry"],"_links":{"self":[{"href":"https:\/\/www.mylabels.de\/de\/wp-json\/wp\/v2\/pages\/1218","targetHints":{"allow":["GET"]}}],"collection":[{"href":"https:\/\/www.mylabels.de\/de\/wp-json\/wp\/v2\/pages"}],"about":[{"href":"https:\/\/www.mylabels.de\/de\/wp-json\/wp\/v2\/types\/page"}],"author":[{"embeddable":true,"href":"https:\/\/www.mylabels.de\/de\/wp-json\/wp\/v2\/users\/10"}],"replies":[{"embeddable":true,"href":"https:\/\/www.mylabels.de\/de\/wp-json\/wp\/v2\/comments?post=1218"}],"version-history":[{"count":6,"href":"https:\/\/www.mylabels.de\/de\/wp-json\/wp\/v2\/pages\/1218\/revisions"}],"predecessor-version":[{"id":5372,"href":"https:\/\/www.mylabels.de\/de\/wp-json\/wp\/v2\/pages\/1218\/revisions\/5372"}],"up":[{"embeddable":true,"href":"https:\/\/www.mylabels.de\/de\/wp-json\/wp\/v2\/pages\/48"}],"wp:attachment":[{"href":"https:\/\/www.mylabels.de\/de\/wp-json\/wp\/v2\/media?parent=1218"}],"curies":[{"name":"wp","href":"https:\/\/api.w.org\/{rel}","templated":true}]}}