{"id":172,"date":"2019-06-28T14:29:33","date_gmt":"2019-06-28T12:29:33","guid":{"rendered":"http:\/\/dev.sun-concept.de\/wp-mylabels\/?page_id=172"},"modified":"2023-03-20T17:37:08","modified_gmt":"2023-03-20T16:37:08","slug":"sicherheitsetiketten","status":"publish","type":"page","link":"https:\/\/www.mylabels.de\/de\/produkte\/sicherheitsetiketten\/","title":{"rendered":"Sicherheits-Etiketten"},"content":{"rendered":"<h1>Sicherheits-Etiketten<\/h1>\n<h2>Schutz f\u00fcr Ihre Produkte<\/h2>\n<div>\n<p>Die Sicherheitskennzeichnung spielt in vielen Branchen eine immer gr\u00f6\u00dfer werdende Rolle. Es geht hierbei um Themen wie Kopierschutz, Diebstahlsicherung und F\u00e4lschungssicherheit.<\/p>\n<p>Sicherheits-Etiketten sollen Manipulationen an Verpackungen verhindern bzw. nachweisbar machen und F\u00e4lschungen leicht erkennen lassen. Dies kann durch die Zerst\u00f6rung der Verpackung beim \u00d6ffnen oder das Hinterlassen eines Musters (z.B. Schachbrett) auf dem Untergrund erfolgen, wobei das Etikett zerst\u00f6rt wird.<\/p>\n<\/div>\n<p><img decoding=\"async\" src=\"\/wp-content\/uploads\/2019\/11\/Sicherheitsetikett2.jpg\" alt=\" Sicherheitsetikett mit Schachbrettmuster \"><\/p>\n<div>Anwendungsbeispiele f\u00fcr Sicherheits-Etiketten<\/div>\n<ul>\n<li>\n<p>        <img decoding=\"async\" src=\"\/wp-content\/uploads\/2019\/11\/IMG_0046.jpg\" alt=\"Schachtel mit Sicherheitsetiketten\"><\/p>\n<h3>Manipulationsschutz<\/h3>\n<p>Pharma<\/p>\n<\/li>\n<li>\n<p>        <img decoding=\"async\" src=\"\/wp-content\/uploads\/2019\/11\/Sicherheitsetikett2.jpg\" alt=\"Sicherheitsetiketten verklebt auf Metall\"><\/p>\n<h3>F\u00e4lschungsschutz<\/h3>\n<p>Automotive<\/p>\n<\/li>\n<\/ul>\n<p><!--more--><br \/>\n<!-- {\"name\":\"Barcode-Etiketten (leer)\",\"type\":\"layout\",\"children\":[{\"type\":\"section\",\"props\":{\"animation\":\"fade\",\"id\":\"header\",\"image\":\"wp-content\\\/uploads\\\/2019\\\/11\\\/IMG_0046.jpg\",\"image_position\":\"center-center\",\"image_size\":\"cover\",\"image_width\":\"400\",\"media_overlay\":\"rgba(0, 160, 222, 0.8)\",\"padding\":\"none\",\"style\":\"primary\",\"title_breakpoint\":\"xl\",\"title_position\":\"top-left\",\"title_rotation\":\"left\",\"vertical_align\":\"middle\",\"width\":\"default\"},\"children\":[{\"type\":\"row\",\"children\":[{\"type\":\"column\",\"props\":{\"image_position\":\"center-center\",\"media_overlay_gradient\":\"\",\"position_sticky_breakpoint\":\"m\",\"vertical_align\":\"middle\",\"width_medium\":\"1-1\"},\"children\":[{\"type\":\"headline\",\"props\":{\"content\":\"Sicherheits-Etiketten\",\"text_align\":\"center\",\"title_element\":\"h1\",\"title_style\":\"heading-small\"}}]}]}],\"name\":\"Header\"},{\"type\":\"section\",\"props\":{\"image_position\":\"center-center\",\"padding\":\"xsmall\",\"style\":\"default\",\"title_breakpoint\":\"xl\",\"title_position\":\"top-left\",\"title_rotation\":\"left\",\"vertical_align\":\"middle\",\"width\":\"default\"},\"children\":[{\"type\":\"row\",\"children\":[{\"type\":\"column\",\"props\":{\"image_position\":\"center-center\",\"media_overlay_gradient\":\"\",\"position_sticky_breakpoint\":\"m\",\"width_medium\":\"1-1\"},\"children\":[{\"type\":\"module\",\"props\":{\"menu_image_align\":\"center\",\"menu_image_margin\":true,\"menu_style\":\"default\",\"menu_type\":\"nav\",\"type\":\"breadcrumbs\",\"widget\":\"breadcrumbs-2\"}}]}]}],\"name\":\"Breadcrumbs\"},{\"type\":\"section\",\"props\":{\"animation\":\"fade\",\"image_position\":\"center-center\",\"padding\":\"large\",\"style\":\"muted\",\"title_breakpoint\":\"xl\",\"title_position\":\"top-left\",\"title_rotation\":\"left\",\"vertical_align\":\"middle\",\"width\":\"default\"},\"children\":[{\"type\":\"row\",\"props\":{\"column_gap\":\"large\",\"layout\":\"1-2,1-2\",\"match\":false,\"row_gap\":\"large\"},\"children\":[{\"type\":\"column\",\"props\":{\"image_position\":\"center-center\",\"media_overlay_gradient\":\"\",\"position_sticky_breakpoint\":\"m\",\"vertical_align\":\"middle\",\"width_medium\":\"1-2\"},\"children\":[{\"name\":\"\",\"type\":\"headline\",\"props\":{\"content\":\"Schutz f\\u00fcr Ihre Produkte\",\"title_element\":\"h2\"}},{\"type\":\"divider\",\"props\":{\"divider_align\":\"\",\"divider_align_breakpoint\":\"\",\"divider_align_fallback\":\"\",\"divider_element\":\"div\",\"divider_style\":\"small\",\"margin\":\"medium\",\"margin_remove_top\":true}},{\"type\":\"text\",\"props\":{\"column_breakpoint\":\"m\",\"content\":\"\n\n<p>Die Sicherheitskennzeichnung spielt in vielen Branchen eine immer gr\\u00f6\\u00dfer werdende Rolle. Es geht hierbei um Themen wie Kopierschutz, Diebstahlsicherung und F\\u00e4lschungssicherheit.<\\\/p>\\n\n\n<p>Sicherheits-Etiketten sollen Manipulationen an Verpackungen verhindern bzw. nachweisbar machen und F\\u00e4lschungen leicht erkennen lassen. Dies kann durch die Zerst\\u00f6rung der Verpackung beim \\u00d6ffnen oder das Hinterlassen eines Musters (z.B. Schachbrett) auf dem Untergrund erfolgen, wobei das Etikett zerst\\u00f6rt wird.<\\\/p>\",\"margin\":\"default\"}}]},{\"type\":\"column\",\"props\":{\"image_position\":\"center-center\",\"media_overlay_gradient\":\"\",\"order_first\":\"m\",\"position_sticky_breakpoint\":\"m\",\"width_medium\":\"1-2\"},\"children\":[{\"type\":\"image\",\"props\":{\"image\":\"wp-content\\\/uploads\\\/2019\\\/11\\\/Sicherheitsetikett2.jpg\",\"image_alt\":\" Sicherheitsetikett mit Schachbrettmuster \",\"image_height\":\"680\",\"image_svg_color\":\"emphasis\",\"image_width\":\"680\",\"margin\":\"default\"}}]}]}],\"name\":\"Intro\"},{\"type\":\"section\",\"props\":{\"animation\":\"fade\",\"image_position\":\"center-center\",\"padding\":\"large\",\"style\":\"secondary\",\"title_breakpoint\":\"xl\",\"title_position\":\"top-left\",\"title_rotation\":\"left\",\"vertical_align\":\"middle\",\"width\":\"default\"},\"children\":[{\"type\":\"row\",\"children\":[{\"type\":\"column\",\"props\":{\"image_position\":\"center-center\",\"media_overlay_gradient\":\"\",\"position_sticky_breakpoint\":\"m\",\"width_medium\":\"1-1\"},\"children\":[{\"type\":\"headline\",\"props\":{\"content\":\"Anwendungsbeispiele f\\u00fcr Sicherheits-Etiketten\",\"title_element\":\"div\",\"title_style\":\"h2\"}},{\"type\":\"divider\",\"props\":{\"divider_align\":\"\",\"divider_align_breakpoint\":\"\",\"divider_align_fallback\":\"\",\"divider_element\":\"div\",\"divider_style\":\"small\"}}]}]},{\"type\":\"row\",\"children\":[{\"type\":\"column\",\"props\":{\"image_position\":\"center-center\",\"media_overlay_gradient\":\"\",\"position_sticky_breakpoint\":\"m\",\"width_medium\":\"1-1\"},\"children\":[{\"type\":\"grid\",\"props\":{\"content_column_breakpoint\":\"m\",\"filter_align\":\"left\",\"filter_all\":true,\"filter_grid_breakpoint\":\"m\",\"filter_grid_width\":\"auto\",\"filter_position\":\"top\",\"filter_style\":\"tab\",\"grid_default\":\"1\",\"grid_medium\":\"2\",\"grid_small\":\"2\",\"icon_width\":80,\"image_align\":\"top\",\"image_grid_breakpoint\":\"m\",\"image_grid_width\":\"1-2\",\"image_height\":\"450\",\"image_svg_color\":\"emphasis\",\"image_width\":\"600\",\"item_animation\":true,\"link_style\":\"default\",\"link_text\":\"Read more\",\"margin\":\"default\",\"meta_align\":\"below-title\",\"meta_element\":\"div\",\"meta_margin\":\"small\",\"meta_style\":\"text-meta\",\"panel_image_no_padding\":true,\"panel_padding\":\"small\",\"panel_style\":\"card-secondary\",\"parallax_easing\":\"1\",\"show_content\":true,\"show_image\":true,\"show_link\":true,\"show_meta\":true,\"show_title\":true,\"title_align\":\"top\",\"title_element\":\"h3\",\"title_grid_breakpoint\":\"m\",\"title_grid_width\":\"1-2\",\"title_hover_style\":\"reset\"},\"children\":[{\"type\":\"grid_item\",\"props\":{\"content\":\"\",\"image\":\"wp-content\\\/uploads\\\/2019\\\/11\\\/IMG_0046.jpg\",\"image_alt\":\"Schachtel mit Sicherheitsetiketten\",\"meta\":\"Pharma\",\"title\":\"Manipulationsschutz\"}},{\"type\":\"grid_item\",\"props\":{\"image\":\"wp-content\\\/uploads\\\/2019\\\/11\\\/Sicherheitsetikett2.jpg\",\"image_alt\":\"Sicherheitsetiketten verklebt auf Metall\",\"meta\":\"Automotive\",\"title\":\"F\\u00e4lschungsschutz\"}}]}]}]}],\"name\":\"Anwendungsbeispiele\"}],\"version\":\"3.0.20\"} --><\/p>\n","protected":false},"excerpt":{"rendered":"<p>Sicherheits-Etiketten Schutz f\u00fcr Ihre Produkte Die Sicherheitskennzeichnung spielt in vielen Branchen eine immer gr\u00f6\u00dfer werdende Rolle. Es geht hierbei um Themen wie Kopierschutz, Diebstahlsicherung und F\u00e4lschungssicherheit. Sicherheits-Etiketten sollen Manipulationen an Verpackungen verhindern bzw. nachweisbar machen und F\u00e4lschungen leicht erkennen lassen. Dies kann durch die Zerst\u00f6rung der Verpackung beim \u00d6ffnen oder das Hinterlassen eines Musters (z.B. [&hellip;]<\/p>\n","protected":false},"author":10,"featured_media":0,"parent":50,"menu_order":0,"comment_status":"closed","ping_status":"closed","template":"","meta":{"footnotes":""},"class_list":["post-172","page","type-page","status-publish","hentry"],"_links":{"self":[{"href":"https:\/\/www.mylabels.de\/de\/wp-json\/wp\/v2\/pages\/172","targetHints":{"allow":["GET"]}}],"collection":[{"href":"https:\/\/www.mylabels.de\/de\/wp-json\/wp\/v2\/pages"}],"about":[{"href":"https:\/\/www.mylabels.de\/de\/wp-json\/wp\/v2\/types\/page"}],"author":[{"embeddable":true,"href":"https:\/\/www.mylabels.de\/de\/wp-json\/wp\/v2\/users\/10"}],"replies":[{"embeddable":true,"href":"https:\/\/www.mylabels.de\/de\/wp-json\/wp\/v2\/comments?post=172"}],"version-history":[{"count":5,"href":"https:\/\/www.mylabels.de\/de\/wp-json\/wp\/v2\/pages\/172\/revisions"}],"predecessor-version":[{"id":5232,"href":"https:\/\/www.mylabels.de\/de\/wp-json\/wp\/v2\/pages\/172\/revisions\/5232"}],"up":[{"embeddable":true,"href":"https:\/\/www.mylabels.de\/de\/wp-json\/wp\/v2\/pages\/50"}],"wp:attachment":[{"href":"https:\/\/www.mylabels.de\/de\/wp-json\/wp\/v2\/media?parent=172"}],"curies":[{"name":"wp","href":"https:\/\/api.w.org\/{rel}","templated":true}]}}