{"id":184,"date":"2019-06-28T14:30:56","date_gmt":"2019-06-28T12:30:56","guid":{"rendered":"http:\/\/dev.sun-concept.de\/wp-mylabels\/?page_id=184"},"modified":"2023-03-20T17:36:46","modified_gmt":"2023-03-20T16:36:46","slug":"schmuck-etiketten","status":"publish","type":"page","link":"https:\/\/www.mylabels.de\/de\/produkte\/schmuck-etiketten\/","title":{"rendered":"Schmuck-Etiketten"},"content":{"rendered":"<h1>Schmuck-Etiketten<\/h1>\n<h2>Hochwertig veredelte Etiketten<\/h2>\n<div>\n<p>Schmuck-Etiketten sind hochwertig veredelte Etiketten. Diese Veredelung kann durch Folienkaschierung, Schutzlack und Pr\u00e4gungen erzielt werden. Durch die Veredelung werden die Etiketten gesch\u00fctzt und erhalten ein exklusives Aussehen. Dies wiederum erm\u00f6glicht Ihnen die Differenzierung Ihrer Produkte am Point of Sales.<\/p>\n<p>Schmuck-Etiketten finden in vielen Branchen ihre Anwendung. Sowohl in der Kosmetik- und K\u00f6rperpflege, als auch in der Lebensmittel- und Getr\u00e4nkeindustrie werden diese veredelten Etiketten eingesetzt, um den angebotenen Produkten ein unverwechselbares Aussehen zu verleihen.<\/p>\n<\/div>\n<p><img decoding=\"async\" src=\"\/wp-content\/uploads\/2019\/11\/184992648_eli_asenova_Schmucketikett_small.jpg\" alt=\"Sektflasche mit Schmucketikett\"><\/p>\n<h2>Anwendungsbeispiele f\u00fcr Schmuck-Etiketten<\/h2>\n<ul>\n<li>\n<p>        <img decoding=\"async\" src=\"\/wp-content\/uploads\/2019\/11\/134812738_scanrail_Schmucketikett.jpg\" alt=\"Cognacflaschen mit  Schmucketiketten\"><\/p>\n<h3>Produktkennzeichnung<\/h3>\n<p>Lebensmittel<\/p>\n<\/li>\n<li>\n<p>        <img decoding=\"async\" src=\"\/wp-content\/uploads\/2019\/11\/459006759_PLAINVIEW_Schmucketikett.jpg\" alt=\"Parfumflasche mit Schmucketikett\"><\/p>\n<h3>Produktkennzeichnung<\/h3>\n<p>Kosmetik<\/p>\n<\/li>\n<\/ul>\n<p><!--more--><br \/>\n<!-- {\"name\":\"Barcode-Etiketten (leer)\",\"type\":\"layout\",\"children\":[{\"type\":\"section\",\"props\":{\"animation\":\"fade\",\"id\":\"header\",\"image\":\"wp-content\\\/uploads\\\/2019\\\/11\\\/Schmucketiketten2.jpg\",\"image_position\":\"center-center\",\"image_size\":\"cover\",\"image_width\":\"400\",\"media_overlay\":\"rgba(0, 160, 222, 0.8)\",\"padding\":\"none\",\"style\":\"primary\",\"title_breakpoint\":\"xl\",\"title_position\":\"top-left\",\"title_rotation\":\"left\",\"vertical_align\":\"middle\",\"width\":\"default\"},\"children\":[{\"type\":\"row\",\"children\":[{\"type\":\"column\",\"props\":{\"image_position\":\"center-center\",\"media_overlay_gradient\":\"\",\"position_sticky_breakpoint\":\"m\",\"vertical_align\":\"middle\",\"width_medium\":\"1-1\"},\"children\":[{\"type\":\"headline\",\"props\":{\"content\":\"Schmuck-Etiketten\",\"text_align\":\"center\",\"title_element\":\"h1\",\"title_style\":\"heading-small\"}}]}]}],\"name\":\"Header\"},{\"type\":\"section\",\"props\":{\"image_position\":\"center-center\",\"padding\":\"xsmall\",\"style\":\"default\",\"title_breakpoint\":\"xl\",\"title_position\":\"top-left\",\"title_rotation\":\"left\",\"vertical_align\":\"middle\",\"width\":\"default\"},\"children\":[{\"type\":\"row\",\"children\":[{\"type\":\"column\",\"props\":{\"image_position\":\"center-center\",\"media_overlay_gradient\":\"\",\"position_sticky_breakpoint\":\"m\",\"width_medium\":\"1-1\"},\"children\":[{\"type\":\"module\",\"props\":{\"menu_image_align\":\"center\",\"menu_image_margin\":true,\"menu_style\":\"default\",\"menu_type\":\"nav\",\"type\":\"breadcrumbs\",\"widget\":\"breadcrumbs-2\"}}]}]}],\"name\":\"Breadcrumbs\"},{\"type\":\"section\",\"props\":{\"animation\":\"fade\",\"image_position\":\"center-center\",\"padding\":\"large\",\"style\":\"muted\",\"title_breakpoint\":\"xl\",\"title_position\":\"top-left\",\"title_rotation\":\"left\",\"vertical_align\":\"middle\",\"width\":\"default\"},\"children\":[{\"type\":\"row\",\"props\":{\"column_gap\":\"large\",\"layout\":\"1-2,1-2\",\"match\":false,\"row_gap\":\"large\"},\"children\":[{\"type\":\"column\",\"props\":{\"image_position\":\"center-center\",\"media_overlay_gradient\":\"\",\"position_sticky_breakpoint\":\"m\",\"vertical_align\":\"middle\",\"width_medium\":\"1-2\"},\"children\":[{\"name\":\"\",\"type\":\"headline\",\"props\":{\"content\":\"Hochwertig veredelte Etiketten\",\"title_element\":\"h2\"}},{\"type\":\"divider\",\"props\":{\"divider_align\":\"\",\"divider_align_breakpoint\":\"\",\"divider_align_fallback\":\"\",\"divider_element\":\"div\",\"divider_style\":\"small\",\"margin\":\"medium\",\"margin_remove_top\":true}},{\"type\":\"text\",\"props\":{\"column_breakpoint\":\"m\",\"content\":\"\n\n<p>Schmuck-Etiketten sind hochwertig veredelte Etiketten. Diese Veredelung kann durch Folienkaschierung, Schutzlack und Pr\\u00e4gungen erzielt werden. Durch die Veredelung werden die Etiketten gesch\\u00fctzt und erhalten ein exklusives Aussehen. Dies wiederum erm\\u00f6glicht Ihnen die Differenzierung Ihrer Produkte am Point of Sales.<\\\/p>\\n\n\n<p>Schmuck-Etiketten finden in vielen Branchen ihre Anwendung. Sowohl in der Kosmetik- und K\\u00f6rperpflege, als auch in der Lebensmittel- und Getr\\u00e4nkeindustrie werden diese veredelten Etiketten eingesetzt, um den angebotenen Produkten ein unverwechselbares Aussehen zu verleihen.<\\\/p>\",\"margin\":\"default\"}}]},{\"type\":\"column\",\"props\":{\"image_position\":\"center-center\",\"media_overlay_gradient\":\"\",\"order_first\":\"m\",\"position_sticky_breakpoint\":\"m\",\"width_medium\":\"1-2\"},\"children\":[{\"type\":\"image\",\"props\":{\"image\":\"wp-content\\\/uploads\\\/2019\\\/11\\\/184992648_eli_asenova_Schmucketikett_small.jpg\",\"image_alt\":\"Sektflasche mit Schmucketikett\",\"image_height\":\"680\",\"image_svg_color\":\"emphasis\",\"image_width\":\"680\",\"margin\":\"default\"}}]}]}],\"name\":\"Intro\"},{\"type\":\"section\",\"props\":{\"animation\":\"fade\",\"image_position\":\"center-center\",\"padding\":\"large\",\"style\":\"secondary\",\"title_breakpoint\":\"xl\",\"title_position\":\"top-left\",\"title_rotation\":\"left\",\"vertical_align\":\"middle\",\"width\":\"default\"},\"children\":[{\"type\":\"row\",\"children\":[{\"type\":\"column\",\"props\":{\"image_position\":\"center-center\",\"media_overlay_gradient\":\"\",\"position_sticky_breakpoint\":\"m\",\"width_medium\":\"1-1\"},\"children\":[{\"type\":\"headline\",\"props\":{\"content\":\"Anwendungsbeispiele f\\u00fcr Schmuck-Etiketten\",\"title_element\":\"h2\",\"title_style\":\"h2\"}},{\"type\":\"divider\",\"props\":{\"divider_align\":\"\",\"divider_align_breakpoint\":\"\",\"divider_align_fallback\":\"\",\"divider_element\":\"div\",\"divider_style\":\"small\",\"margin\":\"medium\",\"margin_remove_top\":true}}]}]},{\"type\":\"row\",\"children\":[{\"type\":\"column\",\"props\":{\"image_position\":\"center-center\",\"media_overlay_gradient\":\"\",\"position_sticky_breakpoint\":\"m\",\"width_medium\":\"1-1\"},\"children\":[{\"type\":\"grid\",\"props\":{\"content_column_breakpoint\":\"m\",\"filter_align\":\"left\",\"filter_all\":true,\"filter_grid_breakpoint\":\"m\",\"filter_grid_width\":\"auto\",\"filter_position\":\"top\",\"filter_style\":\"tab\",\"grid_default\":\"1\",\"grid_medium\":\"2\",\"grid_small\":\"2\",\"icon_width\":80,\"image_align\":\"top\",\"image_grid_breakpoint\":\"m\",\"image_grid_width\":\"1-2\",\"image_height\":\"600\",\"image_svg_color\":\"emphasis\",\"image_width\":\"600\",\"item_animation\":true,\"link_style\":\"default\",\"link_text\":\"Read more\",\"margin\":\"default\",\"meta_align\":\"below-title\",\"meta_element\":\"div\",\"meta_margin\":\"small\",\"meta_style\":\"text-meta\",\"panel_image_no_padding\":true,\"panel_padding\":\"small\",\"panel_style\":\"card-secondary\",\"parallax_easing\":\"1\",\"show_content\":true,\"show_image\":true,\"show_link\":true,\"show_meta\":true,\"show_title\":true,\"title_align\":\"top\",\"title_element\":\"h3\",\"title_grid_breakpoint\":\"m\",\"title_grid_width\":\"1-2\",\"title_hover_style\":\"reset\"},\"children\":[{\"type\":\"grid_item\",\"props\":{\"image\":\"wp-content\\\/uploads\\\/2019\\\/11\\\/134812738_scanrail_Schmucketikett.jpg\",\"image_alt\":\"Cognacflaschen mit  Schmucketiketten\",\"meta\":\"Lebensmittel\",\"title\":\"Produktkennzeichnung\"}},{\"type\":\"grid_item\",\"props\":{\"image\":\"wp-content\\\/uploads\\\/2019\\\/11\\\/459006759_PLAINVIEW_Schmucketikett.jpg\",\"image_alt\":\"Parfumflasche mit Schmucketikett\",\"meta\":\"Kosmetik\",\"title\":\"Produktkennzeichnung\"}}]}]}]}],\"name\":\"Anwendungsbeispiele\"}],\"version\":\"3.0.20\"} --><\/p>\n","protected":false},"excerpt":{"rendered":"<p>Schmuck-Etiketten Hochwertig veredelte Etiketten Schmuck-Etiketten sind hochwertig veredelte Etiketten. Diese Veredelung kann durch Folienkaschierung, Schutzlack und Pr\u00e4gungen erzielt werden. Durch die Veredelung werden die Etiketten gesch\u00fctzt und erhalten ein exklusives Aussehen. Dies wiederum erm\u00f6glicht Ihnen die Differenzierung Ihrer Produkte am Point of Sales. Schmuck-Etiketten finden in vielen Branchen ihre Anwendung. Sowohl in der Kosmetik- und [&hellip;]<\/p>\n","protected":false},"author":10,"featured_media":0,"parent":50,"menu_order":0,"comment_status":"closed","ping_status":"closed","template":"","meta":{"footnotes":""},"class_list":["post-184","page","type-page","status-publish","hentry"],"_links":{"self":[{"href":"https:\/\/www.mylabels.de\/de\/wp-json\/wp\/v2\/pages\/184","targetHints":{"allow":["GET"]}}],"collection":[{"href":"https:\/\/www.mylabels.de\/de\/wp-json\/wp\/v2\/pages"}],"about":[{"href":"https:\/\/www.mylabels.de\/de\/wp-json\/wp\/v2\/types\/page"}],"author":[{"embeddable":true,"href":"https:\/\/www.mylabels.de\/de\/wp-json\/wp\/v2\/users\/10"}],"replies":[{"embeddable":true,"href":"https:\/\/www.mylabels.de\/de\/wp-json\/wp\/v2\/comments?post=184"}],"version-history":[{"count":5,"href":"https:\/\/www.mylabels.de\/de\/wp-json\/wp\/v2\/pages\/184\/revisions"}],"predecessor-version":[{"id":5231,"href":"https:\/\/www.mylabels.de\/de\/wp-json\/wp\/v2\/pages\/184\/revisions\/5231"}],"up":[{"embeddable":true,"href":"https:\/\/www.mylabels.de\/de\/wp-json\/wp\/v2\/pages\/50"}],"wp:attachment":[{"href":"https:\/\/www.mylabels.de\/de\/wp-json\/wp\/v2\/media?parent=184"}],"curies":[{"name":"wp","href":"https:\/\/api.w.org\/{rel}","templated":true}]}}