{"id":218,"date":"2019-06-28T15:08:09","date_gmt":"2019-06-28T13:08:09","guid":{"rendered":"http:\/\/dev.sun-concept.de\/wp-mylabels\/?page_id=218"},"modified":"2023-03-20T17:33:09","modified_gmt":"2023-03-20T16:33:09","slug":"thermotransferfolien-farbbaender","status":"publish","type":"page","link":"https:\/\/www.mylabels.de\/de\/produkte\/thermotransferfolien-farbbaender\/","title":{"rendered":"Thermotransferfolien\/Farbb\u00e4nder"},"content":{"rendered":"<h1>Thermo&shy;transferfolien\/&shy;Farbb\u00e4nder<\/h1>\n<h2>Thermotransferfolie f\u00fcr hochwertige Etiketten<\/h2>\n<div>\n<p>Die Thermotransferfolien der myLabels GmbH zeichnen sich durch hohe Qualit\u00e4t, gute Kratzfestigkeit und lange Best\u00e4ndigkeit aus.<\/p>\n<\/div>\n<h3>Was ist Thermotransferfolie?<\/h3>\n<div>\n<p>Thermotransferfolie ist auch unter den Bezeichnungen Ribbon- und Farbband bekannt. Es handelt sich um eine Folie aus drei Schichten, wobei die Mitte aus einem Polyesterfilm besteht. Die eine Seite ist mit einer Farbschicht aus Wachs, Wachs-Harz oder Harz beschichtet, die andere Seite der Thermotransferfolie tr\u00e4gt eine Schicht aus Silikon zum Schutz vor Verschlei\u00df und statischer Aufladung. Der Druckkopf des Etikettendruckers erzeugt eine Temperatur von mindestens 60\u00b0C. Durch die Hitze \u00fcbertr\u00e4gt sich die Farbschicht auf das Etikett. Lesbarkeit und Best\u00e4ndigkeit des Drucks h\u00e4ngen von der gew\u00e4hlten Qualit\u00e4t der Thermotransferfolie ab.<\/p>\n<\/div>\n<p><img decoding=\"async\" src=\"\/wp-content\/uploads\/2019\/12\/thermotransferfolie_2.jpg\" alt=\"Rollen mit Thermotransferfolie\"><\/p>\n<h3>Welche Farbbandqualit\u00e4ten f\u00fcr Thermotransferfolie gibt es?<\/h3>\n<div>\n<p>Das Unternehmen myLabels bietet Thermotransferfolie in unterschiedlichen Qualit\u00e4ten an:<\/p>\n<\/div>\n<h4>Wachs<\/h4>\n<div>\n<p>Die mit Wachs beschichteten Farbb\u00e4nder sind f\u00fcr Papier und Karton geeignet, sowohl als Versandetiketten wie auch f\u00fcr Etiketten zur Kennzeichnung der Ware.<\/p>\n<p><strong>Anwendungsbeispiele<\/strong>: Versandetiketten, Warenkennzeichnungsetiketten, Preisauszeichnungsetiketten<\/p>\n<\/div>\n<h4>Harz \/ Wachs<\/h4>\n<div>\n<p>Diese Beschichtung eignet sich f\u00fcr glatte Etiketten aus Papier oder Kunststoff mit geringem Abrieb und besserer Kratzfestigkeit als Wachsb\u00e4nder.<\/p>\n<p><strong>Anwendungsbeispiele<\/strong>: Verpackungsetiketten, Warnhinweisetiketten<\/p>\n<\/div>\n<h4>Harz<\/h4>\n<div>\n<p>Ein mit Harz beschichtetes Farbband verf\u00fcgt \u00fcber eine besonders hohe Kratzfestigkeit und einen sehr geringen Abrieb. Daher k\u00f6nnen mit dem Premiumfarbband Etiketten aus Kunststoff bedruckt werden, die temperatur- und l\u00f6sungsmittelbest\u00e4ndig sind.<\/p>\n<p><strong>Anwendungsbeispiele<\/strong>: Seriennummer- und Typenschilder, Logos, Etikettierungen im Automotivebereich, lebensdauerbegleitende Kennzeichnung<\/p>\n<\/div>\n<h4>Sonderfolien<\/h4>\n<div>\n<p>myLabels hat auch Gold- und Silberfolien im Angebot, welche f\u00fcr Hei\u00dfpr\u00e4geimitationen geeignet sind.<\/p>\n<p><strong>Anwendungsbeispiele<\/strong>: Hei\u00dfpr\u00e4geimitation, Schmucketiketten<\/p>\n<\/div>\n<h3>Anwendungsbereiche der Thermotransferfolie<\/h3>\n<div>\n<p>Das Farbband wird verwendet, um verschiedenste Etikettenmaterialien im Thermotransferverfahren zu bedrucken. Der Druck erfolgt durch Abl\u00f6sung der Farbe von der Transferfolie. Je nach eingesetzter Qualit\u00e4t ergibt sich ein unterschiedliches Druckbild und auch Kratzfestigkeit und Best\u00e4ndigkeit fallen unterschiedlich aus.<\/p>\n<\/div>\n<h3>Warum Thermotransferfolie von myLabels?<\/h3>\n<div>\n<p>Das Unternehmen myLabels ist ISO-zertifiziert und entwickelt, produziert und vertreibt, neben dem Verkauf der Thermotransferfolien, auch Etiketten.<\/p>\n<p>Au\u00dferdem bietet myLabels als Handelsvertretung der Firma cab Produkttechnik GmbH &amp; Co. KG\u00a0 Etikettendrucker und Etikettiersysteme an. Auch die Wartung und Reparatur geh\u00f6ren zum Angebot, so dass die Kunden eine Komplettversorgung aus einer Hand erhalten.<\/p>\n<\/div>\n<p><!--more--><br \/>\n<!-- {\"name\":\"Etikett-Unterseite\",\"type\":\"layout\",\"children\":[{\"type\":\"section\",\"props\":{\"animation\":\"fade\",\"id\":\"header\",\"image\":\"wp-content\\\/uploads\\\/2019\\\/12\\\/TTR1-scaled.jpg\",\"image_position\":\"center-center\",\"image_size\":\"cover\",\"image_width\":\"600\",\"media_overlay\":\"rgba(0, 160, 222, 0.8)\",\"padding\":\"none\",\"style\":\"primary\",\"title_breakpoint\":\"xl\",\"title_position\":\"top-left\",\"title_rotation\":\"left\",\"vertical_align\":\"middle\",\"width\":\"default\"},\"children\":[{\"type\":\"row\",\"children\":[{\"type\":\"column\",\"props\":{\"image_position\":\"center-center\",\"media_overlay_gradient\":\"\",\"position_sticky_breakpoint\":\"m\",\"vertical_align\":\"middle\",\"width_medium\":\"1-1\"},\"children\":[{\"type\":\"headline\",\"props\":{\"content\":\"Thermo&shy;transferfolien\\\/&shy;Farbb\\u00e4nder\",\"text_align\":\"center\",\"title_element\":\"h1\",\"title_style\":\"heading-small\"}}]}]}],\"name\":\"Header\"},{\"type\":\"section\",\"props\":{\"image_position\":\"center-center\",\"padding\":\"xsmall\",\"style\":\"default\",\"title_breakpoint\":\"xl\",\"title_position\":\"top-left\",\"title_rotation\":\"left\",\"vertical_align\":\"middle\",\"width\":\"default\"},\"children\":[{\"type\":\"row\",\"children\":[{\"type\":\"column\",\"props\":{\"image_position\":\"center-center\",\"media_overlay_gradient\":\"\",\"position_sticky_breakpoint\":\"m\",\"width_medium\":\"1-1\"},\"children\":[{\"type\":\"module\",\"props\":{\"menu_image_align\":\"center\",\"menu_image_margin\":true,\"menu_style\":\"default\",\"menu_type\":\"nav\",\"type\":\"breadcrumbs\",\"widget\":\"breadcrumbs-2\"}}]}]}],\"name\":\"Breadcrumbs\"},{\"type\":\"section\",\"props\":{\"animation\":\"fade\",\"image_position\":\"center-center\",\"padding\":\"large\",\"padding_remove_bottom\":false,\"style\":\"muted\",\"title_breakpoint\":\"xl\",\"title_position\":\"top-left\",\"title_rotation\":\"left\",\"vertical_align\":\"middle\",\"width\":\"default\"},\"children\":[{\"type\":\"row\",\"props\":{\"column_gap\":\"large\",\"layout\":\"1-2,1-2\",\"match\":false,\"row_gap\":\"large\"},\"children\":[{\"type\":\"column\",\"props\":{\"image_position\":\"center-center\",\"media_overlay_gradient\":\"\",\"position_sticky_breakpoint\":\"m\",\"vertical_align\":\"middle\",\"width_medium\":\"1-2\"},\"children\":[{\"name\":\"\",\"type\":\"headline\",\"props\":{\"content\":\"Thermotransferfolie f\\u00fcr hochwertige Etiketten\",\"title_element\":\"h2\"}},{\"type\":\"divider\",\"props\":{\"divider_align\":\"\",\"divider_align_breakpoint\":\"\",\"divider_align_fallback\":\"\",\"divider_element\":\"div\",\"divider_style\":\"small\",\"margin\":\"medium\",\"margin_remove_top\":true}},{\"type\":\"text\",\"props\":{\"column_breakpoint\":\"m\",\"content\":\"\n\n<p>Die Thermotransferfolien der myLabels GmbH zeichnen sich durch hohe Qualit\\u00e4t, gute Kratzfestigkeit und lange Best\\u00e4ndigkeit aus.<\\\/p>\",\"margin\":\"default\"}},{\"type\":\"headline\",\"props\":{\"content\":\"Was ist Thermotransferfolie?\",\"title_element\":\"h3\",\"title_style\":\"h4\"}},{\"type\":\"text\",\"props\":{\"column_breakpoint\":\"m\",\"content\":\"\n\n<p>Thermotransferfolie ist auch unter den Bezeichnungen Ribbon- und Farbband bekannt. Es handelt sich um eine Folie aus drei Schichten, wobei die Mitte aus einem Polyesterfilm besteht. Die eine Seite ist mit einer Farbschicht aus Wachs, Wachs-Harz oder Harz beschichtet, die andere Seite der Thermotransferfolie tr\\u00e4gt eine Schicht aus Silikon zum Schutz vor Verschlei\\u00df und statischer Aufladung. Der Druckkopf des Etikettendruckers erzeugt eine Temperatur von mindestens 60\\u00b0C. Durch die Hitze \\u00fcbertr\\u00e4gt sich die Farbschicht auf das Etikett. Lesbarkeit und Best\\u00e4ndigkeit des Drucks h\\u00e4ngen von der gew\\u00e4hlten Qualit\\u00e4t der Thermotransferfolie ab.<\\\/p>\",\"margin\":\"default\"}}]},{\"type\":\"column\",\"props\":{\"image_position\":\"center-center\",\"media_overlay_gradient\":\"\",\"order_first\":\"m\",\"position_sticky_breakpoint\":\"m\",\"width_medium\":\"1-2\"},\"children\":[{\"type\":\"image\",\"props\":{\"image\":\"wp-content\\\/uploads\\\/2019\\\/12\\\/thermotransferfolie_2.jpg\",\"image_alt\":\"Rollen mit Thermotransferfolie\",\"image_height\":\"950\",\"image_svg_color\":\"emphasis\",\"image_width\":\"680\",\"margin\":\"default\"}}]}]}],\"name\":\"Intro\"},{\"type\":\"section\",\"props\":{\"animation\":\"fade\",\"image_position\":\"center-center\",\"padding\":\"large\",\"padding_remove_top\":false,\"style\":\"secondary\",\"title_breakpoint\":\"xl\",\"title_position\":\"top-left\",\"title_rotation\":\"left\",\"vertical_align\":\"middle\",\"width\":\"default\"},\"children\":[{\"type\":\"row\",\"children\":[{\"type\":\"column\",\"props\":{\"image_position\":\"center-center\",\"media_overlay_gradient\":\"\",\"position_sticky_breakpoint\":\"m\",\"width_medium\":\"1-1\"},\"children\":[{\"type\":\"headline\",\"props\":{\"content\":\"Welche Farbbandqualit\\u00e4ten f\\u00fcr Thermotransferfolie gibt es?\",\"title_element\":\"h3\",\"title_style\":\"h2\"}},{\"type\":\"divider\",\"props\":{\"divider_align\":\"\",\"divider_align_breakpoint\":\"\",\"divider_align_fallback\":\"\",\"divider_element\":\"div\",\"divider_style\":\"small\",\"margin\":\"medium\",\"margin_remove_top\":true}},{\"type\":\"text\",\"props\":{\"column_breakpoint\":\"m\",\"content\":\"\n\n<p>Das Unternehmen myLabels bietet Thermotransferfolie in unterschiedlichen Qualit\\u00e4ten an:<\\\/p>\",\"margin\":\"default\"}}]}]},{\"type\":\"row\",\"props\":{\"column_gap\":\"large\",\"layout\":\"1-2,1-2\"},\"children\":[{\"type\":\"column\",\"props\":{\"image_position\":\"center-center\",\"media_overlay_gradient\":\"\",\"position_sticky_breakpoint\":\"m\",\"width_medium\":\"1-2\"},\"children\":[{\"type\":\"headline\",\"props\":{\"content\":\"Wachs\",\"title_element\":\"h4\"}},{\"type\":\"text\",\"props\":{\"column_breakpoint\":\"m\",\"content\":\"\n\n<p>Die mit Wachs beschichteten Farbb\\u00e4nder sind f\\u00fcr Papier und Karton geeignet, sowohl als Versandetiketten wie auch f\\u00fcr Etiketten zur Kennzeichnung der Ware.<\\\/p>\\n\n\n<p><strong>Anwendungsbeispiele<\\\/strong>: Versandetiketten, Warenkennzeichnungsetiketten, Preisauszeichnungsetiketten<\\\/p>\",\"margin\":\"default\"}}]},{\"type\":\"column\",\"props\":{\"image_position\":\"center-center\",\"media_overlay_gradient\":\"\",\"position_sticky_breakpoint\":\"m\",\"width_medium\":\"1-2\"},\"children\":[{\"type\":\"headline\",\"props\":{\"content\":\"Harz \\\/ Wachs\",\"title_element\":\"h4\"}},{\"type\":\"text\",\"props\":{\"column_breakpoint\":\"m\",\"content\":\"\n\n<p>Diese Beschichtung eignet sich f\\u00fcr glatte Etiketten aus Papier oder Kunststoff mit geringem Abrieb und besserer Kratzfestigkeit als Wachsb\\u00e4nder.<\\\/p>\\n\n\n<p><strong>Anwendungsbeispiele<\\\/strong>: Verpackungsetiketten, Warnhinweisetiketten<\\\/p>\",\"margin\":\"default\"}}]}]},{\"type\":\"row\",\"props\":{\"margin\":\"small\"},\"children\":[{\"type\":\"column\",\"props\":{\"image_position\":\"center-center\",\"media_overlay_gradient\":\"\",\"position_sticky_breakpoint\":\"m\",\"width_medium\":\"1-1\"},\"children\":[]}]},{\"type\":\"row\",\"props\":{\"column_gap\":\"large\",\"layout\":\"1-2,1-2\"},\"children\":[{\"type\":\"column\",\"props\":{\"image_position\":\"center-center\",\"media_overlay_gradient\":\"\",\"position_sticky_breakpoint\":\"m\",\"width_medium\":\"1-2\"},\"children\":[{\"type\":\"headline\",\"props\":{\"content\":\"Harz\",\"title_element\":\"h4\"}},{\"type\":\"text\",\"props\":{\"column_breakpoint\":\"m\",\"content\":\"\n\n<p>Ein mit Harz beschichtetes Farbband verf\\u00fcgt \\u00fcber eine besonders hohe Kratzfestigkeit und einen sehr geringen Abrieb. Daher k\\u00f6nnen mit dem Premiumfarbband Etiketten aus Kunststoff bedruckt werden, die temperatur- und l\\u00f6sungsmittelbest\\u00e4ndig sind.<\\\/p>\\n\n\n<p><strong>Anwendungsbeispiele<\\\/strong>: Seriennummer- und Typenschilder, Logos, Etikettierungen im Automotivebereich, lebensdauerbegleitende Kennzeichnung<\\\/p>\",\"margin\":\"default\"}}]},{\"type\":\"column\",\"props\":{\"image_position\":\"center-center\",\"media_overlay_gradient\":\"\",\"position_sticky_breakpoint\":\"m\",\"width_medium\":\"1-2\"},\"children\":[{\"type\":\"headline\",\"props\":{\"content\":\"Sonderfolien\",\"title_element\":\"h4\"}},{\"type\":\"text\",\"props\":{\"column_breakpoint\":\"m\",\"content\":\"\n\n<p>myLabels hat auch Gold- und Silberfolien im Angebot, welche f\\u00fcr Hei\\u00dfpr\\u00e4geimitationen geeignet sind.<\\\/p>\\n\n\n<p><strong>Anwendungsbeispiele<\\\/strong>: Hei\\u00dfpr\\u00e4geimitation, Schmucketiketten<\\\/p>\",\"margin\":\"default\"}}]}]}],\"name\":\"Typen\"},{\"type\":\"section\",\"props\":{\"animation\":\"fade\",\"image_position\":\"center-center\",\"padding\":\"large\",\"style\":\"muted\",\"title_breakpoint\":\"xl\",\"title_position\":\"top-left\",\"title_rotation\":\"left\",\"vertical_align\":\"middle\",\"width\":\"default\"},\"children\":[{\"type\":\"row\",\"props\":{\"column_gap\":\"large\",\"layout\":\"1-2,1-2\"},\"children\":[{\"type\":\"column\",\"props\":{\"image_position\":\"center-center\",\"media_overlay_gradient\":\"\",\"position_sticky_breakpoint\":\"m\",\"width_medium\":\"1-2\"},\"children\":[{\"type\":\"headline\",\"props\":{\"content\":\"Anwendungsbereiche der Thermotransferfolie\",\"title_element\":\"h3\"}},{\"type\":\"text\",\"props\":{\"column_breakpoint\":\"m\",\"content\":\"\n\n<p>Das Farbband wird verwendet, um verschiedenste Etikettenmaterialien im Thermotransferverfahren zu bedrucken. Der Druck erfolgt durch Abl\\u00f6sung der Farbe von der Transferfolie. Je nach eingesetzter Qualit\\u00e4t ergibt sich ein unterschiedliches Druckbild und auch Kratzfestigkeit und Best\\u00e4ndigkeit fallen unterschiedlich aus.<\\\/p>\",\"margin\":\"default\"}}]},{\"type\":\"column\",\"props\":{\"image_position\":\"center-center\",\"media_overlay_gradient\":\"\",\"position_sticky_breakpoint\":\"m\",\"width_medium\":\"1-2\"},\"children\":[{\"type\":\"headline\",\"props\":{\"content\":\"Warum Thermotransferfolie von myLabels?\",\"title_element\":\"h3\"}},{\"type\":\"text\",\"props\":{\"column_breakpoint\":\"m\",\"content\":\"\n\n<p>Das Unternehmen myLabels ist ISO-zertifiziert und entwickelt, produziert und vertreibt, neben dem Verkauf der Thermotransferfolien, auch Etiketten.<\\\/p>\\n\n\n<p>Au\\u00dferdem bietet myLabels als Handelsvertretung der Firma cab Produkttechnik GmbH &amp; Co. KG\\u00a0 Etikettendrucker und Etikettiersysteme an. Auch die Wartung und Reparatur geh\\u00f6ren zum Angebot, so dass die Kunden eine Komplettversorgung aus einer Hand erhalten.<\\\/p>\",\"margin\":\"default\"}}]}]}],\"name\":\"Anwendungsbereiche\"}],\"version\":\"3.0.20\"} --><\/p>\n","protected":false},"excerpt":{"rendered":"<p>Thermo&shy;transferfolien\/&shy;Farbb\u00e4nder Thermotransferfolie f\u00fcr hochwertige Etiketten Die Thermotransferfolien der myLabels GmbH zeichnen sich durch hohe Qualit\u00e4t, gute Kratzfestigkeit und lange Best\u00e4ndigkeit aus. Was ist Thermotransferfolie? Thermotransferfolie ist auch unter den Bezeichnungen Ribbon- und Farbband bekannt. Es handelt sich um eine Folie aus drei Schichten, wobei die Mitte aus einem Polyesterfilm besteht. Die eine Seite ist mit [&hellip;]<\/p>\n","protected":false},"author":10,"featured_media":0,"parent":50,"menu_order":0,"comment_status":"closed","ping_status":"closed","template":"","meta":{"footnotes":""},"class_list":["post-218","page","type-page","status-publish","hentry"],"_links":{"self":[{"href":"https:\/\/www.mylabels.de\/de\/wp-json\/wp\/v2\/pages\/218","targetHints":{"allow":["GET"]}}],"collection":[{"href":"https:\/\/www.mylabels.de\/de\/wp-json\/wp\/v2\/pages"}],"about":[{"href":"https:\/\/www.mylabels.de\/de\/wp-json\/wp\/v2\/types\/page"}],"author":[{"embeddable":true,"href":"https:\/\/www.mylabels.de\/de\/wp-json\/wp\/v2\/users\/10"}],"replies":[{"embeddable":true,"href":"https:\/\/www.mylabels.de\/de\/wp-json\/wp\/v2\/comments?post=218"}],"version-history":[{"count":5,"href":"https:\/\/www.mylabels.de\/de\/wp-json\/wp\/v2\/pages\/218\/revisions"}],"predecessor-version":[{"id":5220,"href":"https:\/\/www.mylabels.de\/de\/wp-json\/wp\/v2\/pages\/218\/revisions\/5220"}],"up":[{"embeddable":true,"href":"https:\/\/www.mylabels.de\/de\/wp-json\/wp\/v2\/pages\/50"}],"wp:attachment":[{"href":"https:\/\/www.mylabels.de\/de\/wp-json\/wp\/v2\/media?parent=218"}],"curies":[{"name":"wp","href":"https:\/\/api.w.org\/{rel}","templated":true}]}}