{"id":220,"date":"2019-06-28T15:08:19","date_gmt":"2019-06-28T13:08:19","guid":{"rendered":"http:\/\/dev.sun-concept.de\/wp-mylabels\/?page_id=220"},"modified":"2026-01-07T14:06:26","modified_gmt":"2026-01-07T13:06:26","slug":"textil-etiketten","status":"publish","type":"page","link":"https:\/\/www.mylabels.de\/de\/produkte\/textil-etiketten\/","title":{"rendered":"Textil-Etiketten"},"content":{"rendered":"<h1>Textil-Etiketten<\/h1>\n<h2>Textilkennzeichnung<\/h2>\n<hr>\n<div>\n<p>Nach dem Textilkennzeichnungsgesetz m\u00fcssen Textilerzeugnisse, bei denen das Gewicht zu mindestens 80 % aus textilen Rohstoffen besteht, gekennzeichnet werden.<br \/>Um dieser Pflicht nachzukommen, werden Etiketten mit den notwendigen Angaben zum verwendeten Material und dem Ort der Herstellung an das Produkt angebracht.<\/p>\n<p>myLabels bietet Firmen hier je nach Anwendungsbereich die richtige L\u00f6sung an. Von der Kennzeichnung von Bekleidung bis hin zu Fallschirmen werden unsere Etiketten erfolgreich eingesetzt.<\/p>\n<p>Sie k\u00f6nnen bei uns w\u00e4hlen, ob Sie die Etiketten selbst bedrucken wollen oder ob Sie auf unseren Service zur\u00fcckgreifen m\u00f6chten und wir die Arbeit f\u00fcr Sie erledigen. <\/p>\n<\/div>\n<p><img decoding=\"async\" src=\"\/wp-content\/uploads\/2019\/10\/542291866_Tarzhanova_Textiletikett-PA-Taft.jpg\" alt=\"Etikett auf grauem Stoff mit wei\u00dfen Punkten\"><\/p>\n<h2>Anforderung an Textiletiketten<\/h2>\n<div>\n<p>Bei der Wahl des richtigen Etiketts sind unterschiedliche Eigenschaften zu beachten:<\/p>\n<\/div>\n<ul>\n<li>\n<div>\n<p>Beschaffenheit<\/p>\n<\/div>\n<\/li>\n<li>\n<div>\n<p>Bedruckbarkeit<\/p>\n<\/div>\n<\/li>\n<li>\n<div>\n<p>Waschbarkeit<\/p>\n<\/div>\n<\/li>\n<\/ul>\n<div>\n<p>Unsere drei Standardmaterialien PA Taft, PET Taft und PET Satin decken die g\u00e4ngigsten Bereiche ab und f\u00fcr alle anderen F\u00e4lle suchen und finden wir das passende Material f\u00fcr Sie.<\/p>\n<p>Profitieren Sie von unserer Erfahrung und lassen Sie sich beraten oder fordern Sie direkt kostenloses Mustermaterial an, um sich von der Qualit\u00e4t unserer Materialien zu \u00fcberzeugen.<\/p>\n<\/div>\n<div>\u00dcbersicht der Gewebe-Arten<\/div>\n<ul>\n<li>\n<p><img decoding=\"async\" src=\"\/wp-content\/uploads\/2019\/10\/542291866_Tarzhanova_Textiletikett-PA-Taft.jpg\" alt=\"Textiletikett aus PA Taft auf grauem Stoff\"><\/p>\n<h3>PA Textiletiketten  Taft wei\u00df matt (M409900)<\/h3>\n<p><img decoding=\"async\" alt=\"60\u00b0C\" class=\"waschtemp-icon uk-svg\" src=\"\/wp-content\/uploads\/2019\/08\/Waschtemperatur_60.svg\"><\/p>\n<div>\n<ul>\n<li data-start=\"290\" data-end=\"317\">sehr preiswertes Material<\/li>\n<li data-start=\"320\" data-end=\"331\">wei\u00df matt<\/li>\n<li data-start=\"334\" data-end=\"399\">einseitig beschichtet \/ einseitiger Thermotransferdruck m\u00f6glich<\/li>\n<li data-start=\"402\" data-end=\"418\">nicht fransend<\/li>\n<li data-start=\"421\" data-end=\"439\">\u00d6ko-Tex Klasse 1<\/li>\n<li data-start=\"442\" data-end=\"486\">mit einem normalen Schneidemesser trennbar<\/li>\n<li data-start=\"489\" data-end=\"527\">waschbar bis 60 \u00b0C (Haushaltsw\u00e4sche)<\/li>\n<li data-start=\"530\" data-end=\"611\">vielseitig einsetzbar, haupts\u00e4chlicher Einsatz als g\u00fcnstiges Bekleidungsetikett<\/li>\n<\/ul>\n<\/div>\n<\/li>\n<li>\n<p><img decoding=\"async\" src=\"\/wp-content\/uploads\/2019\/10\/1013437672_AndreyPopov_Textiletikett-PET-Taft.jpg\" alt=\"Jacketinnentasche mit Etikett\"><\/p>\n<h3>PET Textiletiketten  Taft wei\u00df matt (M409901)<\/h3>\n<p><img decoding=\"async\" alt=\"85\u00b0C\" class=\"waschtemp-icon uk-svg\" src=\"\/wp-content\/uploads\/2019\/08\/Waschtemperatur_85.svg\"><\/p>\n<div>\n<ul>\n<li data-start=\"675\" data-end=\"714\">Materialdicke st\u00e4rker als bei PA Taft<\/li>\n<li data-start=\"717\" data-end=\"728\">wei\u00df matt<\/li>\n<li data-start=\"731\" data-end=\"801\">beidseitig beschichtet, beidseitiger Thermotransfer- oder Flexodruck<\/li>\n<li data-start=\"804\" data-end=\"820\">nicht fransend<\/li>\n<li data-start=\"823\" data-end=\"841\">\u00d6ko-Tex Klasse 1<\/li>\n<li data-start=\"844\" data-end=\"888\">mit einem normalen Schneidemesser trennbar<\/li>\n<li data-start=\"891\" data-end=\"929\">waschbar bis 85 \u00b0C (Haushaltsw\u00e4sche)<\/li>\n<li data-start=\"932\" data-end=\"1066\">vielseitig einsetzbar, haupts\u00e4chlich als Bekleidungsetikett f\u00fcr Hotelw\u00e4sche etc., die mit h\u00f6heren Temperaturen gewaschen werden muss<\/li>\n<\/ul>\n<\/div>\n<\/li>\n<li>\n<p><img decoding=\"async\" src=\"\/wp-content\/uploads\/2019\/10\/949218828_AndreyPopov_Textiletikett-Satin.jpg\" alt=\"Innenseite rosanes T-Shirt mit Textiletikett\"><\/p>\n<h3>PET Textiletiketten  Satin wei\u00df gl\u00e4nzend (M409902) Satin schwarz gl\u00e4nzend (M409904)<\/h3>\n<p><img decoding=\"async\" alt=\"60\u00b0C\" class=\"waschtemp-icon uk-svg\" src=\"\/wp-content\/uploads\/2019\/08\/Waschtemperatur_60.svg\"><\/p>\n<div>\n<ul>\n<li data-start=\"1174\" data-end=\"1203\">hochdichtes Polyester-Satin<\/li>\n<li data-start=\"1206\" data-end=\"1243\">wei\u00df gl\u00e4nzend bzw. schwarz gl\u00e4nzend<\/li>\n<li data-start=\"1246\" data-end=\"1302\">einseitig transparent beschichtet und superkalandriert<\/li>\n<li data-start=\"1305\" data-end=\"1369\">einseitiger Thermotransferdruck, Sieb- oder Flexodruck m\u00f6glich<\/li>\n<li data-start=\"1372\" data-end=\"1469\">Material muss bei Verarbeitung als Schlaufe (um nicht zu fransen) nicht hei\u00df geschnitten werden<\/li>\n<li data-start=\"1472\" data-end=\"1490\">\u00d6ko-Tex Klasse 1<\/li>\n<li data-start=\"1493\" data-end=\"1537\">mit einem normalen Schneidemesser trennbar<\/li>\n<li data-start=\"1540\" data-end=\"1560\">waschbar bis 60 \u00b0C<\/li>\n<li data-start=\"1563\" data-end=\"1676\">f\u00fcr optisch ansprechende und anspruchsvolle Anwendungen (z. B. hochwertige Bekleidungsartikel und Bettw\u00e4sche)<\/li>\n<\/ul>\n<\/div>\n<\/li>\n<\/ul>\n<h2>Textilfarbb\u00e4nder &#8211; Farbe f\u00fcr Ihre Etiketten<\/h2>\n<hr>\n<div>\n<p><strong>E642 schwarz (\u00d6ko-Tex Klasse 1)<\/strong><\/p>\n<p>F\u00fcr alle Anwendungen hinsichtlich Waschbarkeit (bis 85\u00b0 C mit allen von myLabels angebotenen Textilmaterialien)<\/p>\n<\/div>\n<p><img decoding=\"async\" src=\"\/wp-content\/uploads\/2019\/12\/thermotransferfolie_2.jpg\" alt=\"Rollen mit Thermotransferfolie\"><\/p>\n<p><!--more--><br \/>\n<!-- {\"name\":\"Etikett-Unterseite\",\"type\":\"layout\",\"children\":[{\"type\":\"section\",\"props\":{\"animation\":\"fade\",\"id\":\"header\",\"image\":\"wp-content\\\/uploads\\\/2019\\\/09\\\/22529537_grafvision_Textiletikett-Gro\\u00df.jpg\",\"image_position\":\"center-center\",\"image_size\":\"cover\",\"image_width\":\"400\",\"media_overlay\":\"rgba(0, 160, 222, 0.8)\",\"padding\":\"none\",\"style\":\"primary\",\"title_breakpoint\":\"xl\",\"title_position\":\"top-left\",\"title_rotation\":\"left\",\"vertical_align\":\"middle\",\"width\":\"default\"},\"children\":[{\"type\":\"row\",\"children\":[{\"type\":\"column\",\"props\":{\"image_position\":\"center-center\",\"position_sticky_breakpoint\":\"m\",\"vertical_align\":\"middle\",\"width_medium\":\"1-1\"},\"children\":[{\"type\":\"headline\",\"props\":{\"content\":\"Textil-Etiketten\",\"text_align\":\"center\",\"title_element\":\"h1\",\"title_style\":\"heading-small\"}}]}]}],\"name\":\"Header\"},{\"type\":\"section\",\"props\":{\"image_position\":\"center-center\",\"padding\":\"xsmall\",\"style\":\"default\",\"title_breakpoint\":\"xl\",\"title_position\":\"top-left\",\"title_rotation\":\"left\",\"vertical_align\":\"middle\",\"width\":\"default\"},\"children\":[{\"type\":\"row\",\"children\":[{\"type\":\"column\",\"props\":{\"image_position\":\"center-center\",\"position_sticky_breakpoint\":\"m\",\"width_medium\":\"1-1\"},\"children\":[{\"type\":\"module\",\"props\":{\"menu_image_align\":\"center\",\"menu_image_margin\":true,\"menu_style\":\"default\",\"menu_type\":\"nav\",\"type\":\"breadcrumbs\",\"widget\":\"breadcrumbs-2\"}}]}]}],\"name\":\"Breadcrumbs\"},{\"type\":\"section\",\"props\":{\"animation\":\"fade\",\"image_position\":\"center-center\",\"padding\":\"large\",\"padding_remove_bottom\":false,\"style\":\"muted\",\"title_breakpoint\":\"xl\",\"title_position\":\"top-left\",\"title_rotation\":\"left\",\"vertical_align\":\"middle\",\"width\":\"default\"},\"children\":[{\"type\":\"row\",\"props\":{\"column_gap\":\"large\",\"layout\":\"1-2,1-2\",\"match\":false,\"row_gap\":\"large\"},\"children\":[{\"type\":\"column\",\"props\":{\"image_position\":\"center-center\",\"position_sticky_breakpoint\":\"m\",\"vertical_align\":\"middle\",\"width_medium\":\"1-2\"},\"children\":[{\"type\":\"headline\",\"props\":{\"content\":\"Textilkennzeichnung\",\"title_element\":\"h2\"}},{\"type\":\"divider\",\"props\":{\"divider_element\":\"hr\",\"divider_style\":\"small\",\"margin\":\"medium\",\"margin_remove_top\":true}},{\"type\":\"text\",\"props\":{\"column_breakpoint\":\"m\",\"content\":\"\n\n<p>Nach dem Textilkennzeichnungsgesetz m\\u00fcssen Textilerzeugnisse, bei denen das Gewicht zu mindestens 80 % aus textilen Rohstoffen besteht, gekennzeichnet werden.<br \\\/>Um dieser Pflicht nachzukommen, werden Etiketten mit den notwendigen Angaben zum verwendeten Material und dem Ort der Herstellung an das Produkt angebracht.<\\\/p>\\n\n\n<p>myLabels bietet Firmen hier je nach Anwendungsbereich die richtige L\\u00f6sung an. Von der Kennzeichnung von Bekleidung bis hin zu Fallschirmen werden unsere Etiketten erfolgreich eingesetzt.<\\\/p>\\n\n\n<p>Sie k\\u00f6nnen bei uns w\\u00e4hlen, ob Sie die Etiketten selbst bedrucken wollen oder ob Sie auf unseren Service zur\\u00fcckgreifen m\\u00f6chten und wir die Arbeit f\\u00fcr Sie erledigen. <\\\/p>\",\"margin\":\"default\"}}]},{\"type\":\"column\",\"props\":{\"image_position\":\"center-center\",\"order_first\":\"m\",\"position_sticky_breakpoint\":\"m\",\"width_medium\":\"1-2\"},\"children\":[{\"type\":\"image\",\"props\":{\"image\":\"wp-content\\\/uploads\\\/2019\\\/10\\\/542291866_Tarzhanova_Textiletikett-PA-Taft.jpg\",\"image_alt\":\"Etikett auf grauem Stoff mit wei\\u00dfen Punkten\",\"image_height\":\"680\",\"image_svg_color\":\"emphasis\",\"image_width\":\"680\",\"margin\":\"default\"}}]}]}],\"name\":\"Intro\"},{\"type\":\"section\",\"props\":{\"animation\":\"fade\",\"id\":\"produktbeschreibung\",\"image_position\":\"center-center\",\"padding\":\"large\",\"style\":\"secondary\",\"title_breakpoint\":\"xl\",\"title_position\":\"top-left\",\"title_rotation\":\"left\",\"vertical_align\":\"middle\",\"width\":\"default\"},\"children\":[{\"type\":\"row\",\"children\":[{\"type\":\"column\",\"props\":{\"image_position\":\"center-center\",\"position_sticky_breakpoint\":\"m\",\"width_medium\":\"1-1\"},\"children\":[{\"type\":\"headline\",\"props\":{\"content\":\"Anforderung an Textiletiketten\",\"title_element\":\"h2\"}},{\"type\":\"divider\",\"props\":{\"divider_element\":\"div\",\"divider_style\":\"small\",\"margin\":\"medium\",\"margin_remove_top\":true}}]}]},{\"type\":\"row\",\"props\":{\"column_gap\":\"large\",\"layout\":\"1-2,1-2\",\"match\":false},\"children\":[{\"type\":\"column\",\"props\":{\"image_position\":\"center-center\",\"position_sticky_breakpoint\":\"m\",\"width_medium\":\"1-2\"},\"children\":[{\"type\":\"text\",\"props\":{\"column_breakpoint\":\"m\",\"content\":\"\n\n<p>Bei der Wahl des richtigen Etiketts sind unterschiedliche Eigenschaften zu beachten:<\\\/p>\",\"css\":\"p {\\n\\tmargin-bottom: 0;   \\n}\",\"margin\":\"default\"}},{\"type\":\"list\",\"props\":{\"column_breakpoint\":\"m\",\"css\":\".el-item { font-size: 1.1rem; }\",\"icon\":\"check\",\"icon_color\":\"success\",\"icon_width\":26,\"image_align\":\"left\",\"image_svg_color\":\"emphasis\",\"image_vertical_align\":true,\"list_element\":\"ul\",\"list_horizontal_separator\":\", \",\"list_type\":\"vertical\",\"show_image\":true,\"show_link\":true},\"children\":[{\"type\":\"list_item\",\"props\":{\"content\":\"\n\n<p>Beschaffenheit<\\\/p>\",\"icon\":\"\"}},{\"type\":\"list_item\",\"props\":{\"content\":\"\n\n<p>Bedruckbarkeit<\\\/p>\"}},{\"type\":\"list_item\",\"props\":{\"content\":\"\n\n<p>Waschbarkeit<\\\/p>\"}}]}]},{\"type\":\"column\",\"props\":{\"image_position\":\"center-center\",\"position_sticky_breakpoint\":\"m\",\"width_medium\":\"1-2\"},\"children\":[{\"type\":\"text\",\"props\":{\"column_breakpoint\":\"m\",\"content\":\"\n\n<p>Unsere drei Standardmaterialien PA Taft, PET Taft und PET Satin decken die g\\u00e4ngigsten Bereiche ab und f\\u00fcr alle anderen F\\u00e4lle suchen und finden wir das passende Material f\\u00fcr Sie.<\\\/p>\\n\n\n<p>Profitieren Sie von unserer Erfahrung und lassen Sie sich beraten oder fordern Sie direkt kostenloses Mustermaterial an, um sich von der Qualit\\u00e4t unserer Materialien zu \\u00fcberzeugen.<\\\/p>\",\"css\":\"p {\\n\\tmargin-bottom: 0;   \\n}\",\"margin\":\"default\"}}]}]},{\"type\":\"row\",\"children\":[{\"type\":\"column\",\"props\":{\"image_position\":\"center-center\",\"position_sticky_breakpoint\":\"m\",\"width_medium\":\"1-1\"}}]},{\"type\":\"row\",\"children\":[{\"type\":\"column\",\"props\":{\"image_position\":\"center-center\",\"position_sticky_breakpoint\":\"m\",\"width_medium\":\"1-1\"},\"children\":[{\"type\":\"headline\",\"props\":{\"content\":\"\\u00dcbersicht der Gewebe-Arten\",\"title_element\":\"div\",\"title_style\":\"h3\"}}]}]},{\"type\":\"row\",\"children\":[{\"type\":\"column\",\"props\":{\"image_position\":\"center-center\",\"position_sticky_breakpoint\":\"m\",\"width_medium\":\"1-1\"},\"children\":[{\"type\":\"grid\",\"props\":{\"class\":\"waschtemp-container\",\"content_column_breakpoint\":\"m\",\"css\":\".el-item { font-size: 16px; }\\n\\n.el-item ul { margin: 0; padding: 0; list-style: none; }\\n\\n.el-item li { padding: 0.5rem 0;}\\n\\n.el-item li:not(:last-child) { border-bottom: 1px solid rgba(255,255,255,0.15); }\\n\",\"filter_align\":\"left\",\"filter_all\":true,\"filter_grid_breakpoint\":\"m\",\"filter_grid_width\":\"auto\",\"filter_position\":\"top\",\"filter_style\":\"tab\",\"grid_default\":\"1\",\"grid_medium\":\"3\",\"grid_small\":\"2\",\"icon_width\":80,\"image_align\":\"top\",\"image_grid_breakpoint\":\"m\",\"image_grid_width\":\"1-2\",\"image_height\":\"450\",\"image_svg_color\":\"emphasis\",\"image_width\":\"600\",\"item_animation\":true,\"link_style\":\"default\",\"link_text\":\"Read more\",\"margin\":\"default\",\"meta_align\":\"below-title\",\"meta_element\":\"div\",\"meta_margin\":\"small\",\"meta_style\":\"text-meta\",\"panel_image_no_padding\":true,\"panel_padding\":\"small\",\"panel_style\":\"card-secondary\",\"parallax_easing\":\"1\",\"show_content\":true,\"show_image\":true,\"show_link\":true,\"show_meta\":true,\"show_title\":true,\"title_align\":\"top\",\"title_element\":\"h3\",\"title_grid_breakpoint\":\"m\",\"title_grid_width\":\"1-2\",\"title_hover_style\":\"reset\"},\"children\":[{\"type\":\"grid_item\",\"props\":{\"content\":\"\n\n<ul>\\n\n\n<li data-start=\\\"290\\\" data-end=\\\"317\\\">sehr preiswertes Material<\\\/li>\\n\n\n<li data-start=\\\"320\\\" data-end=\\\"331\\\">wei\\u00df matt<\\\/li>\\n\n\n<li data-start=\\\"334\\\" data-end=\\\"399\\\">einseitig beschichtet \\\/ einseitiger Thermotransferdruck m\\u00f6glich<\\\/li>\\n\n\n<li data-start=\\\"402\\\" data-end=\\\"418\\\">nicht fransend<\\\/li>\\n\n\n<li data-start=\\\"421\\\" data-end=\\\"439\\\">\\u00d6ko-Tex Klasse 1<\\\/li>\\n\n\n<li data-start=\\\"442\\\" data-end=\\\"486\\\">mit einem normalen Schneidemesser trennbar<\\\/li>\\n\n\n<li data-start=\\\"489\\\" data-end=\\\"527\\\">waschbar bis 60 \\u00b0C (Haushaltsw\\u00e4sche)<\\\/li>\\n\n\n<li data-start=\\\"530\\\" data-end=\\\"611\\\">vielseitig einsetzbar, haupts\\u00e4chlicher Einsatz als g\\u00fcnstiges Bekleidungsetikett<\\\/li>\\n<\\\/ul>\",\"image\":\"wp-content\\\/uploads\\\/2019\\\/10\\\/542291866_Tarzhanova_Textiletikett-PA-Taft.jpg\",\"image_alt\":\"Textiletikett aus PA Taft auf grauem Stoff\",\"meta\":\"<img alt=\\\"60\\u00b0C\\\" class=\\\"waschtemp-icon uk-svg\\\" src=\\\"wp-content\\\/uploads\\\/2019\\\/08\\\/Waschtemperatur_60.svg\\\">\",\"title\":\"PA Textiletiketten  Taft wei\\u00df matt (M409900)\"}},{\"type\":\"grid_item\",\"props\":{\"content\":\"\n\n<ul>\\n\n\n<li data-start=\\\"675\\\" data-end=\\\"714\\\">Materialdicke st\\u00e4rker als bei PA Taft<\\\/li>\\n\n\n<li data-start=\\\"717\\\" data-end=\\\"728\\\">wei\\u00df matt<\\\/li>\\n\n\n<li data-start=\\\"731\\\" data-end=\\\"801\\\">beidseitig beschichtet, beidseitiger Thermotransfer- oder Flexodruck<\\\/li>\\n\n\n<li data-start=\\\"804\\\" data-end=\\\"820\\\">nicht fransend<\\\/li>\\n\n\n<li data-start=\\\"823\\\" data-end=\\\"841\\\">\\u00d6ko-Tex Klasse 1<\\\/li>\\n\n\n<li data-start=\\\"844\\\" data-end=\\\"888\\\">mit einem normalen Schneidemesser trennbar<\\\/li>\\n\n\n<li data-start=\\\"891\\\" data-end=\\\"929\\\">waschbar bis 85 \\u00b0C (Haushaltsw\\u00e4sche)<\\\/li>\\n\n\n<li data-start=\\\"932\\\" data-end=\\\"1066\\\">vielseitig einsetzbar, haupts\\u00e4chlich als Bekleidungsetikett f\\u00fcr Hotelw\\u00e4sche etc., die mit h\\u00f6heren Temperaturen gewaschen werden muss<\\\/li>\\n<\\\/ul>\",\"image\":\"wp-content\\\/uploads\\\/2019\\\/10\\\/1013437672_AndreyPopov_Textiletikett-PET-Taft.jpg\",\"image_alt\":\"Jacketinnentasche mit Etikett\",\"meta\":\"<img alt=\\\"85\\u00b0C\\\" class=\\\"waschtemp-icon uk-svg\\\" src=\\\"wp-content\\\/uploads\\\/2019\\\/08\\\/Waschtemperatur_85.svg\\\">\",\"title\":\"PET Textiletiketten  Taft wei\\u00df matt (M409901)\"}},{\"type\":\"grid_item\",\"props\":{\"content\":\"\n\n<ul>\\n\n\n<li data-start=\\\"1174\\\" data-end=\\\"1203\\\">hochdichtes Polyester-Satin<\\\/li>\\n\n\n<li data-start=\\\"1206\\\" data-end=\\\"1243\\\">wei\\u00df gl\\u00e4nzend bzw. schwarz gl\\u00e4nzend<\\\/li>\\n\n\n<li data-start=\\\"1246\\\" data-end=\\\"1302\\\">einseitig transparent beschichtet und superkalandriert<\\\/li>\\n\n\n<li data-start=\\\"1305\\\" data-end=\\\"1369\\\">einseitiger Thermotransferdruck, Sieb- oder Flexodruck m\\u00f6glich<\\\/li>\\n\n\n<li data-start=\\\"1372\\\" data-end=\\\"1469\\\">Material muss bei Verarbeitung als Schlaufe (um nicht zu fransen) nicht hei\\u00df geschnitten werden<\\\/li>\\n\n\n<li data-start=\\\"1472\\\" data-end=\\\"1490\\\">\\u00d6ko-Tex Klasse 1<\\\/li>\\n\n\n<li data-start=\\\"1493\\\" data-end=\\\"1537\\\">mit einem normalen Schneidemesser trennbar<\\\/li>\\n\n\n<li data-start=\\\"1540\\\" data-end=\\\"1560\\\">waschbar bis 60 \\u00b0C<\\\/li>\\n\n\n<li data-start=\\\"1563\\\" data-end=\\\"1676\\\">f\\u00fcr optisch ansprechende und anspruchsvolle Anwendungen (z. B. hochwertige Bekleidungsartikel und Bettw\\u00e4sche)<\\\/li>\\n<\\\/ul>\",\"image\":\"wp-content\\\/uploads\\\/2019\\\/10\\\/949218828_AndreyPopov_Textiletikett-Satin.jpg\",\"image_alt\":\"Innenseite rosanes T-Shirt mit Textiletikett\",\"meta\":\"<img alt=\\\"60\\u00b0C\\\" class=\\\"waschtemp-icon uk-svg\\\" src=\\\"wp-content\\\/uploads\\\/2019\\\/08\\\/Waschtemperatur_60.svg\\\">\",\"title\":\"PET Textiletiketten  Satin wei\\u00df gl\\u00e4nzend (M409902) Satin schwarz gl\\u00e4nzend (M409904)\"}}]}]}]}],\"name\":\"Anwendungsbeispiele\"},{\"type\":\"section\",\"props\":{\"animation\":\"fade\",\"image_position\":\"center-center\",\"padding\":\"large\",\"style\":\"muted\",\"title_breakpoint\":\"xl\",\"title_position\":\"top-left\",\"title_rotation\":\"left\",\"vertical_align\":\"middle\",\"width\":\"default\"},\"children\":[{\"type\":\"row\",\"props\":{\"layout\":\"1-2,1-2\"},\"children\":[{\"type\":\"column\",\"props\":{\"image_position\":\"center-center\",\"position_sticky_breakpoint\":\"m\",\"vertical_align\":\"middle\",\"width_medium\":\"1-2\"},\"children\":[{\"type\":\"headline\",\"props\":{\"content\":\"Textilfarbb\\u00e4nder - Farbe f\\u00fcr Ihre Etiketten\",\"title_element\":\"h2\"}},{\"type\":\"divider\",\"props\":{\"divider_element\":\"hr\",\"divider_style\":\"small\",\"margin\":\"medium\",\"margin_remove_top\":true}},{\"type\":\"text\",\"props\":{\"column_breakpoint\":\"m\",\"content\":\"\n\n<p><strong>E642 schwarz (\\u00d6ko-Tex Klasse 1)<\\\/strong><\\\/p>\\n\n\n<p>F\\u00fcr alle Anwendungen hinsichtlich Waschbarkeit (bis 85\\u00b0 C mit allen von myLabels angebotenen Textilmaterialien)<\\\/p>\",\"margin\":\"default\"}}]},{\"type\":\"column\",\"props\":{\"image_position\":\"center-center\",\"position_sticky_breakpoint\":\"m\",\"width_medium\":\"1-2\"},\"children\":[{\"type\":\"image\",\"props\":{\"image\":\"wp-content\\\/uploads\\\/2019\\\/12\\\/thermotransferfolie_2.jpg\",\"image_alt\":\"Rollen mit Thermotransferfolie\",\"image_height\":\"680\",\"image_svg_color\":\"emphasis\",\"image_width\":\"680\",\"margin\":\"default\"}}]}]}],\"name\":\"Textilfarbb\\u00e4nder\"}],\"version\":\"4.3.7\"} --><\/p>\n","protected":false},"excerpt":{"rendered":"<p>Textil-Etiketten Textilkennzeichnung Nach dem Textilkennzeichnungsgesetz m\u00fcssen Textilerzeugnisse, bei denen das Gewicht zu mindestens 80 % aus textilen Rohstoffen besteht, gekennzeichnet werden.Um dieser Pflicht nachzukommen, werden Etiketten mit den notwendigen Angaben zum verwendeten Material und dem Ort der Herstellung an das Produkt angebracht. myLabels bietet Firmen hier je nach Anwendungsbereich die richtige L\u00f6sung an. Von der [&hellip;]<\/p>\n","protected":false},"author":10,"featured_media":0,"parent":50,"menu_order":0,"comment_status":"closed","ping_status":"closed","template":"","meta":{"footnotes":""},"class_list":["post-220","page","type-page","status-publish","hentry"],"_links":{"self":[{"href":"https:\/\/www.mylabels.de\/de\/wp-json\/wp\/v2\/pages\/220","targetHints":{"allow":["GET"]}}],"collection":[{"href":"https:\/\/www.mylabels.de\/de\/wp-json\/wp\/v2\/pages"}],"about":[{"href":"https:\/\/www.mylabels.de\/de\/wp-json\/wp\/v2\/types\/page"}],"author":[{"embeddable":true,"href":"https:\/\/www.mylabels.de\/de\/wp-json\/wp\/v2\/users\/10"}],"replies":[{"embeddable":true,"href":"https:\/\/www.mylabels.de\/de\/wp-json\/wp\/v2\/comments?post=220"}],"version-history":[{"count":6,"href":"https:\/\/www.mylabels.de\/de\/wp-json\/wp\/v2\/pages\/220\/revisions"}],"predecessor-version":[{"id":5399,"href":"https:\/\/www.mylabels.de\/de\/wp-json\/wp\/v2\/pages\/220\/revisions\/5399"}],"up":[{"embeddable":true,"href":"https:\/\/www.mylabels.de\/de\/wp-json\/wp\/v2\/pages\/50"}],"wp:attachment":[{"href":"https:\/\/www.mylabels.de\/de\/wp-json\/wp\/v2\/media?parent=220"}],"curies":[{"name":"wp","href":"https:\/\/api.w.org\/{rel}","templated":true}]}}