{"id":2640,"date":"2019-11-19T09:56:42","date_gmt":"2019-11-19T08:56:42","guid":{"rendered":"http:\/\/dev.sun-concept.de\/wp-mylabels\/?page_id=2640"},"modified":"2023-03-20T17:33:40","modified_gmt":"2023-03-20T16:33:40","slug":"barcode-etiketten","status":"publish","type":"page","link":"https:\/\/www.mylabels.de\/de\/produkte\/barcode-etiketten\/","title":{"rendered":"Barcode-Etiketten"},"content":{"rendered":"<h1>Barcode-Etiketten<\/h1>\n<h2>Wir fertigen nach Ihren Vorgaben<\/h2>\n<div>\n<div class=\"uk-margin uk-scrollspy-inview uk-animation-fade\" uk-scrollspy-class=\"\">\n<p>Alle g\u00e4ngigen Barcodetypen, zum Beispiel Code 128, Code 39, EAN 13, Interleaved 2\/5, Datamatrix und QR-Code. Feststehend oder fortlaufend nummeriert. Riesige Format- und Materialauswahl!<\/p>\n<ul>\n<li>Fortlaufende Etiketten zur Archivierung von Dokumenten<\/li>\n<li>Robuste Etiketten zur Lagerplatzkennzeichnung<\/li>\n<li>Reflektierende Etiketten f\u00fcr gute Lesbarkeit<\/li>\n<li>Abriebfeste Typenschild-Etiketten<\/li>\n<li>Etiketten mit extrem haftenden Spezialklebern f\u00fcr Tiefk\u00fchlprodukte, Reifen, rauhe Oberfl\u00e4chen u.v.m.<\/li>\n<li>Chemikalienbest\u00e4ndige Etiketten<\/li>\n<li>EAN-Etiketten zur Produktauszeichnung im Handel<\/li>\n<li>Sandwich-Etiketten<\/li>\n<li>F\u00e4lschungsverhindernde Sicherheits-Etiketten<\/li>\n<\/ul>\n<\/div>\n<\/div>\n<p><img decoding=\"async\" src=\"\/wp-content\/uploads\/2019\/11\/537640146_einegraphic_Barcodeetiketten.jpg\" alt=\"Zehn Barcode-Etiketten mit Strichcode und QR-Code\"><\/p>\n<div>Anwendungsbeispiele f\u00fcr Barcode-Etiketten<\/div>\n<ul>\n<li>\n<p>        <img decoding=\"async\" src=\"\/wp-content\/uploads\/2019\/09\/660681512_fotosipak_Gem%C3%BCseverpackung-Gro%C3%9F.jpg\" alt=\"Tomaten in Kunststoffverpackung mit Barcode-Etikett\"><\/p>\n<h3>Lebensmittel-Kennzeichnung<\/h3>\n<p>Lebensmittel<\/p>\n<\/li>\n<li>\n<p>        <img decoding=\"async\" src=\"\/wp-content\/uploads\/2019\/11\/Platine1.jpg\" alt=\"Gr\u00fcne Platine mit Barcode-Etikett\"><\/p>\n<h3>Produkt-Kennzeichnung<\/h3>\n<p>Elektronik<\/p>\n<\/li>\n<li>\n<p>        <img decoding=\"async\" src=\"\/wp-content\/uploads\/2019\/09\/Plastikteil1.jpg\" alt=\"Zwei H\u00e4nde etikettieren Kunststoffteil mit Barcode-Etikett\"><\/p>\n<h3> Produkt-Etikett <\/h3>\n<p>Automotive<\/p>\n<\/li>\n<\/ul>\n<p><!--more--><br \/>\n<!-- {\"name\":\"Barcode-Etiketten (leer)\",\"type\":\"layout\",\"children\":[{\"type\":\"section\",\"props\":{\"animation\":\"fade\",\"id\":\"header\",\"image\":\"wp-content\\\/uploads\\\/2019\\\/09\\\/18641873_olm26250_Barcodeetiketten-Gro\\u00df.jpg\",\"image_position\":\"center-center\",\"image_size\":\"cover\",\"image_width\":\"400\",\"media_overlay\":\"rgba(0, 160, 222, 0.8)\",\"padding\":\"none\",\"style\":\"primary\",\"title_breakpoint\":\"xl\",\"title_position\":\"top-left\",\"title_rotation\":\"left\",\"vertical_align\":\"middle\",\"width\":\"default\"},\"children\":[{\"type\":\"row\",\"children\":[{\"type\":\"column\",\"props\":{\"image_position\":\"center-center\",\"media_overlay_gradient\":\"\",\"position_sticky_breakpoint\":\"m\",\"vertical_align\":\"middle\",\"width_medium\":\"1-1\"},\"children\":[{\"type\":\"headline\",\"props\":{\"content\":\"Barcode-Etiketten\",\"text_align\":\"center\",\"title_element\":\"h1\",\"title_style\":\"heading-small\"}}]}]}],\"name\":\"Header\"},{\"type\":\"section\",\"props\":{\"image_position\":\"center-center\",\"padding\":\"xsmall\",\"style\":\"default\",\"title_breakpoint\":\"xl\",\"title_position\":\"top-left\",\"title_rotation\":\"left\",\"vertical_align\":\"middle\",\"width\":\"default\"},\"children\":[{\"type\":\"row\",\"children\":[{\"type\":\"column\",\"props\":{\"image_position\":\"center-center\",\"media_overlay_gradient\":\"\",\"position_sticky_breakpoint\":\"m\",\"width_medium\":\"1-1\"},\"children\":[{\"type\":\"module\",\"props\":{\"menu_image_align\":\"center\",\"menu_image_margin\":true,\"menu_style\":\"default\",\"menu_type\":\"nav\",\"type\":\"breadcrumbs\",\"widget\":\"breadcrumbs-2\"}}]}]}],\"name\":\"Breadcrumbs\"},{\"type\":\"section\",\"props\":{\"animation\":\"fade\",\"image_position\":\"center-center\",\"padding\":\"large\",\"style\":\"muted\",\"title_breakpoint\":\"xl\",\"title_position\":\"top-left\",\"title_rotation\":\"left\",\"vertical_align\":\"middle\",\"width\":\"default\"},\"children\":[{\"type\":\"row\",\"props\":{\"column_gap\":\"large\",\"layout\":\"1-2,1-2\",\"match\":false,\"row_gap\":\"large\"},\"children\":[{\"type\":\"column\",\"props\":{\"image_position\":\"center-center\",\"media_overlay_gradient\":\"\",\"position_sticky_breakpoint\":\"m\",\"vertical_align\":\"middle\",\"width_medium\":\"1-2\"},\"children\":[{\"name\":\"\",\"type\":\"headline\",\"props\":{\"content\":\"Wir fertigen nach Ihren Vorgaben\",\"title_element\":\"h2\"}},{\"type\":\"divider\",\"props\":{\"divider_align\":\"\",\"divider_align_breakpoint\":\"\",\"divider_align_fallback\":\"\",\"divider_element\":\"div\",\"divider_style\":\"small\",\"margin\":\"medium\",\"margin_remove_top\":true}},{\"type\":\"text\",\"props\":{\"column_breakpoint\":\"m\",\"content\":\"\n\n<div class=\\\"uk-margin uk-scrollspy-inview uk-animation-fade\\\" uk-scrollspy-class=\\\"\\\">\\n\n\n<p>Alle g\\u00e4ngigen Barcodetypen, zum Beispiel Code 128, Code 39, EAN 13, Interleaved 2\\\/5, Datamatrix und QR-Code. Feststehend oder fortlaufend nummeriert. Riesige Format- und Materialauswahl!<\\\/p>\\n\n\n<ul>\\n\n\n<li>Fortlaufende Etiketten zur Archivierung von Dokumenten<\\\/li>\\n\n\n<li>Robuste Etiketten zur Lagerplatzkennzeichnung<\\\/li>\\n\n\n<li>Reflektierende Etiketten f\\u00fcr gute Lesbarkeit<\\\/li>\\n\n\n<li>Abriebfeste Typenschild-Etiketten<\\\/li>\\n\n\n<li>Etiketten mit extrem haftenden Spezialklebern f\\u00fcr Tiefk\\u00fchlprodukte, Reifen, rauhe Oberfl\\u00e4chen u.v.m.<\\\/li>\\n\n\n<li>Chemikalienbest\\u00e4ndige Etiketten<\\\/li>\\n\n\n<li>EAN-Etiketten zur Produktauszeichnung im Handel<\\\/li>\\n\n\n<li>Sandwich-Etiketten<\\\/li>\\n\n\n<li>F\\u00e4lschungsverhindernde Sicherheits-Etiketten<\\\/li>\\n<\\\/ul>\\n<\\\/div>\",\"margin\":\"default\"}}]},{\"type\":\"column\",\"props\":{\"image_position\":\"center-center\",\"media_overlay_gradient\":\"\",\"order_first\":\"m\",\"position_sticky_breakpoint\":\"m\",\"width_medium\":\"1-2\"},\"children\":[{\"type\":\"image\",\"props\":{\"image\":\"wp-content\\\/uploads\\\/2019\\\/11\\\/537640146_einegraphic_Barcodeetiketten.jpg\",\"image_alt\":\"Zehn Barcode-Etiketten mit Strichcode und QR-Code\",\"image_height\":\"680\",\"image_svg_color\":\"emphasis\",\"image_width\":\"680\",\"margin\":\"default\"}}]}]}],\"name\":\"Intro\"},{\"type\":\"section\",\"props\":{\"animation\":\"fade\",\"image_position\":\"center-center\",\"padding\":\"large\",\"style\":\"secondary\",\"title_breakpoint\":\"xl\",\"title_position\":\"top-left\",\"title_rotation\":\"left\",\"vertical_align\":\"middle\",\"width\":\"default\"},\"children\":[{\"type\":\"row\",\"children\":[{\"type\":\"column\",\"props\":{\"image_position\":\"center-center\",\"media_overlay_gradient\":\"\",\"position_sticky_breakpoint\":\"m\",\"width_medium\":\"1-1\"},\"children\":[{\"type\":\"headline\",\"props\":{\"content\":\"Anwendungsbeispiele f\\u00fcr Barcode-Etiketten\",\"title_element\":\"div\",\"title_style\":\"h2\"}},{\"type\":\"divider\",\"props\":{\"divider_align\":\"\",\"divider_align_breakpoint\":\"\",\"divider_align_fallback\":\"\",\"divider_element\":\"div\",\"divider_style\":\"small\",\"margin\":\"medium\",\"margin_remove_top\":true}}]}]},{\"type\":\"row\",\"children\":[{\"type\":\"column\",\"props\":{\"image_position\":\"center-center\",\"media_overlay_gradient\":\"\",\"position_sticky_breakpoint\":\"m\",\"width_medium\":\"1-1\"},\"children\":[{\"type\":\"grid\",\"props\":{\"content_column_breakpoint\":\"m\",\"filter_align\":\"left\",\"filter_all\":true,\"filter_grid_breakpoint\":\"m\",\"filter_grid_width\":\"auto\",\"filter_position\":\"top\",\"filter_style\":\"tab\",\"grid_default\":\"1\",\"grid_medium\":\"3\",\"grid_small\":\"2\",\"icon_width\":80,\"image_align\":\"top\",\"image_grid_breakpoint\":\"m\",\"image_grid_width\":\"1-2\",\"image_height\":\"450\",\"image_svg_color\":\"emphasis\",\"image_width\":\"600\",\"item_animation\":true,\"link_style\":\"default\",\"link_text\":\"Read more\",\"margin\":\"default\",\"meta_align\":\"below-title\",\"meta_element\":\"div\",\"meta_margin\":\"small\",\"meta_style\":\"text-meta\",\"panel_image_no_padding\":true,\"panel_padding\":\"small\",\"panel_style\":\"card-secondary\",\"parallax_easing\":\"1\",\"show_content\":true,\"show_image\":true,\"show_link\":true,\"show_meta\":true,\"show_title\":true,\"title_align\":\"top\",\"title_element\":\"h3\",\"title_grid_breakpoint\":\"m\",\"title_grid_width\":\"1-2\",\"title_hover_style\":\"reset\"},\"children\":[{\"type\":\"grid_item\",\"props\":{\"content\":\"\",\"image\":\"wp-content\\\/uploads\\\/2019\\\/09\\\/660681512_fotosipak_Gem\\u00fcseverpackung-Gro\\u00df.jpg\",\"image_alt\":\"Tomaten in Kunststoffverpackung mit Barcode-Etikett\",\"meta\":\"Lebensmittel\",\"title\":\"Lebensmittel-Kennzeichnung\"}},{\"type\":\"grid_item\",\"props\":{\"image\":\"wp-content\\\/uploads\\\/2019\\\/11\\\/Platine1.jpg\",\"image_alt\":\"Gr\\u00fcne Platine mit Barcode-Etikett\",\"meta\":\"Elektronik\",\"title\":\"Produkt-Kennzeichnung\"}},{\"type\":\"grid_item\",\"props\":{\"image\":\"wp-content\\\/uploads\\\/2019\\\/09\\\/Plastikteil1.jpg\",\"image_alt\":\"Zwei H\\u00e4nde etikettieren Kunststoffteil mit Barcode-Etikett\",\"meta\":\"Automotive\",\"title\":\" Produkt-Etikett \"}}]}]}]}],\"name\":\"AB\"}],\"version\":\"3.0.20\"} --><\/p>\n","protected":false},"excerpt":{"rendered":"<p>Barcode-Etiketten Wir fertigen nach Ihren Vorgaben Alle g\u00e4ngigen Barcodetypen, zum Beispiel Code 128, Code 39, EAN 13, Interleaved 2\/5, Datamatrix und QR-Code. Feststehend oder fortlaufend nummeriert. Riesige Format- und Materialauswahl! Fortlaufende Etiketten zur Archivierung von Dokumenten Robuste Etiketten zur Lagerplatzkennzeichnung Reflektierende Etiketten f\u00fcr gute Lesbarkeit Abriebfeste Typenschild-Etiketten Etiketten mit extrem haftenden Spezialklebern f\u00fcr Tiefk\u00fchlprodukte, Reifen, [&hellip;]<\/p>\n","protected":false},"author":10,"featured_media":0,"parent":50,"menu_order":0,"comment_status":"closed","ping_status":"closed","template":"","meta":{"footnotes":""},"class_list":["post-2640","page","type-page","status-publish","hentry"],"_links":{"self":[{"href":"https:\/\/www.mylabels.de\/de\/wp-json\/wp\/v2\/pages\/2640","targetHints":{"allow":["GET"]}}],"collection":[{"href":"https:\/\/www.mylabels.de\/de\/wp-json\/wp\/v2\/pages"}],"about":[{"href":"https:\/\/www.mylabels.de\/de\/wp-json\/wp\/v2\/types\/page"}],"author":[{"embeddable":true,"href":"https:\/\/www.mylabels.de\/de\/wp-json\/wp\/v2\/users\/10"}],"replies":[{"embeddable":true,"href":"https:\/\/www.mylabels.de\/de\/wp-json\/wp\/v2\/comments?post=2640"}],"version-history":[{"count":5,"href":"https:\/\/www.mylabels.de\/de\/wp-json\/wp\/v2\/pages\/2640\/revisions"}],"predecessor-version":[{"id":5224,"href":"https:\/\/www.mylabels.de\/de\/wp-json\/wp\/v2\/pages\/2640\/revisions\/5224"}],"up":[{"embeddable":true,"href":"https:\/\/www.mylabels.de\/de\/wp-json\/wp\/v2\/pages\/50"}],"wp:attachment":[{"href":"https:\/\/www.mylabels.de\/de\/wp-json\/wp\/v2\/media?parent=2640"}],"curies":[{"name":"wp","href":"https:\/\/api.w.org\/{rel}","templated":true}]}}