{"id":301,"date":"2019-07-01T16:53:04","date_gmt":"2019-07-01T14:53:04","guid":{"rendered":"http:\/\/dev.sun-concept.de\/wp-mylabels\/?page_id=301"},"modified":"2023-03-20T17:39:46","modified_gmt":"2023-03-20T16:39:46","slug":"pharma-industrie","status":"publish","type":"page","link":"https:\/\/www.mylabels.de\/de\/branchen\/pharma-industrie\/","title":{"rendered":"Pharma-Industrie"},"content":{"rendered":"<h1>Pharma<\/h1>\n<div>\n<p>Etiketten f\u00fcr die Pharmaindustrie<\/p>\n<\/div>\n<h2>Manipulationssichere Kennzeichnung von Pharmaverpackungen nach F\u00e4lschungsrichtlinie 2011\/62\/EU<\/h2>\n<hr>\n<div>\n<p>Die F\u00e4lschungsrichtlinie 2011\/62\/EU (\u201eFalsified Medicines Directive\u201c) hat zum Ziel, eine F\u00e4lschung von rezeptpflichtigen und risikoreichen rezeptfreien Arzneimitteln zu verhindern. Sie beinhaltet zwei Vorgaben, welche bis Februar 2019 umgesetzt werden mussten:<\/p>\n<ol>\n<li>Arzneimittelverpackungen m\u00fcssen mit einer individuellen Seriennummer versehen sein, um dadurch die R\u00fcckverfolgung bis zum Hersteller sicherzustellen.\n<\/li>\n<li>Au\u00dferdem m\u00fcssen die Verpackungen Merkmale aufweisen, welche jeden Manipulationsversuch durch \u00d6ffnen erkennen lassen.<\/li>\n<\/ol>\n<\/div>\n<div>\n<p>Eine Definition dieser Merkmale bietet die <strong>EU-Norm EN 16679<\/strong> \u201eVerpackung \u2013 Merkmale zur \u00dcberpr\u00fcfung von Manipulationen an Arzneimittelverpackungen\u201c.<\/p>\n<p>Unsere Produkte <strong>Pharma 404425 <\/strong>und <strong>Pharma 404427 <\/strong>sind dazu bestimmt, eine manipulationssichere Kennzeichnung auf pharmazeutischen Faltschachteln zu gew\u00e4hrleisten, und unterst\u00fctzen damit die Einhaltung der F\u00e4lschungsschutzrichtlinie. Das Sicherheitsetikett sorgt daf\u00fcr, dass der Verpackungskarton beim Entfernungsversuch faserzerst\u00f6rend einrei\u00dft und dadurch eindeutig eine Manipulation nachgewiesen werden kann.<\/p>\n<\/div>\n<div>\n<p>Neben der Etikettenentwicklung und -herstellung bieten wir als Handelsvertretung der Firma cab Produkttechnik GmbH &amp; Co. KG, Thermotransferdrucker und -etikettierer an. Auch der Service und die Wartung der Drucksysteme sind bei uns gut aufgehoben.<\/p>\n<\/div>\n<p><img decoding=\"async\" src=\"\/wp-content\/uploads\/2019\/08\/Pharmaetikett_geschlossen_mlgr.jpg\" alt=\"Schachtel mit unbesch\u00e4digtem Etikett\"><br \/>\n<img decoding=\"async\" src=\"\/wp-content\/uploads\/2019\/08\/Pharmaetikett_geoeffnet_mlgr.jpg\" alt=\"Schachtel mit besch\u00e4digtem Etikett\"><\/p>\n<div>\n<p>Manipulationssichere Kennzeichnung <\/p>\n<\/div>\n<h2>Material-Farbband-Kombination, welche die Anforderungen der EU-Norm EN 16679 erf\u00fcllt<\/h2>\n<hr>\n<div>\n<p><strong>Etikettenmaterial:<\/strong><\/p>\n<\/div>\n<ul>\n<li>\n<div>\n<p>Pharma 404425<br \/>Polymere wei\u00df gl\u00e4nzend, stark haftend<\/p>\n<\/div>\n<\/li>\n<li>\n<div>\n<p>Pharma 404427<br \/>Polymere transparent, stark haftend<\/p>\n<\/div>\n<\/li>\n<\/ul>\n<div>\n<p><strong>Farbband:<\/strong><\/p>\n<\/div>\n<div>\n<div>\n<p>myLabels S600<br \/>Harz, schwarz, Innen- und Au\u00dfenwicklung, 360m<\/p>\n<\/div>\n<\/div>\n<h2>Weitere Etikettenanwendungen in der Pharmaindustrie<\/h2>\n<ul>\n<li>\n<p>        <img decoding=\"async\" src=\"\/wp-content\/uploads\/2019\/11\/16607521_Elenathewise_Pharmaverpackung.jpg\" alt=\"Hand h\u00e4lt Tablettendose\"><\/p>\n<h3>Produktkennzeichnung<\/h3>\n<\/li>\n<li>\n<p>        <img decoding=\"async\" src=\"\/wp-content\/uploads\/2019\/11\/barcode-scanner.jpg\" alt=\"Frau scannt Pharmaverpackung\"><\/p>\n<h3>Barcode-Etiketten<\/h3>\n<p><a href=\"\/de\/produkte\/barcode-etiketten\/\">Mehr erfahren<\/a><\/p>\n<\/li>\n<\/ul>\n<p><!--more--><br \/>\n<!-- {\"name\":\"Seitenlayout Branche\",\"type\":\"layout\",\"children\":[{\"type\":\"section\",\"props\":{\"animation\":\"fade\",\"id\":\"header\",\"image\":\"wp-content\\\/uploads\\\/2019\\\/09\\\/526249761_PeopleImages_Pharmaverpackungen-Gro\\u00df.jpg\",\"image_position\":\"center-center\",\"image_size\":\"cover\",\"image_width\":\"400\",\"media_overlay\":\"rgba(0, 160, 222, 0.8)\",\"padding\":\"none\",\"style\":\"primary\",\"title_breakpoint\":\"xl\",\"title_position\":\"top-left\",\"title_rotation\":\"left\",\"vertical_align\":\"middle\",\"width\":\"default\"},\"children\":[{\"type\":\"row\",\"children\":[{\"type\":\"column\",\"props\":{\"image_position\":\"center-center\",\"media_overlay_gradient\":\"\",\"position_sticky_breakpoint\":\"m\",\"vertical_align\":\"middle\",\"width_medium\":\"1-1\"},\"children\":[{\"type\":\"headline\",\"props\":{\"content\":\"Pharma\",\"text_align\":\"center\",\"title_element\":\"h1\",\"title_style\":\"heading-small\"}},{\"type\":\"text\",\"props\":{\"column_breakpoint\":\"m\",\"content\":\"\n\n<p>Etiketten f\\u00fcr die Pharmaindustrie<\\\/p>\",\"margin\":\"default\",\"text_align\":\"center\",\"text_style\":\"large\"}}]}]}],\"name\":\"Header\"},{\"type\":\"section\",\"props\":{\"image_position\":\"center-center\",\"padding\":\"xsmall\",\"style\":\"default\",\"title_breakpoint\":\"xl\",\"title_position\":\"top-left\",\"title_rotation\":\"left\",\"vertical_align\":\"middle\",\"width\":\"default\"},\"children\":[{\"type\":\"row\",\"children\":[{\"type\":\"column\",\"props\":{\"image_position\":\"center-center\",\"media_overlay_gradient\":\"\",\"position_sticky_breakpoint\":\"m\",\"width_medium\":\"1-1\"},\"children\":[{\"type\":\"module\",\"props\":{\"menu_image_align\":\"center\",\"menu_image_margin\":true,\"menu_style\":\"default\",\"menu_type\":\"nav\",\"type\":\"breadcrumbs\",\"widget\":\"breadcrumbs-2\"}}]}]}],\"name\":\"Breadcrumbs\"},{\"type\":\"section\",\"props\":{\"animation\":\"fade\",\"image_position\":\"center-center\",\"padding\":\"large\",\"padding_remove_bottom\":false,\"style\":\"muted\",\"title_breakpoint\":\"xl\",\"title_position\":\"top-left\",\"title_rotation\":\"left\",\"vertical_align\":\"middle\",\"width\":\"default\"},\"children\":[{\"type\":\"row\",\"children\":[{\"type\":\"column\",\"props\":{\"image_position\":\"center-center\",\"media_overlay_gradient\":\"\",\"position_sticky_breakpoint\":\"m\",\"width_medium\":\"1-1\"},\"children\":[{\"type\":\"headline\",\"props\":{\"content\":\"Manipulationssichere Kennzeichnung von Pharmaverpackungen nach F\\u00e4lschungsrichtlinie 2011\\\/62\\\/EU\",\"text_align\":\"left\",\"title_element\":\"h2\",\"title_style\":\"h2\"}},{\"type\":\"divider\",\"props\":{\"divider_align\":\"\",\"divider_align_breakpoint\":\"\",\"divider_align_fallback\":\"\",\"divider_element\":\"hr\",\"divider_style\":\"small\",\"margin\":\"medium\",\"margin_remove_top\":true}}]}]},{\"type\":\"row\",\"props\":{\"column_gap\":\"large\",\"layout\":\"1-2,1-2\",\"row_gap\":\"large\"},\"children\":[{\"type\":\"column\",\"props\":{\"image_position\":\"center-center\",\"media_overlay_gradient\":\"\",\"position_sticky_breakpoint\":\"m\",\"width_medium\":\"1-2\"},\"children\":[{\"type\":\"text\",\"props\":{\"column_breakpoint\":\"m\",\"content\":\"\n\n<p>Die F\\u00e4lschungsrichtlinie 2011\\\/62\\\/EU (\\u201eFalsified Medicines Directive\\u201c) hat zum Ziel, eine F\\u00e4lschung von rezeptpflichtigen und risikoreichen rezeptfreien Arzneimitteln zu verhindern. Sie beinhaltet zwei Vorgaben, welche bis Februar 2019 umgesetzt werden mussten:<\\\/p>\\n\n\n<ol>\\n\n\n<li>Arzneimittelverpackungen m\\u00fcssen mit einer individuellen Seriennummer versehen sein, um dadurch die R\\u00fcckverfolgung bis zum Hersteller sicherzustellen.<br \\\/><br \\\/><\\\/li>\\n\n\n<li>Au\\u00dferdem m\\u00fcssen die Verpackungen Merkmale aufweisen, welche jeden Manipulationsversuch durch \\u00d6ffnen erkennen lassen.<\\\/li>\\n<\\\/ol>\",\"margin\":\"default\",\"text_align\":\"left\"}}]},{\"type\":\"column\",\"props\":{\"image_position\":\"center-center\",\"media_overlay_gradient\":\"\",\"position_sticky_breakpoint\":\"m\",\"width_medium\":\"1-2\"},\"children\":[{\"type\":\"text\",\"props\":{\"column_breakpoint\":\"m\",\"content\":\"\n\n<p>Eine Definition dieser Merkmale bietet die <strong>EU-Norm EN 16679<\\\/strong> \\u201eVerpackung \\u2013 Merkmale zur \\u00dcberpr\\u00fcfung von Manipulationen an Arzneimittelverpackungen\\u201c.<\\\/p>\\n\n\n<p>Unsere Produkte <strong>Pharma 404425 <\\\/strong>und <strong>Pharma 404427 <\\\/strong>sind dazu bestimmt, eine manipulationssichere Kennzeichnung auf pharmazeutischen Faltschachteln zu gew\\u00e4hrleisten, und unterst\\u00fctzen damit die Einhaltung der F\\u00e4lschungsschutzrichtlinie. Das Sicherheitsetikett sorgt daf\\u00fcr, dass der Verpackungskarton beim Entfernungsversuch faserzerst\\u00f6rend einrei\\u00dft und dadurch eindeutig eine Manipulation nachgewiesen werden kann.<\\\/p>\",\"margin\":\"default\",\"text_align\":\"left\"}}]}]},{\"type\":\"row\",\"children\":[{\"type\":\"column\",\"props\":{\"image_position\":\"center-center\",\"media_overlay_gradient\":\"\",\"position_sticky_breakpoint\":\"m\",\"width_medium\":\"1-1\"},\"children\":[{\"type\":\"text\",\"props\":{\"column_breakpoint\":\"m\",\"content\":\"\n\n<p>Neben der Etikettenentwicklung und -herstellung bieten wir als Handelsvertretung der Firma cab Produkttechnik GmbH &amp; Co. KG, Thermotransferdrucker und -etikettierer an. Auch der Service und die Wartung der Drucksysteme sind bei uns gut aufgehoben.<\\\/p>\",\"margin\":\"default\"}}]}]}],\"name\":\"Intro\"},{\"type\":\"section\",\"props\":{\"animation\":\"fade\",\"image_position\":\"center-center\",\"style\":\"default\",\"title_breakpoint\":\"xl\",\"title_position\":\"top-left\",\"title_rotation\":\"left\",\"vertical_align\":\"middle\",\"width\":\"default\"},\"children\":[{\"type\":\"row\",\"props\":{\"layout\":\"1-2,1-2\"},\"children\":[{\"type\":\"column\",\"props\":{\"image_position\":\"center-center\",\"media_overlay_gradient\":\"\",\"position_sticky_breakpoint\":\"m\",\"width_medium\":\"1-2\"},\"children\":[{\"type\":\"image\",\"props\":{\"image\":\"wp-content\\\/uploads\\\/2019\\\/08\\\/Pharmaetikett_geschlossen_mlgr.jpg\",\"image_alt\":\"Schachtel mit unbesch\\u00e4digtem Etikett\",\"image_svg_color\":\"emphasis\",\"margin\":\"default\",\"text_align\":\"left\"}}]},{\"type\":\"column\",\"props\":{\"image_position\":\"center-center\",\"media_overlay_gradient\":\"\",\"position_sticky_breakpoint\":\"m\",\"width_medium\":\"1-2\"},\"children\":[{\"type\":\"image\",\"props\":{\"image\":\"wp-content\\\/uploads\\\/2019\\\/08\\\/Pharmaetikett_geoeffnet_mlgr.jpg\",\"image_alt\":\"Schachtel mit besch\\u00e4digtem Etikett\",\"image_svg_color\":\"emphasis\",\"margin\":\"default\"}}]}]},{\"type\":\"row\",\"props\":{\"margin\":\"default\"},\"children\":[{\"type\":\"column\",\"props\":{\"image_position\":\"center-center\",\"media_overlay_gradient\":\"\",\"position_sticky_breakpoint\":\"m\",\"width_medium\":\"1-1\"},\"children\":[{\"type\":\"text\",\"props\":{\"column_breakpoint\":\"m\",\"content\":\"\n\n<p>Manipulationssichere Kennzeichnung <\\\/p>\",\"margin\":\"default\"}}]}]}],\"name\":\"Bilder\"},{\"type\":\"section\",\"props\":{\"animation\":\"fade\",\"image\":\"\",\"image_effect\":\"fixed\",\"image_position\":\"center-center\",\"image_size\":\"cover\",\"media_overlay\":\"#1B2831CC\",\"padding\":\"large\",\"style\":\"primary\",\"title_breakpoint\":\"xl\",\"title_position\":\"top-left\",\"title_rotation\":\"left\",\"vertical_align\":\"middle\",\"width\":\"default\"},\"children\":[{\"type\":\"row\",\"children\":[{\"type\":\"column\",\"props\":{\"image_position\":\"center-center\",\"media_overlay_gradient\":\"\",\"position_sticky_breakpoint\":\"m\",\"width_medium\":\"1-1\"},\"children\":[{\"type\":\"headline\",\"props\":{\"content\":\"Material-Farbband-Kombination, welche die Anforderungen der EU-Norm EN 16679 erf\\u00fcllt\",\"title_element\":\"h2\"}},{\"type\":\"divider\",\"props\":{\"divider_align\":\"\",\"divider_align_breakpoint\":\"\",\"divider_align_fallback\":\"\",\"divider_element\":\"hr\",\"divider_style\":\"small\",\"margin\":\"medium\",\"margin_remove_top\":true}}]}]},{\"type\":\"row\",\"props\":{\"layout\":\"1-2,1-2\"},\"children\":[{\"type\":\"column\",\"props\":{\"image_position\":\"center-center\",\"media_overlay_gradient\":\"\",\"position_sticky_breakpoint\":\"m\",\"width_medium\":\"1-2\"},\"children\":[{\"type\":\"text\",\"props\":{\"column_breakpoint\":\"m\",\"content\":\"\n\n<p><strong>Etikettenmaterial:<\\\/strong><\\\/p>\",\"margin\":\"default\"}},{\"type\":\"list\",\"props\":{\"column_breakpoint\":\"m\",\"css\":\".el-item { font-size: 1.1rem; }\",\"icon\":\"check\",\"icon_width\":26,\"image_align\":\"left\",\"image_svg_color\":\"emphasis\",\"image_vertical_align\":true,\"list_element\":\"ul\",\"list_horizontal_separator\":\", \",\"list_size\":\"\",\"list_type\":\"vertical\",\"show_image\":true,\"show_link\":true},\"children\":[{\"type\":\"list_item\",\"props\":{\"content\":\"\n\n<p>Pharma 404425<br \\\/>Polymere wei\\u00df gl\\u00e4nzend, stark haftend<\\\/p>\",\"icon\":\"\"}},{\"type\":\"list_item\",\"props\":{\"content\":\"\n\n<p>Pharma 404427<br \\\/>Polymere transparent, stark haftend<\\\/p>\"}}],\"name\":\"\"}]},{\"type\":\"column\",\"props\":{\"image_position\":\"center-center\",\"media_overlay_gradient\":\"\",\"position_sticky_breakpoint\":\"m\",\"width_medium\":\"1-2\"},\"children\":[{\"type\":\"text\",\"props\":{\"column_breakpoint\":\"m\",\"content\":\"\n\n<p><strong>Farbband:<\\\/strong><\\\/p>\",\"margin\":\"default\"}},{\"type\":\"list\",\"props\":{\"column_breakpoint\":\"m\",\"css\":\".el-item { font-size: 1.1rem; }\",\"icon\":\"check\",\"icon_width\":26,\"image_align\":\"left\",\"image_svg_color\":\"emphasis\",\"image_vertical_align\":true,\"list_element\":\"ul\",\"list_horizontal_separator\":\", \",\"list_size\":\"\",\"list_type\":\"vertical\",\"show_image\":true,\"show_link\":true},\"children\":[{\"type\":\"list_item\",\"props\":{\"content\":\"\n\n<p>myLabels S600<br \\\/>Harz, schwarz, Innen- und Au\\u00dfenwicklung, 360m<\\\/p>\",\"icon\":\"\"}}],\"name\":\"\"}]}]}],\"name\":\"Anforderungen\"},{\"type\":\"section\",\"props\":{\"animation\":\"fade\",\"image_position\":\"center-center\",\"padding\":\"large\",\"style\":\"secondary\",\"title_breakpoint\":\"xl\",\"title_position\":\"top-left\",\"title_rotation\":\"left\",\"vertical_align\":\"middle\",\"width\":\"default\"},\"children\":[{\"type\":\"row\",\"children\":[{\"type\":\"column\",\"props\":{\"image_position\":\"center-center\",\"media_overlay_gradient\":\"\",\"position_sticky_breakpoint\":\"m\",\"width_medium\":\"1-1\"},\"children\":[{\"type\":\"headline\",\"props\":{\"content\":\"Weitere Etikettenanwendungen in der Pharmaindustrie\",\"title_element\":\"h2\"}},{\"type\":\"divider\",\"props\":{\"divider_align\":\"\",\"divider_align_breakpoint\":\"\",\"divider_align_fallback\":\"\",\"divider_element\":\"div\",\"divider_style\":\"small\",\"margin\":\"medium\",\"margin_remove_top\":true}}]}]},{\"type\":\"row\",\"children\":[{\"type\":\"column\",\"props\":{\"image_position\":\"center-center\",\"media_overlay_gradient\":\"\",\"position_sticky_breakpoint\":\"m\",\"width_medium\":\"1-1\"},\"children\":[{\"type\":\"grid\",\"props\":{\"content_column_breakpoint\":\"m\",\"css\":\".el-item { font-size: 16px; }\\n\\n.el-item ul { margin: 0; padding: 0; list-style: none; }\\n\\n.el-item li { padding: 0.5rem 0;}\\n\\n.el-item li:not(:last-child) { border-bottom: 1px solid rgba(255,255,255,0.15); }\\n\",\"filter_align\":\"left\",\"filter_all\":true,\"filter_grid_breakpoint\":\"m\",\"filter_grid_width\":\"auto\",\"filter_position\":\"top\",\"filter_style\":\"tab\",\"grid_default\":\"1\",\"grid_medium\":\"2\",\"icon_width\":80,\"image_align\":\"top\",\"image_grid_breakpoint\":\"m\",\"image_grid_width\":\"1-2\",\"image_height\":\"450\",\"image_svg_color\":\"emphasis\",\"image_transition\":\"scale-up\",\"image_width\":\"600\",\"item_animation\":true,\"link_size\":\"small\",\"link_style\":\"default\",\"link_text\":\"Mehr erfahren\",\"margin\":\"default\",\"meta_align\":\"below-title\",\"meta_element\":\"div\",\"meta_margin\":\"small\",\"meta_style\":\"text-meta\",\"panel_image_no_padding\":true,\"panel_padding\":\"small\",\"panel_style\":\"card-secondary\",\"parallax_easing\":\"1\",\"show_content\":true,\"show_image\":true,\"show_link\":true,\"show_meta\":true,\"show_title\":true,\"title_align\":\"top\",\"title_element\":\"h3\",\"title_grid_breakpoint\":\"m\",\"title_grid_width\":\"1-2\",\"title_hover_style\":\"reset\"},\"children\":[{\"type\":\"grid_item\",\"props\":{\"content\":\"\",\"image\":\"wp-content\\\/uploads\\\/2019\\\/11\\\/16607521_Elenathewise_Pharmaverpackung.jpg\",\"image_alt\":\"Hand h\\u00e4lt Tablettendose\",\"meta\":\"\",\"title\":\"Produktkennzeichnung\"}},{\"type\":\"grid_item\",\"props\":{\"content\":\"\",\"image\":\"wp-content\\\/uploads\\\/2019\\\/11\\\/barcode-scanner.jpg\",\"image_alt\":\"Frau scannt Pharmaverpackung\",\"link\":\"de\\\/produkte\\\/barcode-etiketten\\\/\",\"meta\":\"\",\"title\":\"Barcode-Etiketten\"}}]}]}]}],\"name\":\"Weitere Anwendungen\"}],\"version\":\"3.0.20\"} --><\/p>\n","protected":false},"excerpt":{"rendered":"<p>Pharma Etiketten f\u00fcr die Pharmaindustrie Manipulationssichere Kennzeichnung von Pharmaverpackungen nach F\u00e4lschungsrichtlinie 2011\/62\/EU Die F\u00e4lschungsrichtlinie 2011\/62\/EU (\u201eFalsified Medicines Directive\u201c) hat zum Ziel, eine F\u00e4lschung von rezeptpflichtigen und risikoreichen rezeptfreien Arzneimitteln zu verhindern. Sie beinhaltet zwei Vorgaben, welche bis Februar 2019 umgesetzt werden mussten: Arzneimittelverpackungen m\u00fcssen mit einer individuellen Seriennummer versehen sein, um dadurch die R\u00fcckverfolgung bis [&hellip;]<\/p>\n","protected":false},"author":10,"featured_media":0,"parent":42,"menu_order":0,"comment_status":"closed","ping_status":"closed","template":"","meta":{"footnotes":""},"class_list":["post-301","page","type-page","status-publish","hentry"],"_links":{"self":[{"href":"https:\/\/www.mylabels.de\/de\/wp-json\/wp\/v2\/pages\/301","targetHints":{"allow":["GET"]}}],"collection":[{"href":"https:\/\/www.mylabels.de\/de\/wp-json\/wp\/v2\/pages"}],"about":[{"href":"https:\/\/www.mylabels.de\/de\/wp-json\/wp\/v2\/types\/page"}],"author":[{"embeddable":true,"href":"https:\/\/www.mylabels.de\/de\/wp-json\/wp\/v2\/users\/10"}],"replies":[{"embeddable":true,"href":"https:\/\/www.mylabels.de\/de\/wp-json\/wp\/v2\/comments?post=301"}],"version-history":[{"count":5,"href":"https:\/\/www.mylabels.de\/de\/wp-json\/wp\/v2\/pages\/301\/revisions"}],"predecessor-version":[{"id":5236,"href":"https:\/\/www.mylabels.de\/de\/wp-json\/wp\/v2\/pages\/301\/revisions\/5236"}],"up":[{"embeddable":true,"href":"https:\/\/www.mylabels.de\/de\/wp-json\/wp\/v2\/pages\/42"}],"wp:attachment":[{"href":"https:\/\/www.mylabels.de\/de\/wp-json\/wp\/v2\/media?parent=301"}],"curies":[{"name":"wp","href":"https:\/\/api.w.org\/{rel}","templated":true}]}}