{"id":3031,"date":"2020-03-12T09:26:53","date_gmt":"2020-03-12T08:26:53","guid":{"rendered":"https:\/\/www.mylabels.de\/?page_id=3031"},"modified":"2023-03-20T17:40:17","modified_gmt":"2023-03-20T16:40:17","slug":"fleischerhandwerk","status":"publish","type":"page","link":"https:\/\/www.mylabels.de\/de\/branchen\/fleischerhandwerk\/","title":{"rendered":"Fleischerhandwerk"},"content":{"rendered":"<h1>Fleischerhandwerk<\/h1>\n<div>\n<p>Hochwertige Etiketten f\u00fcr Fleischereien und Metzgereien<\/p>\n<\/div>\n<h2>Optimale Kennzeichnung von Fleischereiprodukten<\/h2>\n<hr>\n<div>\n<p>myLabels bietet vielf\u00e4ltige Etiketten f\u00fcr das Fleischereihandwerk an. Vom BPA freien Thermoetikett f\u00fcr die unterschiedlichsten Waagensysteme \u00fcber kleberfreie Etiketten f\u00fcr den direkten Fleischde\/kontakt bis zu Etiketten f\u00fcr Umverpackungen. Diese Etiketten k\u00f6nnen in individuellen Ma\u00dfen, Mengen und mit oder ohne Eindruck geliefert werden.<\/p>\n<\/div>\n<p><img decoding=\"async\" src=\"\/wp-content\/uploads\/2020\/03\/iStock_1069096410_jenoche-scaled.jpg\" alt=\"\"><\/p>\n<h2>Etiketten f\u00fcr Umverpackungen<\/h2>\n<hr>\n<div>\n<ul>\n<li>Individuell vorbedruckte Etiketten<\/li>\n<li>Blanko-Etiketten (Papier oder Kunststoff)<\/li>\n<li>Nachtr\u00e4glich bedruckbar (z.B. Thermotransferdruck)<\/li>\n<li>Stark haftender Kleber<\/li>\n<\/ul>\n<\/div>\n<p><img decoding=\"async\" src=\"\/wp-content\/uploads\/2020\/03\/Freier.png\" alt=\"\"><\/p>\n<h2>Etiketten f\u00fcr den direkten Fleischde\/kontakt<\/h2>\n<hr>\n<div>\n<ul>\n<li>Blanko-Etiketten (Kunststoff)<\/li>\n<li>HDPE Folie wei\u00df matt<\/li>\n<li>Nachtr\u00e4glich bedruckbar (z.B. Thermotransferdruck)<\/li>\n<li>Ohne Kleber<\/li>\n<\/ul>\n<\/div>\n<p><img decoding=\"async\" src=\"\/wp-content\/uploads\/2020\/03\/Fleischeinleger2-scaled.jpg\" alt=\"\"><\/p>\n<div>Thermo-Etiketten f\u00fcr Waagensysteme (z.B. Bizerba)<\/div>\n<div>\n<ul>\n<li>Individuelle Ma\u00dfe, Mengen und Eindrucke m\u00f6glich<\/li>\n<li>Thermopapier &#8222;ECO&#8220; oder &#8222;TOP&#8220; (100% BPA frei)<\/li>\n<li>Nachtr\u00e4glich bedruckbar (z.B. Thermotransferdruck)<\/li>\n<li>Stark haftender Kleber<\/li>\n<li>Versand innerhalb von 2 Werktagen (bei Lagerware)<\/li>\n<\/ul>\n<\/div>\n<p><img decoding=\"async\" src=\"\/wp-content\/uploads\/2020\/03\/iStock_1172297609_Giselleflissak-scaled.jpg\" alt=\"\"><br \/>\n<img decoding=\"async\" src=\"\/wp-content\/uploads\/2019\/11\/Schlaufenetikett7.jpg\" alt=\"\"><\/p>\n<h2>\n<p>Schlaufen-Etiketten f\u00fcr Transportkisten<\/p>\n<\/h2>\n<div>\n<ul>\n<li>Blanko-Etiketten (Kunststoff)<\/li>\n<li>Hohe Rei\u00dffestigkeit<\/li>\n<li>Nachtr\u00e4glich bedruckbar (z.B. Thermotransferdruck) und beschreibbar (z.B. Kugelschreiber)<\/li>\n<\/ul>\n<\/div>\n<p><!--more--><br \/>\n<!-- {\"name\":\"TEMP 1\",\"type\":\"layout\",\"children\":[{\"type\":\"section\",\"props\":{\"animation\":\"fade\",\"id\":\"header\",\"image\":\"wp-content\\\/uploads\\\/2020\\\/03\\\/iStock_1069096410_jenoche-scaled.jpg\",\"image_position\":\"center-center\",\"image_size\":\"cover\",\"image_width\":\"400\",\"media_overlay\":\"rgba(0, 160, 222, 0.8)\",\"padding\":\"none\",\"style\":\"primary\",\"title_breakpoint\":\"xl\",\"title_position\":\"top-left\",\"title_rotation\":\"left\",\"vertical_align\":\"middle\",\"width\":\"default\"},\"children\":[{\"type\":\"row\",\"children\":[{\"type\":\"column\",\"props\":{\"image_position\":\"center-center\",\"media_overlay_gradient\":\"\",\"position_sticky_breakpoint\":\"m\",\"vertical_align\":\"middle\",\"width_medium\":\"1-1\"},\"children\":[{\"type\":\"headline\",\"props\":{\"content\":\"Fleischerhandwerk\",\"text_align\":\"center\",\"title_element\":\"h1\",\"title_style\":\"heading-small\"}},{\"type\":\"text\",\"props\":{\"column_breakpoint\":\"m\",\"content\":\"\n\n<p>Hochwertige Etiketten f\\u00fcr Fleischereien und Metzgereien<\\\/p>\",\"margin\":\"default\",\"text_align\":\"center\",\"text_style\":\"large\"}}]}]}],\"name\":\"Header\"},{\"type\":\"section\",\"props\":{\"image_position\":\"center-center\",\"padding\":\"xsmall\",\"style\":\"default\",\"title_breakpoint\":\"xl\",\"title_position\":\"top-left\",\"title_rotation\":\"left\",\"vertical_align\":\"middle\",\"width\":\"default\"},\"children\":[{\"type\":\"row\",\"children\":[{\"type\":\"column\",\"props\":{\"image_position\":\"center-center\",\"media_overlay_gradient\":\"\",\"position_sticky_breakpoint\":\"m\",\"width_medium\":\"1-1\"},\"children\":[{\"type\":\"module\",\"props\":{\"menu_image_align\":\"center\",\"menu_image_margin\":true,\"menu_style\":\"default\",\"menu_type\":\"nav\",\"type\":\"breadcrumbs\",\"widget\":\"breadcrumbs-2\"}}]}]}],\"name\":\"Breadcrumbs\"},{\"type\":\"section\",\"props\":{\"animation\":\"fade\",\"image_position\":\"center-center\",\"padding\":\"large\",\"style\":\"muted\",\"title_breakpoint\":\"xl\",\"title_position\":\"top-left\",\"title_rotation\":\"left\",\"vertical_align\":\"middle\",\"width\":\"default\"},\"children\":[{\"type\":\"row\",\"props\":{\"column_gap\":\"large\",\"layout\":\"1-2,1-2\",\"row_gap\":\"large\"},\"children\":[{\"type\":\"column\",\"props\":{\"image_position\":\"center-center\",\"media_overlay_gradient\":\"\",\"position_sticky_breakpoint\":\"m\",\"vertical_align\":\"middle\",\"width_medium\":\"1-2\"},\"children\":[{\"type\":\"headline\",\"props\":{\"content\":\"Optimale Kennzeichnung von Fleischereiprodukten\",\"margin\":\"default\",\"title_element\":\"h2\"}},{\"type\":\"divider\",\"props\":{\"divider_align\":\"\",\"divider_align_breakpoint\":\"\",\"divider_align_fallback\":\"\",\"divider_element\":\"hr\",\"divider_style\":\"small\",\"margin\":\"medium\",\"margin_remove_top\":true}},{\"type\":\"text\",\"props\":{\"column_breakpoint\":\"m\",\"content\":\"\n\n<p>myLabels bietet vielf\\u00e4ltige Etiketten f\\u00fcr das Fleischereihandwerk an. Vom BPA freien Thermoetikett f\\u00fcr die unterschiedlichsten Waagensysteme \\u00fcber kleberfreie Etiketten f\\u00fcr den direkten Fleischde\\\/kontakt bis zu Etiketten f\\u00fcr Umverpackungen. Diese Etiketten k\\u00f6nnen in individuellen Ma\\u00dfen, Mengen und mit oder ohne Eindruck geliefert werden.<\\\/p>\",\"margin\":\"default\"}}]},{\"type\":\"column\",\"props\":{\"image_position\":\"center-center\",\"media_overlay_gradient\":\"\",\"order_first\":\"m\",\"position_sticky_breakpoint\":\"m\",\"width_medium\":\"1-2\"},\"children\":[{\"type\":\"image\",\"props\":{\"image\":\"wp-content\\\/uploads\\\/2020\\\/03\\\/iStock_1069096410_jenoche-scaled.jpg\",\"image_height\":\"680\",\"image_svg_color\":\"emphasis\",\"image_width\":\"680\",\"margin\":\"default\"}}]}]}],\"name\":\"Umverpackungen\"},{\"type\":\"section\",\"props\":{\"animation\":\"fade\",\"image_position\":\"center-center\",\"padding\":\"large\",\"style\":\"default\",\"title_breakpoint\":\"xl\",\"title_position\":\"top-left\",\"title_rotation\":\"left\",\"vertical_align\":\"middle\",\"width\":\"default\"},\"children\":[{\"type\":\"row\",\"props\":{\"layout\":\"1-2,1-2\"},\"children\":[{\"type\":\"column\",\"props\":{\"image_position\":\"center-center\",\"media_overlay_gradient\":\"\",\"position_sticky_breakpoint\":\"m\",\"width_medium\":\"1-2\"},\"children\":[{\"type\":\"headline\",\"props\":{\"content\":\"Etiketten f\\u00fcr Umverpackungen\",\"margin\":\"default\",\"title_element\":\"h2\"}},{\"type\":\"divider\",\"props\":{\"divider_align\":\"\",\"divider_align_breakpoint\":\"\",\"divider_align_fallback\":\"\",\"divider_element\":\"hr\",\"divider_style\":\"small\",\"margin\":\"medium\",\"margin_remove_top\":true}},{\"type\":\"text\",\"props\":{\"column_breakpoint\":\"m\",\"content\":\"\n\n<ul>\\n\n\n<li>Individuell vorbedruckte Etiketten<\\\/li>\\n\n\n<li>Blanko-Etiketten (Papier oder Kunststoff)<\\\/li>\\n\n\n<li>Nachtr\\u00e4glich bedruckbar (z.B. Thermotransferdruck)<\\\/li>\\n\n\n<li>Stark haftender Kleber<\\\/li>\\n<\\\/ul>\",\"margin\":\"default\"}}]},{\"type\":\"column\",\"props\":{\"image_position\":\"center-center\",\"media_overlay_gradient\":\"\",\"position_sticky_breakpoint\":\"m\",\"width_medium\":\"1-2\"},\"children\":[{\"type\":\"image\",\"props\":{\"image\":\"wp-content\\\/uploads\\\/2020\\\/03\\\/Freier.png\",\"image_svg_color\":\"emphasis\",\"margin\":\"default\"}}]}]}],\"name\":\"Anforderungen\"},{\"type\":\"section\",\"props\":{\"animation\":\"fade\",\"image_position\":\"center-center\",\"padding\":\"large\",\"style\":\"muted\",\"title_breakpoint\":\"xl\",\"title_position\":\"top-left\",\"title_rotation\":\"left\",\"vertical_align\":\"middle\",\"width\":\"default\"},\"children\":[{\"type\":\"row\",\"props\":{\"column_gap\":\"large\",\"layout\":\"1-2,1-2\"},\"children\":[{\"type\":\"column\",\"props\":{\"image_position\":\"center-center\",\"media_overlay_gradient\":\"\",\"position_sticky_breakpoint\":\"m\",\"width_medium\":\"1-2\"},\"children\":[{\"type\":\"headline\",\"props\":{\"content\":\"Etiketten f\\u00fcr den direkten Fleischde\\\/kontakt\",\"title_element\":\"h2\"}},{\"type\":\"divider\",\"props\":{\"divider_align\":\"\",\"divider_align_breakpoint\":\"\",\"divider_align_fallback\":\"\",\"divider_element\":\"hr\",\"divider_style\":\"small\",\"margin\":\"medium\",\"margin_remove_top\":true}},{\"type\":\"text\",\"props\":{\"column_breakpoint\":\"m\",\"content\":\"\n\n<ul>\\n\n\n<li>Blanko-Etiketten (Kunststoff)<\\\/li>\\n\n\n<li>HDPE Folie wei\\u00df matt<\\\/li>\\n\n\n<li>Nachtr\\u00e4glich bedruckbar (z.B. Thermotransferdruck)<\\\/li>\\n\n\n<li>Ohne Kleber<\\\/li>\\n<\\\/ul>\",\"margin\":\"default\"}}]},{\"type\":\"column\",\"props\":{\"image_position\":\"center-center\",\"media_overlay_gradient\":\"\",\"order_first\":\"m\",\"position_sticky_breakpoint\":\"m\",\"width_medium\":\"1-2\"},\"children\":[{\"type\":\"image\",\"props\":{\"image\":\"wp-content\\\/uploads\\\/2020\\\/03\\\/Fleischeinleger2-scaled.jpg\",\"image_height\":\"680\",\"image_svg_color\":\"emphasis\",\"image_width\":\"680\",\"margin\":\"default\"}}]}]}],\"name\":\"direkter Fleischde\\\/kontakt\"},{\"type\":\"section\",\"props\":{\"animation\":\"fade\",\"image_position\":\"center-center\",\"padding\":\"large\",\"style\":\"default\",\"title_breakpoint\":\"xl\",\"title_position\":\"top-left\",\"title_rotation\":\"left\",\"vertical_align\":\"middle\",\"width\":\"default\"},\"children\":[{\"type\":\"row\",\"props\":{\"layout\":\"1-2,1-2\"},\"children\":[{\"type\":\"column\",\"props\":{\"image_position\":\"center-center\",\"media_overlay_gradient\":\"\",\"position_sticky_breakpoint\":\"m\",\"width_medium\":\"1-2\"},\"children\":[{\"type\":\"headline\",\"props\":{\"content\":\"Thermo-Etiketten f\\u00fcr Waagensysteme (z.B. Bizerba)\",\"title_element\":\"div\",\"title_style\":\"h2\"}},{\"type\":\"divider\",\"props\":{\"divider_align\":\"\",\"divider_align_breakpoint\":\"\",\"divider_align_fallback\":\"\",\"divider_element\":\"div\",\"divider_style\":\"small\",\"margin\":\"medium\",\"margin_remove_top\":true}},{\"type\":\"text\",\"props\":{\"column_breakpoint\":\"m\",\"content\":\"\n\n<ul>\\n\n\n<li>Individuelle Ma\\u00dfe, Mengen und Eindrucke m\\u00f6glich<\\\/li>\\n\n\n<li>Thermopapier \\\"ECO\\\" oder \\\"TOP\\\" (100% BPA frei)<\\\/li>\\n\n\n<li>Nachtr\\u00e4glich bedruckbar (z.B. Thermotransferdruck)<\\\/li>\\n\n\n<li>Stark haftender Kleber<\\\/li>\\n\n\n<li>Versand innerhalb von 2 Werktagen (bei Lagerware)<\\\/li>\\n<\\\/ul>\",\"margin\":\"default\"}}]},{\"type\":\"column\",\"props\":{\"image_position\":\"center-center\",\"media_overlay_gradient\":\"\",\"position_sticky_breakpoint\":\"m\",\"width_medium\":\"1-2\"},\"children\":[{\"type\":\"image\",\"props\":{\"image\":\"wp-content\\\/uploads\\\/2020\\\/03\\\/iStock_1172297609_Giselleflissak-scaled.jpg\",\"image_svg_color\":\"emphasis\",\"margin\":\"default\"}}]}]}],\"name\":\"Thermoetiketten\"},{\"type\":\"section\",\"props\":{\"image_position\":\"center-center\",\"style\":\"default\",\"title_breakpoint\":\"xl\",\"title_position\":\"top-left\",\"title_rotation\":\"left\",\"vertical_align\":\"middle\",\"width\":\"default\"},\"children\":[{\"type\":\"row\",\"props\":{\"layout\":\"1-2,1-2\"},\"children\":[{\"type\":\"column\",\"props\":{\"image_position\":\"center-center\",\"media_overlay_gradient\":\"\",\"position_sticky_breakpoint\":\"m\",\"width_medium\":\"1-2\"},\"children\":[{\"type\":\"image\",\"props\":{\"image\":\"wp-content\\\/uploads\\\/2019\\\/11\\\/Schlaufenetikett7.jpg\",\"image_svg_color\":\"emphasis\",\"margin\":\"default\"}}]},{\"type\":\"column\",\"props\":{\"image_position\":\"center-center\",\"media_overlay_gradient\":\"\",\"position_sticky_breakpoint\":\"m\",\"width_medium\":\"1-2\"},\"children\":[{\"type\":\"headline\",\"props\":{\"content\":\"\n\n<p>Schlaufen-Etiketten f\\u00fcr Transportkisten<\\\/p>\",\"title_element\":\"h2\"}},{\"type\":\"divider\",\"props\":{\"divider_align\":\"\",\"divider_align_breakpoint\":\"\",\"divider_align_fallback\":\"\",\"divider_element\":\"div\",\"divider_style\":\"small\"}},{\"type\":\"text\",\"props\":{\"column_breakpoint\":\"m\",\"content\":\"\n\n<ul>\\n\n\n<li>Blanko-Etiketten (Kunststoff)<\\\/li>\\n\n\n<li>Hohe Rei\\u00dffestigkeit<\\\/li>\\n\n\n<li>Nachtr\\u00e4glich bedruckbar (z.B. Thermotransferdruck) und beschreibbar (z.B. Kugelschreiber)<\\\/li>\\n<\\\/ul>\",\"margin\":\"default\"}}]}]}]}],\"version\":\"3.0.20\"} --><\/p>\n","protected":false},"excerpt":{"rendered":"<p>Fleischerhandwerk Hochwertige Etiketten f\u00fcr Fleischereien und Metzgereien Optimale Kennzeichnung von Fleischereiprodukten myLabels bietet vielf\u00e4ltige Etiketten f\u00fcr das Fleischereihandwerk an. Vom BPA freien Thermoetikett f\u00fcr die unterschiedlichsten Waagensysteme \u00fcber kleberfreie Etiketten f\u00fcr den direkten Fleischde\/kontakt bis zu Etiketten f\u00fcr Umverpackungen. Diese Etiketten k\u00f6nnen in individuellen Ma\u00dfen, Mengen und mit oder ohne Eindruck geliefert werden. Etiketten f\u00fcr [&hellip;]<\/p>\n","protected":false},"author":10,"featured_media":0,"parent":42,"menu_order":0,"comment_status":"closed","ping_status":"closed","template":"","meta":{"footnotes":""},"class_list":["post-3031","page","type-page","status-publish","hentry"],"_links":{"self":[{"href":"https:\/\/www.mylabels.de\/de\/wp-json\/wp\/v2\/pages\/3031","targetHints":{"allow":["GET"]}}],"collection":[{"href":"https:\/\/www.mylabels.de\/de\/wp-json\/wp\/v2\/pages"}],"about":[{"href":"https:\/\/www.mylabels.de\/de\/wp-json\/wp\/v2\/types\/page"}],"author":[{"embeddable":true,"href":"https:\/\/www.mylabels.de\/de\/wp-json\/wp\/v2\/users\/10"}],"replies":[{"embeddable":true,"href":"https:\/\/www.mylabels.de\/de\/wp-json\/wp\/v2\/comments?post=3031"}],"version-history":[{"count":5,"href":"https:\/\/www.mylabels.de\/de\/wp-json\/wp\/v2\/pages\/3031\/revisions"}],"predecessor-version":[{"id":5241,"href":"https:\/\/www.mylabels.de\/de\/wp-json\/wp\/v2\/pages\/3031\/revisions\/5241"}],"up":[{"embeddable":true,"href":"https:\/\/www.mylabels.de\/de\/wp-json\/wp\/v2\/pages\/42"}],"wp:attachment":[{"href":"https:\/\/www.mylabels.de\/de\/wp-json\/wp\/v2\/media?parent=3031"}],"curies":[{"name":"wp","href":"https:\/\/api.w.org\/{rel}","templated":true}]}}