{"id":304,"date":"2019-07-01T16:54:05","date_gmt":"2019-07-01T14:54:05","guid":{"rendered":"http:\/\/dev.sun-concept.de\/wp-mylabels\/?page_id=304"},"modified":"2023-03-20T17:39:12","modified_gmt":"2023-03-20T16:39:12","slug":"automotive","status":"publish","type":"page","link":"https:\/\/www.mylabels.de\/de\/branchen\/automotive\/","title":{"rendered":"Automotive"},"content":{"rendered":"<h1>Automotive<\/h1>\n<div>\n<p>Etiketten f\u00fcr die Automobilindustrie<\/p>\n<\/div>\n<h2>Qualit\u00e4t ohne Kompromisse<\/h2>\n<hr>\n<div>\n<p>Die Automotiveindustrie stellt hohe Anforderungen, wenn es um die Kennzeichnung von Produkten geht. Die Etiketten von myLabels meistern diese schwierigen Aufgaben ausgezeichnet. Mit Qualit\u00e4t und Service setzen wir h\u00f6chste Standards bei der Identifizierung im B2B-Bereich. Auf unsere langj\u00e4hrige Erfahrung und unsere ISO-Zertifizierung vertrauen namhafte Unternehmen wie Continental, Ebersp\u00e4cher und Siemens.<\/p>\n<p>Neben der Etikettenentwicklung und -herstellung bieten wir als Handelsvertretung der Firma cab Produkttechnik GmbH &amp; Co. KG, Thermotransferdrucker und -etikettierer an. Auch der Service und die Wartung der Drucksysteme sind bei uns gut aufgehoben.<\/p>\n<\/div>\n<p><img decoding=\"async\" src=\"\/wp-content\/uploads\/2019\/09\/Plastikteil3.jpg\" alt=\"Automobilteil wird mit Etikett beklebt\"><\/p>\n<p>\n    <a href=\"\/de\/produkte\/barcode-etiketten\/\">Barcode-Etiketten<\/a>\n<\/p>\n<h2>Etiketten f\u00fcr die Automotiveindustrie m\u00fcssen mehr leisten<\/h2>\n<hr>\n<div>\n<p>Unsere hohen Qualit\u00e4tsstandards sind in der Automobilindustrie mit ihren extremen Anforderungen an Etiketten besonders wichtig. Die Etiketten m\u00fcssen best\u00e4ndig sein gegen chemische Substanzen, hohe und niedrige Temperaturen sowie mechanische Einfl\u00fcsse. Sie sollen ausreichend Klebkraft besitzen und, wenn erforderlich, r\u00fcckstandsfrei abl\u00f6sbar, rei\u00dffest, kratzfest und stets einwandfrei lesbar sein.<\/p>\n<p>Unser breites Spektrum an Etiketten f\u00fcr Autoteile mit fortlaufenden Barcodes und Seriennummern gibt es ganz nach Wunsch mit Etikettendruck oder als Blankoetikett. Unsere leistungsstarken Blankoetiketten k\u00f6nnen mittels Thermotransfer- oder Thermodirektdruck bedruckt werden.<\/p>\n<p>Wir sind Spezialisten f\u00fcr Warn- und Hinweisetiketten, Sicherheitsetiketten, Datamatrix-Code-Etiketten und Pr\u00fcfmitteletiketten.<\/p>\n<p>Je nach zu beklebendem Untergrund wie Metall, Gummi oder Textilien setzen wir bei der Herstellung unserer Etiketten das jeweils passende Material ein.<\/p>\n<p>Unsere hochwertigen Etiketten sichern Ihren wirtschaftlichen Erfolg und entsprechen exakt den Normen und Spezifikationen der Automobilindustrie.<\/p>\n<p>\u00a0<\/p>\n<\/div>\n<h3>F\u00fcr jeden Einsatz das passende Etikett<\/h3>\n<div>\n<p>Im praktischen Einsatz bew\u00e4hren sich unsere L\u00f6sungen etwa als mehrfarbiges Informationsetikett f\u00fcr Autobatterien oder als Etikett zur Anwendung im Motorrraum. Vorgedruckte Typenschilder lassen sich je nach Bedarf mit Thermotransferdruckern nachtr\u00e4glich beim Kunden beschriften. Dabei achten wir auf die optimale Kombination aus Etikettenmaterial und Thermotransferband (Farbband).<\/p>\n<p>Wir finden f\u00fcr jede Anforderung die passende L\u00f6sung und k\u00f6nnen dabei auf eine breite Palette an zertifizierten Materialien zur\u00fcckgreifen.<\/p>\n<\/div>\n<p><img decoding=\"async\" src=\"\/wp-content\/uploads\/2019\/09\/Airbagabdeckung.jpg\" alt=\"Warnhinweisschild wird auf Automobilteil geklebt\"><\/p>\n<div>Warnhinweisschilder <\/div>\n<p><img decoding=\"async\" src=\"\/wp-content\/uploads\/2019\/09\/Stanzblech_silberne-Antihaft-Beschichtung.jpg\" alt=\"Reifen mit Aufkleber und Stanzblech\"><\/p>\n<div>\n<p>Reifenkennzeichnung<\/p>\n<\/div>\n<p><!--more--><br \/>\n<!-- {\"name\":\"Pharma-Unterseite\",\"type\":\"layout\",\"children\":[{\"type\":\"section\",\"props\":{\"animation\":\"fade\",\"id\":\"header\",\"image\":\"wp-content\\\/uploads\\\/2019\\\/10\\\/1034249292_Grassetto_-Automotivebranche.jpg\",\"image_position\":\"center-center\",\"image_size\":\"cover\",\"image_width\":\"400\",\"media_overlay\":\"rgba(0, 160, 222, 0.8)\",\"padding\":\"none\",\"style\":\"primary\",\"title_breakpoint\":\"xl\",\"title_position\":\"top-left\",\"title_rotation\":\"left\",\"vertical_align\":\"middle\",\"width\":\"default\"},\"children\":[{\"type\":\"row\",\"children\":[{\"type\":\"column\",\"props\":{\"image_position\":\"center-center\",\"media_overlay_gradient\":\"\",\"position_sticky_breakpoint\":\"m\",\"vertical_align\":\"middle\",\"width_medium\":\"1-1\"},\"children\":[{\"type\":\"headline\",\"props\":{\"content\":\"Automotive\",\"text_align\":\"center\",\"title_element\":\"h1\",\"title_style\":\"heading-small\"}},{\"type\":\"text\",\"props\":{\"column_breakpoint\":\"m\",\"content\":\"\n\n<p>Etiketten f\\u00fcr die Automobilindustrie<\\\/p>\",\"margin\":\"default\",\"text_align\":\"center\",\"text_style\":\"large\"}}]}]}],\"name\":\"Header\"},{\"type\":\"section\",\"props\":{\"image_position\":\"center-center\",\"padding\":\"xsmall\",\"style\":\"default\",\"title_breakpoint\":\"xl\",\"title_position\":\"top-left\",\"title_rotation\":\"left\",\"vertical_align\":\"middle\",\"width\":\"default\"},\"children\":[{\"type\":\"row\",\"children\":[{\"type\":\"column\",\"props\":{\"image_position\":\"center-center\",\"media_overlay_gradient\":\"\",\"position_sticky_breakpoint\":\"m\",\"width_medium\":\"1-1\"},\"children\":[{\"type\":\"module\",\"props\":{\"menu_image_align\":\"center\",\"menu_image_margin\":true,\"menu_style\":\"default\",\"menu_type\":\"nav\",\"type\":\"breadcrumbs\",\"widget\":\"breadcrumbs-2\"}}]}]}],\"name\":\"Breadcrumbs\"},{\"type\":\"section\",\"props\":{\"animation\":\"fade\",\"image_position\":\"center-center\",\"padding\":\"large\",\"style\":\"muted\",\"title_breakpoint\":\"xl\",\"title_position\":\"top-left\",\"title_rotation\":\"left\",\"vertical_align\":\"middle\",\"width\":\"default\"},\"children\":[{\"type\":\"row\",\"props\":{\"column_gap\":\"large\",\"layout\":\"1-2,1-2\"},\"children\":[{\"type\":\"column\",\"props\":{\"image_position\":\"center-center\",\"media_overlay_gradient\":\"\",\"position_sticky_breakpoint\":\"m\",\"vertical_align\":\"middle\",\"width_medium\":\"1-2\"},\"children\":[{\"type\":\"headline\",\"props\":{\"content\":\"Qualit\\u00e4t ohne Kompromisse\",\"margin\":\"default\",\"title_element\":\"h2\"}},{\"type\":\"divider\",\"props\":{\"divider_align\":\"\",\"divider_align_breakpoint\":\"\",\"divider_align_fallback\":\"\",\"divider_element\":\"hr\",\"divider_style\":\"small\",\"margin\":\"medium\",\"margin_remove_top\":true}},{\"type\":\"text\",\"props\":{\"column_breakpoint\":\"m\",\"content\":\"\n\n<p>Die Automotiveindustrie stellt hohe Anforderungen, wenn es um die Kennzeichnung von Produkten geht. Die Etiketten von myLabels meistern diese schwierigen Aufgaben ausgezeichnet. Mit Qualit\\u00e4t und Service setzen wir h\\u00f6chste Standards bei der Identifizierung im B2B-Bereich. Auf unsere langj\\u00e4hrige Erfahrung und unsere ISO-Zertifizierung vertrauen namhafte Unternehmen wie Continental, Ebersp\\u00e4cher und Siemens.<\\\/p>\\n\n\n<p>Neben der Etikettenentwicklung und -herstellung bieten wir als Handelsvertretung der Firma cab Produkttechnik GmbH &amp; Co. KG, Thermotransferdrucker und -etikettierer an. Auch der Service und die Wartung der Drucksysteme sind bei uns gut aufgehoben.<\\\/p>\",\"margin\":\"medium\"}}]},{\"type\":\"column\",\"props\":{\"image_position\":\"center-center\",\"media_overlay_gradient\":\"\",\"order_first\":\"m\",\"position_sticky_breakpoint\":\"m\",\"width_medium\":\"1-2\"},\"children\":[{\"type\":\"image\",\"props\":{\"image\":\"wp-content\\\/uploads\\\/2019\\\/09\\\/Plastikteil3.jpg\",\"image_alt\":\"Automobilteil wird mit Etikett beklebt\",\"image_height\":\"680\",\"image_svg_color\":\"emphasis\",\"image_width\":\"680\",\"margin\":\"default\"}},{\"type\":\"button\",\"props\":{\"grid_column_gap\":\"small\",\"grid_row_gap\":\"small\",\"margin\":\"default\"},\"children\":[{\"type\":\"button_item\",\"props\":{\"button_style\":\"link-text\",\"content\":\"Barcode-Etiketten\",\"icon\":\"arrow-right\",\"icon_align\":\"right\",\"link\":\"de\\\/produkte\\\/barcode-etiketten\\\/\"}}]}]}]}],\"name\":\"Intro\"},{\"type\":\"section\",\"props\":{\"animation\":\"fade\",\"image_position\":\"center-center\",\"padding\":\"large\",\"style\":\"default\",\"title_breakpoint\":\"xl\",\"title_position\":\"top-left\",\"title_rotation\":\"left\",\"vertical_align\":\"middle\",\"width\":\"default\"},\"children\":[{\"type\":\"row\",\"props\":{\"column_gap\":\"large\",\"layout\":\"1-2,1-2\"},\"children\":[{\"type\":\"column\",\"props\":{\"image_position\":\"center-center\",\"media_overlay_gradient\":\"\",\"position_sticky_breakpoint\":\"m\",\"width_medium\":\"1-2\"},\"children\":[{\"type\":\"headline\",\"props\":{\"content\":\"Etiketten f\\u00fcr die Automotiveindustrie m\\u00fcssen mehr leisten\",\"title_element\":\"h2\"}},{\"type\":\"divider\",\"props\":{\"divider_align\":\"\",\"divider_align_breakpoint\":\"\",\"divider_align_fallback\":\"\",\"divider_element\":\"hr\",\"divider_style\":\"small\",\"margin\":\"medium\",\"margin_remove_top\":true}},{\"type\":\"text\",\"props\":{\"column_breakpoint\":\"m\",\"content\":\"\n\n<p>Unsere hohen Qualit\\u00e4tsstandards sind in der Automobilindustrie mit ihren extremen Anforderungen an Etiketten besonders wichtig. Die Etiketten m\\u00fcssen best\\u00e4ndig sein gegen chemische Substanzen, hohe und niedrige Temperaturen sowie mechanische Einfl\\u00fcsse. Sie sollen ausreichend Klebkraft besitzen und, wenn erforderlich, r\\u00fcckstandsfrei abl\\u00f6sbar, rei\\u00dffest, kratzfest und stets einwandfrei lesbar sein.<\\\/p>\\n\n\n<p>Unser breites Spektrum an Etiketten f\\u00fcr Autoteile mit fortlaufenden Barcodes und Seriennummern gibt es ganz nach Wunsch mit Etikettendruck oder als Blankoetikett. Unsere leistungsstarken Blankoetiketten k\\u00f6nnen mittels Thermotransfer- oder Thermodirektdruck bedruckt werden.<\\\/p>\\n\n\n<p>Wir sind Spezialisten f\\u00fcr Warn- und Hinweisetiketten, Sicherheitsetiketten, Datamatrix-Code-Etiketten und Pr\\u00fcfmitteletiketten.<\\\/p>\\n\n\n<p>Je nach zu beklebendem Untergrund wie Metall, Gummi oder Textilien setzen wir bei der Herstellung unserer Etiketten das jeweils passende Material ein.<\\\/p>\\n\n\n<p>Unsere hochwertigen Etiketten sichern Ihren wirtschaftlichen Erfolg und entsprechen exakt den Normen und Spezifikationen der Automobilindustrie.<\\\/p>\\n\n\n<p>\\u00a0<\\\/p>\",\"margin\":\"default\"}},{\"type\":\"headline\",\"props\":{\"content\":\"F\\u00fcr jeden Einsatz das passende Etikett\",\"title_element\":\"h3\"}},{\"type\":\"text\",\"props\":{\"column_breakpoint\":\"m\",\"content\":\"\n\n<p>Im praktischen Einsatz bew\\u00e4hren sich unsere L\\u00f6sungen etwa als mehrfarbiges Informationsetikett f\\u00fcr Autobatterien oder als Etikett zur Anwendung im Motorrraum. Vorgedruckte Typenschilder lassen sich je nach Bedarf mit Thermotransferdruckern nachtr\\u00e4glich beim Kunden beschriften. Dabei achten wir auf die optimale Kombination aus Etikettenmaterial und Thermotransferband (Farbband).<\\\/p>\\n\n\n<p>Wir finden f\\u00fcr jede Anforderung die passende L\\u00f6sung und k\\u00f6nnen dabei auf eine breite Palette an zertifizierten Materialien zur\\u00fcckgreifen.<\\\/p>\",\"margin\":\"default\"}}]},{\"type\":\"column\",\"props\":{\"image_position\":\"center-center\",\"media_overlay_gradient\":\"\",\"position_sticky_breakpoint\":\"m\",\"width_medium\":\"1-2\"},\"children\":[{\"type\":\"image\",\"props\":{\"image\":\"wp-content\\\/uploads\\\/2019\\\/09\\\/Airbagabdeckung.jpg\",\"image_alt\":\"Warnhinweisschild wird auf Automobilteil geklebt\",\"image_height\":\"680\",\"image_svg_color\":\"emphasis\",\"image_width\":\"680\",\"margin\":\"default\"}},{\"type\":\"text\",\"props\":{\"column_breakpoint\":\"m\",\"content\":\"Warnhinweisschilder \",\"margin\":\"default\"}},{\"type\":\"image\",\"props\":{\"image\":\"wp-content\\\/uploads\\\/2019\\\/09\\\/Stanzblech_silberne-Antihaft-Beschichtung.jpg\",\"image_alt\":\"Reifen mit Aufkleber und Stanzblech\",\"image_height\":\"680\",\"image_svg_color\":\"emphasis\",\"image_width\":\"680\",\"margin\":\"default\"}},{\"type\":\"text\",\"props\":{\"column_breakpoint\":\"m\",\"content\":\"\n\n<p>Reifenkennzeichnung<\\\/p>\",\"margin\":\"default\"}}]}]}]}],\"version\":\"3.0.20\"} --><\/p>\n","protected":false},"excerpt":{"rendered":"<p>Automotive Etiketten f\u00fcr die Automobilindustrie Qualit\u00e4t ohne Kompromisse Die Automotiveindustrie stellt hohe Anforderungen, wenn es um die Kennzeichnung von Produkten geht. Die Etiketten von myLabels meistern diese schwierigen Aufgaben ausgezeichnet. Mit Qualit\u00e4t und Service setzen wir h\u00f6chste Standards bei der Identifizierung im B2B-Bereich. Auf unsere langj\u00e4hrige Erfahrung und unsere ISO-Zertifizierung vertrauen namhafte Unternehmen wie Continental, [&hellip;]<\/p>\n","protected":false},"author":10,"featured_media":0,"parent":42,"menu_order":0,"comment_status":"closed","ping_status":"closed","template":"","meta":{"footnotes":""},"class_list":["post-304","page","type-page","status-publish","hentry"],"_links":{"self":[{"href":"https:\/\/www.mylabels.de\/de\/wp-json\/wp\/v2\/pages\/304","targetHints":{"allow":["GET"]}}],"collection":[{"href":"https:\/\/www.mylabels.de\/de\/wp-json\/wp\/v2\/pages"}],"about":[{"href":"https:\/\/www.mylabels.de\/de\/wp-json\/wp\/v2\/types\/page"}],"author":[{"embeddable":true,"href":"https:\/\/www.mylabels.de\/de\/wp-json\/wp\/v2\/users\/10"}],"replies":[{"embeddable":true,"href":"https:\/\/www.mylabels.de\/de\/wp-json\/wp\/v2\/comments?post=304"}],"version-history":[{"count":5,"href":"https:\/\/www.mylabels.de\/de\/wp-json\/wp\/v2\/pages\/304\/revisions"}],"predecessor-version":[{"id":5235,"href":"https:\/\/www.mylabels.de\/de\/wp-json\/wp\/v2\/pages\/304\/revisions\/5235"}],"up":[{"embeddable":true,"href":"https:\/\/www.mylabels.de\/de\/wp-json\/wp\/v2\/pages\/42"}],"wp:attachment":[{"href":"https:\/\/www.mylabels.de\/de\/wp-json\/wp\/v2\/media?parent=304"}],"curies":[{"name":"wp","href":"https:\/\/api.w.org\/{rel}","templated":true}]}}