{"id":306,"date":"2019-07-01T16:54:25","date_gmt":"2019-07-01T14:54:25","guid":{"rendered":"http:\/\/dev.sun-concept.de\/wp-mylabels\/?page_id=306"},"modified":"2023-03-20T17:39:52","modified_gmt":"2023-03-20T16:39:52","slug":"textilien-bekleidung","status":"publish","type":"page","link":"https:\/\/www.mylabels.de\/de\/branchen\/textilien-bekleidung\/","title":{"rendered":"Textil\/Bekleidung"},"content":{"rendered":"<h1>Textil\/Bekleidung<\/h1>\n<div>Etiketten f\u00fcr die Textil- und Bekleidungsindustrie <\/div>\n<h2>Textilkennzeichnung<\/h2>\n<hr>\n<div>\n<p>Nach dem Textilkennzeichnungsgesetz m\u00fcssen Textilerzeugnisse, bei denen das Gewicht zu mindestens 80 % aus textilen Rohstoffen besteht, gekennzeichnet werden. Um dieser Pflicht nachzukommen, werden Etiketten mit den notwendigen Angaben zum verwendeten Material und dem Ort der Herstellung an das Produkt angebracht.<\/p>\n<p><strong>myLabels<\/strong> bietet Firmen hier je nach Anwendungsbereich die richtige L\u00f6sung an. Von der Kennzeichnung von Bekleidung bis hin zu Fallschirmen werden unsere Etiketten erfolgreich eingesetzt. Sie k\u00f6nnen bei uns w\u00e4hlen, ob Sie die Etiketten im Thermotransferdruck selbst bedrucken wollen oder ob Sie auf unseren Service zur\u00fcckgreifen m\u00f6chten und wir die Arbeit f\u00fcr Sie erledigen.<\/p>\n<p style=\"color: red;\"><span style=\"color: #808080;\">Neben der Etikettenentwicklung und -herstellung bieten wir als Handelsvertretung der Firma cab Produkttechnik GmbH &amp; Co. KG, Thermotransferdrucker und -etikettierer an. Auch der Service und die Wartung der Drucksysteme sind bei uns gut aufgehoben.<\/span><\/p>\n<\/div>\n<p><img decoding=\"async\" src=\"\/wp-content\/uploads\/2019\/10\/unsplash_julian_hochgesang_Kleidung.jpg\" alt=\"Mehrere B\u00fcgel mit Kleidung auf Kleiderstange\"><\/p>\n<div>Unsere Textil-Etiketten<\/div>\n<ul>\n<li>\n<p>        <img decoding=\"async\" src=\"\/wp-content\/uploads\/2019\/10\/542291866_Tarzhanova_Textiletikett-PA-Taft.jpg\" alt=\"Textiletikett auf grauem Stoff mit wei\u00dfen Punkten\"><\/p>\n<h3>PA Textiletiketten Taft<\/h3>\n<\/li>\n<li>\n<p>        <img decoding=\"async\" src=\"\/wp-content\/uploads\/2019\/10\/1013437672_AndreyPopov_Textiletikett-PET-Taft.jpg\" alt=\"Hand h\u00e4lt Textiletikett in Jackettasche\"><\/p>\n<h3>PET Textiletiketten Taft<\/h3>\n<\/li>\n<li>\n<p>        <img decoding=\"async\" src=\"\/wp-content\/uploads\/2019\/10\/949218828_AndreyPopov_Textiletikett-Satin.jpg\" alt=\"H\u00e4nde halten Textiletikett auf rosa Kleidungsst\u00fcck\"><\/p>\n<h3>PET Textiletiketten Satin<\/h3>\n<\/li>\n<\/ul>\n<p>\n    <a href=\"\/de\/produkte\/textil-etiketten\/#produktbeschreibung\">Zur Produktbeschreibung<\/a>\n<\/p>\n<p><!--more--><br \/>\n<!-- {\"type\":\"layout\",\"children\":[{\"type\":\"section\",\"props\":{\"animation\":\"fade\",\"id\":\"header\",\"image\":\"wp-content\\\/uploads\\\/2019\\\/10\\\/1170249557_poco_bw_Textilindustrie.jpg\",\"image_position\":\"top-center\",\"image_size\":\"cover\",\"image_width\":\"400\",\"media_overlay\":\"rgba(0, 160, 222, 0.8)\",\"padding\":\"none\",\"style\":\"primary\",\"title_breakpoint\":\"xl\",\"title_position\":\"top-left\",\"title_rotation\":\"left\",\"vertical_align\":\"middle\",\"width\":\"default\"},\"children\":[{\"type\":\"row\",\"children\":[{\"type\":\"column\",\"props\":{\"image_position\":\"center-center\",\"media_overlay_gradient\":\"\",\"position_sticky_breakpoint\":\"m\",\"vertical_align\":\"middle\",\"width_medium\":\"1-1\"},\"children\":[{\"type\":\"headline\",\"props\":{\"content\":\"Textil\\\/Bekleidung\",\"text_align\":\"center\",\"title_element\":\"h1\",\"title_style\":\"heading-small\"}},{\"type\":\"text\",\"props\":{\"column_breakpoint\":\"m\",\"content\":\"Etiketten f\\u00fcr die Textil- und Bekleidungsindustrie \",\"margin\":\"default\",\"text_align\":\"center\",\"text_style\":\"large\"}}]}]}],\"name\":\"Header\"},{\"type\":\"section\",\"props\":{\"image_position\":\"center-center\",\"padding\":\"xsmall\",\"style\":\"default\",\"title_breakpoint\":\"xl\",\"title_position\":\"top-left\",\"title_rotation\":\"left\",\"vertical_align\":\"middle\",\"width\":\"default\"},\"children\":[{\"type\":\"row\",\"children\":[{\"type\":\"column\",\"props\":{\"image_position\":\"center-center\",\"media_overlay_gradient\":\"\",\"position_sticky_breakpoint\":\"m\",\"width_medium\":\"1-1\"},\"children\":[{\"type\":\"module\",\"props\":{\"menu_image_align\":\"center\",\"menu_image_margin\":true,\"menu_style\":\"default\",\"menu_type\":\"nav\",\"type\":\"breadcrumbs\",\"widget\":\"breadcrumbs-2\"}}]}]}],\"name\":\"Breadcrumbs\"},{\"type\":\"section\",\"props\":{\"animation\":\"fade\",\"image_position\":\"center-center\",\"padding\":\"large\",\"style\":\"muted\",\"title_breakpoint\":\"xl\",\"title_position\":\"top-left\",\"title_rotation\":\"left\",\"vertical_align\":\"middle\",\"width\":\"default\"},\"children\":[{\"type\":\"row\",\"props\":{\"column_gap\":\"large\",\"layout\":\"1-2,1-2\"},\"children\":[{\"type\":\"column\",\"props\":{\"image_position\":\"center-center\",\"media_overlay_gradient\":\"\",\"position_sticky_breakpoint\":\"m\",\"vertical_align\":\"middle\",\"width_medium\":\"1-2\"},\"children\":[{\"type\":\"headline\",\"props\":{\"content\":\"Textilkennzeichnung\",\"margin\":\"default\",\"title_element\":\"h2\"}},{\"type\":\"divider\",\"props\":{\"divider_align\":\"\",\"divider_align_breakpoint\":\"\",\"divider_align_fallback\":\"\",\"divider_element\":\"hr\",\"divider_style\":\"small\",\"margin\":\"medium\",\"margin_remove_top\":true}},{\"type\":\"text\",\"props\":{\"column_breakpoint\":\"m\",\"content\":\"\n\n<p>Nach dem Textilkennzeichnungsgesetz m\\u00fcssen Textilerzeugnisse, bei denen das Gewicht zu mindestens 80 % aus textilen Rohstoffen besteht, gekennzeichnet werden. Um dieser Pflicht nachzukommen, werden Etiketten mit den notwendigen Angaben zum verwendeten Material und dem Ort der Herstellung an das Produkt angebracht.<\\\/p>\\n\n\n<p><strong>myLabels<\\\/strong> bietet Firmen hier je nach Anwendungsbereich die richtige L\\u00f6sung an. Von der Kennzeichnung von Bekleidung bis hin zu Fallschirmen werden unsere Etiketten erfolgreich eingesetzt. Sie k\\u00f6nnen bei uns w\\u00e4hlen, ob Sie die Etiketten im Thermotransferdruck selbst bedrucken wollen oder ob Sie auf unseren Service zur\\u00fcckgreifen m\\u00f6chten und wir die Arbeit f\\u00fcr Sie erledigen.<\\\/p>\\n\n\n<p style=\\\"color: red;\\\"><span style=\\\"color: #808080;\\\">Neben der Etikettenentwicklung und -herstellung bieten wir als Handelsvertretung der Firma cab Produkttechnik GmbH &amp; Co. KG, Thermotransferdrucker und -etikettierer an. Auch der Service und die Wartung der Drucksysteme sind bei uns gut aufgehoben.<\\\/span><\\\/p>\",\"margin\":\"medium\"}}]},{\"type\":\"column\",\"props\":{\"image_position\":\"center-center\",\"media_overlay_gradient\":\"\",\"order_first\":\"m\",\"position_sticky_breakpoint\":\"m\",\"width_medium\":\"1-2\"},\"children\":[{\"type\":\"image\",\"props\":{\"image\":\"wp-content\\\/uploads\\\/2019\\\/10\\\/unsplash_julian_hochgesang_Kleidung.jpg\",\"image_alt\":\"Mehrere B\\u00fcgel mit Kleidung auf Kleiderstange\",\"image_height\":\"680\",\"image_svg_color\":\"emphasis\",\"image_width\":\"680\",\"margin\":\"default\"}}]}]}],\"name\":\"Intro\"},{\"type\":\"section\",\"props\":{\"animation\":\"fade\",\"image_position\":\"center-center\",\"padding\":\"large\",\"style\":\"secondary\",\"title_breakpoint\":\"xl\",\"title_position\":\"top-left\",\"title_rotation\":\"left\",\"vertical_align\":\"middle\",\"width\":\"default\"},\"children\":[{\"type\":\"row\",\"children\":[{\"type\":\"column\",\"props\":{\"image_position\":\"center-center\",\"media_overlay_gradient\":\"\",\"position_sticky_breakpoint\":\"m\",\"width_medium\":\"1-1\"},\"children\":[{\"type\":\"headline\",\"props\":{\"content\":\"Unsere Textil-Etiketten\",\"title_element\":\"div\",\"title_style\":\"h2\"}},{\"type\":\"divider\",\"props\":{\"divider_align\":\"\",\"divider_align_breakpoint\":\"\",\"divider_align_fallback\":\"\",\"divider_element\":\"div\",\"divider_style\":\"small\",\"margin\":\"medium\",\"margin_remove_top\":true}}]}]},{\"type\":\"row\",\"children\":[{\"type\":\"column\",\"props\":{\"image_position\":\"center-center\",\"media_overlay_gradient\":\"\",\"position_sticky_breakpoint\":\"m\",\"width_medium\":\"1-1\"},\"children\":[{\"type\":\"grid\",\"props\":{\"content_column_breakpoint\":\"m\",\"css\":\".el-item { font-size: 16px; }\\n\\n.el-item ul { margin: 0; padding: 0; list-style: none; }\\n\\n.el-item li { padding: 0.5rem 0;}\\n\\n.el-item li:not(:last-child) { border-bottom: 1px solid rgba(255,255,255,0.15); }\\n\",\"filter_align\":\"left\",\"filter_all\":true,\"filter_grid_breakpoint\":\"m\",\"filter_grid_width\":\"auto\",\"filter_position\":\"top\",\"filter_style\":\"tab\",\"grid_default\":\"1\",\"grid_medium\":\"3\",\"icon_width\":80,\"image_align\":\"top\",\"image_grid_breakpoint\":\"m\",\"image_grid_width\":\"1-2\",\"image_height\":\"450\",\"image_svg_color\":\"emphasis\",\"image_width\":\"600\",\"item_animation\":true,\"link_style\":\"default\",\"link_text\":\"Read more\",\"margin\":\"default\",\"meta_align\":\"below-title\",\"meta_element\":\"div\",\"meta_margin\":\"small\",\"meta_style\":\"text-meta\",\"panel_image_no_padding\":true,\"panel_padding\":\"small\",\"panel_style\":\"card-secondary\",\"parallax_easing\":\"1\",\"show_content\":true,\"show_image\":true,\"show_link\":true,\"show_meta\":true,\"show_title\":true,\"title_align\":\"top\",\"title_element\":\"h3\",\"title_grid_breakpoint\":\"m\",\"title_grid_width\":\"1-2\",\"title_hover_style\":\"reset\"},\"children\":[{\"type\":\"grid_item\",\"props\":{\"content\":\"\",\"image\":\"wp-content\\\/uploads\\\/2019\\\/10\\\/542291866_Tarzhanova_Textiletikett-PA-Taft.jpg\",\"image_alt\":\"Textiletikett auf grauem Stoff mit wei\\u00dfen Punkten\",\"meta\":\"\",\"title\":\"PA Textiletiketten Taft\"}},{\"type\":\"grid_item\",\"props\":{\"content\":\"\",\"image\":\"wp-content\\\/uploads\\\/2019\\\/10\\\/1013437672_AndreyPopov_Textiletikett-PET-Taft.jpg\",\"image_alt\":\"Hand h\\u00e4lt Textiletikett in Jackettasche\",\"meta\":\"\",\"title\":\"PET Textiletiketten Taft\"}},{\"type\":\"grid_item\",\"props\":{\"content\":\"\",\"image\":\"wp-content\\\/uploads\\\/2019\\\/10\\\/949218828_AndreyPopov_Textiletikett-Satin.jpg\",\"image_alt\":\"H\\u00e4nde halten Textiletikett auf rosa Kleidungsst\\u00fcck\",\"meta\":\"\",\"title\":\"PET Textiletiketten Satin\"}}]}]}]},{\"type\":\"row\",\"children\":[{\"type\":\"column\",\"props\":{\"image_position\":\"center-center\",\"media_overlay_gradient\":\"\",\"position_sticky_breakpoint\":\"m\",\"width_medium\":\"1-1\"},\"children\":[{\"type\":\"button\",\"props\":{\"grid_column_gap\":\"small\",\"grid_row_gap\":\"small\",\"margin\":\"default\",\"text_align\":\"center\"},\"children\":[{\"type\":\"button_item\",\"props\":{\"button_style\":\"default\",\"content\":\"Zur Produktbeschreibung\",\"icon_align\":\"left\",\"link\":\"de\\\/produkte\\\/textil-etiketten\\\/#produktbeschreibung\"}}]}]}]}],\"name\":\"Textil Etiketten\"}],\"version\":\"3.0.20\"} --><\/p>\n","protected":false},"excerpt":{"rendered":"<p>Textil\/Bekleidung Etiketten f\u00fcr die Textil- und Bekleidungsindustrie Textilkennzeichnung Nach dem Textilkennzeichnungsgesetz m\u00fcssen Textilerzeugnisse, bei denen das Gewicht zu mindestens 80 % aus textilen Rohstoffen besteht, gekennzeichnet werden. Um dieser Pflicht nachzukommen, werden Etiketten mit den notwendigen Angaben zum verwendeten Material und dem Ort der Herstellung an das Produkt angebracht. myLabels bietet Firmen hier je nach [&hellip;]<\/p>\n","protected":false},"author":10,"featured_media":0,"parent":42,"menu_order":0,"comment_status":"closed","ping_status":"closed","template":"","meta":{"footnotes":""},"class_list":["post-306","page","type-page","status-publish","hentry"],"_links":{"self":[{"href":"https:\/\/www.mylabels.de\/de\/wp-json\/wp\/v2\/pages\/306","targetHints":{"allow":["GET"]}}],"collection":[{"href":"https:\/\/www.mylabels.de\/de\/wp-json\/wp\/v2\/pages"}],"about":[{"href":"https:\/\/www.mylabels.de\/de\/wp-json\/wp\/v2\/types\/page"}],"author":[{"embeddable":true,"href":"https:\/\/www.mylabels.de\/de\/wp-json\/wp\/v2\/users\/10"}],"replies":[{"embeddable":true,"href":"https:\/\/www.mylabels.de\/de\/wp-json\/wp\/v2\/comments?post=306"}],"version-history":[{"count":5,"href":"https:\/\/www.mylabels.de\/de\/wp-json\/wp\/v2\/pages\/306\/revisions"}],"predecessor-version":[{"id":5237,"href":"https:\/\/www.mylabels.de\/de\/wp-json\/wp\/v2\/pages\/306\/revisions\/5237"}],"up":[{"embeddable":true,"href":"https:\/\/www.mylabels.de\/de\/wp-json\/wp\/v2\/pages\/42"}],"wp:attachment":[{"href":"https:\/\/www.mylabels.de\/de\/wp-json\/wp\/v2\/media?parent=306"}],"curies":[{"name":"wp","href":"https:\/\/api.w.org\/{rel}","templated":true}]}}