{"id":308,"date":"2019-07-01T16:54:46","date_gmt":"2019-07-01T14:54:46","guid":{"rendered":"http:\/\/dev.sun-concept.de\/wp-mylabels\/?page_id=308"},"modified":"2023-03-20T17:39:58","modified_gmt":"2023-03-20T16:39:58","slug":"chemie-industrie","status":"publish","type":"page","link":"https:\/\/www.mylabels.de\/de\/branchen\/chemie-industrie\/","title":{"rendered":"Chemie"},"content":{"rendered":"<h1>Chemie<\/h1>\n<div>\n<p>Etiketten f\u00fcr die Chemieindustrie<\/p>\n<\/div>\n<h2>Chemie-Etiketten f\u00fcr die sichere Kennzeichnung von Gefahrstoffen nach GHS-Verordnung<\/h2>\n<hr>\n<div>\n<p>Qualit\u00e4t, Zuverl\u00e4ssigkeit und Service sind wichtige Voraussetzungen, um Etiketten f\u00fcr die chemische Industrie zu produzieren und zu drucken. Produzenten chemischer Stoffe k\u00f6nnen aus einer gro\u00dfen Auswahl an Chemie-Etiketten, die den gesetzlichen Anforderungen nach GHS- und CLP-Verordnung entsprechen, w\u00e4hlen.<\/p>\n<p>Das Unternehmen myLabels GmbH bietet neben diesen Eigenschaften einen umfassenden Kundenservice inklusive Wartung und Reparatur von Etikettendruckern und Etikettiersystemen an.<\/p>\n<\/div>\n<p><img decoding=\"async\" src=\"\/wp-content\/uploads\/2019\/10\/493330784_Phonix_a_Gefahrstoffetikett1.jpg\" alt=\"Blaue Kunststoffkanister mit korrosivem Inhalt auf Palette\"><\/p>\n<h2>Anforderungen an Chemie-Etiketten<\/h2>\n<hr>\n<div>\n<p>S\u00e4mtliche Chemikalien, die ein in der Chemie t\u00e4tiges Unternehmen herstellt, m\u00fcssen speziell verpackt und gekennzeichnet werden. Damit die Kennzeichnung f\u00fcr Verbraucher und gewerbliche Abnehmer sichtbar ist, m\u00fcssen die Etiketten auf verschiedenen Untergr\u00fcnden dauerhaft kleben bleiben und trotzdem nach Gebrauch wieder abl\u00f6sbar sein. Chemische Stoffe werden in Verpackungen aus Glas, Metall, Papier, Gummi, Holz oder Kunststoff transportiert und verkauft. Bei myLabels erhalten Sie geeignete Etiketten f\u00fcr die Chemieindustrie, die auf unterschiedlichen Untergr\u00fcnden sicher haften und lange leserlich bleiben.<\/p>\n<\/div>\n<div>\n<h3>Kennzeichnungspflicht nach GHS-Verordnung<\/h3>\n<div>\n<p>Grunds\u00e4tzlich erf\u00fcllen Gefahrstoff-Etiketten \u2013 wie der Name schon sagt \u2013 die Aufgabe, auf giftige und gesundheitsgef\u00e4hrdende Stoffe hinzuweisen. Diese werden gem\u00e4\u00df CLP\/GHS weltweit einheitlich gekennzeichnet. Das erfolgt mithilfe des von den Vereinten Nationen (UNO) eingef\u00fchrten global harmonisierten Systems zur Einstufung und Kennzeichnung von Chemikalien (GHS).<\/p>\n<p>Seitdem m\u00fcssen Chemikalien, S\u00e4uren und andere Produkte der Chemie nach der CLP-Verordnung (Classification, Labeling and Packaging of Substances and Mixtures) gekennzeichnet sein. Die Anforderungen umfassen auch die Best\u00e4ndigkeit und Lesbarkeit von Folienetiketten und anderen Chemie-Etiketten, um die korrekte Einstufung zu gew\u00e4hrleisten.<\/p>\n<\/div>\n<\/div>\n<div>\n<h3>Warum Chemie-Etiketten von myLabels?<\/h3>\n<div>\n<p>Das ISO-zertifizierte Unternehmen myLabels GmbH entwickelt und produziert die passenden Etiketten zur Kennzeichnung von Chemieprodukten. Au\u00dferdem sorgt der kompetente Kundenservice f\u00fcr den reibungslosen Gebrauch von Druckern und Etikettierger\u00e4ten und bietet jedem Kunden ein individuelles Wartungskonzept an, wodurch eine hohe Prozesssicherheit erreicht wird.<\/p>\n<p>Neben der Etikettenentwicklung und -herstellung bieten wir als Handelsvertretung der Firma cab Produkttechnik GmbH &amp; Co. KG, Thermotransferdrucker und -etikettierer an. Auch der Service und die Wartung der Drucksysteme sind bei uns gut aufgehoben.<\/p>\n<\/div>\n<\/div>\n<h3>Etiketten nach GHS-Verordnung<\/h3>\n<div>\n<p>Alle Etiketten, die auf dem Seeweg f\u00fcr die Kennzeichnung von F\u00e4ssern oder Transportbeh\u00e4ltern mit Gefahrgut eingesetzt werden, m\u00fcssen die besonderen Bestimmungen und Anforderungen nach BS5609 (BS = British Standard) erf\u00fcllen.<\/p>\n<p>Die GHS-Verordnung sagt aus, dass bedruckte und aufgeklebte Etikettenmaterialien drei Monate in Seewasser verbleiben k\u00f6nnen, ohne dass die Gefahr besteht, dass sich die Etiketten vom beklebten Untergrund abl\u00f6sen oder der Etikettenaufdruck unleserlich wird.<\/p>\n<p>Die myLabels GmbH bietet Etiketten-Farbband-Kombinationen an, welche der GHS-Verordnung entsprechen.<\/p>\n<\/div>\n<p><img decoding=\"async\" src=\"\/wp-content\/uploads\/2019\/09\/157529625_tunart_Gefahrstoffetikett-Gro%C3%9F.jpg\" alt=\"Blaue F\u00e4sser mit toxischem Inhalt\"><\/p>\n<h2>Weitere Etikettenanwendungen in der Chemieindustrie<\/h2>\n<ul>\n<li>\n<p>        <img decoding=\"async\" src=\"\/wp-content\/uploads\/2019\/10\/697462150_af_istocker_Barcodescan.jpg\" alt=\"Hand scannt Barcodeetikett auf Karton\"><\/p>\n<h3>Barcode-Etiketten<\/h3>\n<p><a href=\"\/de\/produkte\/barcode-etiketten\/\">Mehr erfahren<\/a><\/p>\n<\/li>\n<li>\n<p>        <img decoding=\"async\" src=\"\/wp-content\/uploads\/2019\/08\/flaschen-etiketten.jpg\" alt=\"Mehrere Glasflaschen unterschiedlicher Gr\u00f6\u00dfe mit gelben Etiketten\"><\/p>\n<h3>Produktkennzeichnung<\/h3>\n<\/li>\n<\/ul>\n<p><!--more--><br \/>\n<!-- {\"name\":\"Automotive\",\"type\":\"layout\",\"children\":[{\"type\":\"section\",\"props\":{\"animation\":\"fade\",\"id\":\"header\",\"image\":\"wp-content\\\/uploads\\\/2019\\\/09\\\/475582894_EMiddelkoop_Chemiebranche-Gro\\u00df.jpg\",\"image_position\":\"center-center\",\"image_size\":\"cover\",\"image_width\":\"400\",\"media_overlay\":\"rgba(0, 160, 222, 0.8)\",\"padding\":\"none\",\"style\":\"primary\",\"title_breakpoint\":\"xl\",\"title_position\":\"top-left\",\"title_rotation\":\"left\",\"vertical_align\":\"middle\",\"width\":\"default\"},\"children\":[{\"type\":\"row\",\"children\":[{\"type\":\"column\",\"props\":{\"image_position\":\"center-center\",\"media_overlay_gradient\":\"\",\"position_sticky_breakpoint\":\"m\",\"vertical_align\":\"middle\",\"width_medium\":\"1-1\"},\"children\":[{\"type\":\"headline\",\"props\":{\"content\":\"Chemie\",\"text_align\":\"center\",\"title_element\":\"h1\",\"title_style\":\"heading-small\"}},{\"type\":\"text\",\"props\":{\"column_breakpoint\":\"m\",\"content\":\"\n\n<p>Etiketten f\\u00fcr die Chemieindustrie<\\\/p>\",\"margin\":\"default\",\"text_align\":\"center\",\"text_style\":\"large\"}}]}]}],\"name\":\"Header\"},{\"type\":\"section\",\"props\":{\"image_position\":\"center-center\",\"padding\":\"xsmall\",\"style\":\"default\",\"title_breakpoint\":\"xl\",\"title_position\":\"top-left\",\"title_rotation\":\"left\",\"vertical_align\":\"middle\",\"width\":\"default\"},\"children\":[{\"type\":\"row\",\"children\":[{\"type\":\"column\",\"props\":{\"image_position\":\"center-center\",\"media_overlay_gradient\":\"\",\"position_sticky_breakpoint\":\"m\",\"width_medium\":\"1-1\"},\"children\":[{\"type\":\"module\",\"props\":{\"menu_image_align\":\"center\",\"menu_image_margin\":true,\"menu_style\":\"default\",\"menu_type\":\"nav\",\"type\":\"breadcrumbs\",\"widget\":\"breadcrumbs-2\"}}]}]}],\"name\":\"Breadcrumbs\"},{\"type\":\"section\",\"props\":{\"animation\":\"fade\",\"image_position\":\"center-center\",\"padding\":\"large\",\"style\":\"muted\",\"title_breakpoint\":\"xl\",\"title_position\":\"top-left\",\"title_rotation\":\"left\",\"vertical_align\":\"middle\",\"width\":\"default\"},\"children\":[{\"type\":\"row\",\"props\":{\"column_gap\":\"large\",\"layout\":\"1-2,1-2\",\"row_gap\":\"large\"},\"children\":[{\"type\":\"column\",\"props\":{\"image_position\":\"center-center\",\"media_overlay_gradient\":\"\",\"position_sticky_breakpoint\":\"m\",\"vertical_align\":\"middle\",\"width_medium\":\"1-2\"},\"children\":[{\"type\":\"headline\",\"props\":{\"content\":\"Chemie-Etiketten f\\u00fcr die sichere Kennzeichnung von Gefahrstoffen nach GHS-Verordnung\",\"margin\":\"default\",\"title_element\":\"h2\"}},{\"type\":\"divider\",\"props\":{\"divider_align\":\"\",\"divider_align_breakpoint\":\"\",\"divider_align_fallback\":\"\",\"divider_element\":\"hr\",\"divider_style\":\"small\",\"margin\":\"medium\",\"margin_remove_top\":true}},{\"type\":\"text\",\"props\":{\"column_breakpoint\":\"m\",\"content\":\"\n\n<p>Qualit\\u00e4t, Zuverl\\u00e4ssigkeit und Service sind wichtige Voraussetzungen, um Etiketten f\\u00fcr die chemische Industrie zu produzieren und zu drucken. Produzenten chemischer Stoffe k\\u00f6nnen aus einer gro\\u00dfen Auswahl an Chemie-Etiketten, die den gesetzlichen Anforderungen nach GHS- und CLP-Verordnung entsprechen, w\\u00e4hlen.<\\\/p>\\n\n\n<p>Das Unternehmen myLabels GmbH bietet neben diesen Eigenschaften einen umfassenden Kundenservice inklusive Wartung und Reparatur von Etikettendruckern und Etikettiersystemen an.<\\\/p>\",\"margin\":\"default\"}}]},{\"type\":\"column\",\"props\":{\"image_position\":\"center-center\",\"media_overlay_gradient\":\"\",\"order_first\":\"m\",\"position_sticky_breakpoint\":\"m\",\"width_medium\":\"1-2\"},\"children\":[{\"type\":\"image\",\"props\":{\"image\":\"wp-content\\\/uploads\\\/2019\\\/10\\\/493330784_Phonix_a_Gefahrstoffetikett1.jpg\",\"image_alt\":\"Blaue Kunststoffkanister mit korrosivem Inhalt auf Palette\",\"image_height\":\"680\",\"image_svg_color\":\"emphasis\",\"image_width\":\"680\",\"margin\":\"default\"}}]}]}],\"name\":\"Intro\"},{\"type\":\"section\",\"props\":{\"animation\":\"fade\",\"image_position\":\"center-center\",\"padding\":\"large\",\"style\":\"default\",\"title_breakpoint\":\"xl\",\"title_position\":\"top-left\",\"title_rotation\":\"left\",\"vertical_align\":\"middle\",\"width\":\"default\"},\"children\":[{\"type\":\"row\",\"children\":[{\"type\":\"column\",\"props\":{\"image_position\":\"center-center\",\"media_overlay_gradient\":\"\",\"position_sticky_breakpoint\":\"m\",\"width_medium\":\"1-1\"},\"children\":[{\"type\":\"headline\",\"props\":{\"content\":\"Anforderungen an Chemie-Etiketten\",\"margin\":\"default\",\"title_element\":\"h2\"}},{\"type\":\"divider\",\"props\":{\"divider_align\":\"\",\"divider_align_breakpoint\":\"\",\"divider_align_fallback\":\"\",\"divider_element\":\"hr\",\"divider_style\":\"small\",\"margin\":\"medium\",\"margin_remove_top\":true}},{\"type\":\"text\",\"props\":{\"column_breakpoint\":\"m\",\"content\":\"\n\n<p>S\\u00e4mtliche Chemikalien, die ein in der Chemie t\\u00e4tiges Unternehmen herstellt, m\\u00fcssen speziell verpackt und gekennzeichnet werden. Damit die Kennzeichnung f\\u00fcr Verbraucher und gewerbliche Abnehmer sichtbar ist, m\\u00fcssen die Etiketten auf verschiedenen Untergr\\u00fcnden dauerhaft kleben bleiben und trotzdem nach Gebrauch wieder abl\\u00f6sbar sein. Chemische Stoffe werden in Verpackungen aus Glas, Metall, Papier, Gummi, Holz oder Kunststoff transportiert und verkauft. Bei myLabels erhalten Sie geeignete Etiketten f\\u00fcr die Chemieindustrie, die auf unterschiedlichen Untergr\\u00fcnden sicher haften und lange leserlich bleiben.<\\\/p>\",\"margin\":\"default\"}}]}]},{\"type\":\"row\",\"props\":{\"column_gap\":\"large\",\"layout\":\"1-2,1-2\",\"match\":true,\"row_gap\":\"large\"},\"children\":[{\"type\":\"column\",\"props\":{\"image_position\":\"center-center\",\"media_overlay_gradient\":\"\",\"position_sticky_breakpoint\":\"m\",\"width_medium\":\"1-2\"},\"children\":[{\"type\":\"panel\",\"props\":{\"content\":\"\n\n<p>Grunds\\u00e4tzlich erf\\u00fcllen Gefahrstoff-Etiketten \\u2013 wie der Name schon sagt \\u2013 die Aufgabe, auf giftige und gesundheitsgef\\u00e4hrdende Stoffe hinzuweisen. Diese werden gem\\u00e4\\u00df CLP\\\/GHS weltweit einheitlich gekennzeichnet. Das erfolgt mithilfe des von den Vereinten Nationen (UNO) eingef\\u00fchrten global harmonisierten Systems zur Einstufung und Kennzeichnung von Chemikalien (GHS).<\\\/p>\\n\n\n<p>Seitdem m\\u00fcssen Chemikalien, S\\u00e4uren und andere Produkte der Chemie nach der CLP-Verordnung (Classification, Labeling and Packaging of Substances and Mixtures) gekennzeichnet sein. Die Anforderungen umfassen auch die Best\\u00e4ndigkeit und Lesbarkeit von Folienetiketten und anderen Chemie-Etiketten, um die korrekte Einstufung zu gew\\u00e4hrleisten.<\\\/p>\",\"content_column_breakpoint\":\"m\",\"icon_width\":80,\"image_align\":\"top\",\"image_grid_breakpoint\":\"m\",\"image_grid_width\":\"1-2\",\"image_svg_color\":\"emphasis\",\"link_style\":\"default\",\"link_text\":\"Read more\",\"margin\":\"default\",\"meta_align\":\"below-title\",\"meta_element\":\"div\",\"meta_style\":\"text-meta\",\"panel_padding\":\"default\",\"panel_style\":\"card-secondary\",\"title\":\"Kennzeichnungspflicht nach GHS-Verordnung\",\"title_align\":\"top\",\"title_element\":\"h3\",\"title_grid_breakpoint\":\"m\",\"title_grid_width\":\"1-2\",\"title_hover_style\":\"reset\"}}]},{\"type\":\"column\",\"props\":{\"image_position\":\"center-center\",\"media_overlay_gradient\":\"\",\"position_sticky_breakpoint\":\"m\",\"width_medium\":\"1-2\"},\"children\":[{\"type\":\"panel\",\"props\":{\"content\":\"\n\n<p>Das ISO-zertifizierte Unternehmen myLabels GmbH entwickelt und produziert die passenden Etiketten zur Kennzeichnung von Chemieprodukten. Au\\u00dferdem sorgt der kompetente Kundenservice f\\u00fcr den reibungslosen Gebrauch von Druckern und Etikettierger\\u00e4ten und bietet jedem Kunden ein individuelles Wartungskonzept an, wodurch eine hohe Prozesssicherheit erreicht wird.<\\\/p>\\n\n\n<p>Neben der Etikettenentwicklung und -herstellung bieten wir als Handelsvertretung der Firma cab Produkttechnik GmbH &amp; Co. KG, Thermotransferdrucker und -etikettierer an. Auch der Service und die Wartung der Drucksysteme sind bei uns gut aufgehoben.<\\\/p>\",\"content_column_breakpoint\":\"m\",\"css\":\"@media only screen and (max-width: 960px) {\\n    .el-element {\\n        min-height: auto !important;\\n    }\\n}\",\"icon_width\":80,\"image_align\":\"top\",\"image_grid_breakpoint\":\"m\",\"image_grid_width\":\"1-2\",\"image_svg_color\":\"emphasis\",\"link_style\":\"default\",\"link_text\":\"Read more\",\"margin\":\"default\",\"meta_align\":\"below-title\",\"meta_element\":\"div\",\"meta_style\":\"text-meta\",\"panel_padding\":\"default\",\"panel_style\":\"card-secondary\",\"title\":\"Warum Chemie-Etiketten von myLabels?\",\"title_align\":\"top\",\"title_element\":\"h3\",\"title_grid_breakpoint\":\"m\",\"title_grid_width\":\"1-2\",\"title_hover_style\":\"reset\"}}]}]}],\"name\":\"Anforderungen\"},{\"type\":\"section\",\"props\":{\"animation\":\"fade\",\"image_position\":\"center-center\",\"padding\":\"large\",\"style\":\"muted\",\"title_breakpoint\":\"xl\",\"title_position\":\"top-left\",\"title_rotation\":\"left\",\"vertical_align\":\"middle\",\"width\":\"default\"},\"children\":[{\"type\":\"row\",\"props\":{\"column_gap\":\"large\",\"layout\":\"1-2,1-2\",\"row_gap\":\"large\"},\"children\":[{\"type\":\"column\",\"props\":{\"image_position\":\"center-center\",\"media_overlay_gradient\":\"\",\"position_sticky_breakpoint\":\"m\",\"vertical_align\":\"middle\",\"width_medium\":\"1-2\"},\"children\":[{\"type\":\"headline\",\"props\":{\"content\":\"Etiketten nach GHS-Verordnung\",\"margin\":\"default\",\"title_element\":\"h3\",\"title_style\":\"h2\"}},{\"type\":\"divider\",\"props\":{\"divider_align\":\"\",\"divider_align_breakpoint\":\"\",\"divider_align_fallback\":\"\",\"divider_element\":\"div\",\"divider_style\":\"small\",\"margin\":\"medium\",\"margin_remove_top\":true}},{\"type\":\"text\",\"props\":{\"column_breakpoint\":\"m\",\"content\":\"\n\n<p>Alle Etiketten, die auf dem Seeweg f\\u00fcr die Kennzeichnung von F\\u00e4ssern oder Transportbeh\\u00e4ltern mit Gefahrgut eingesetzt werden, m\\u00fcssen die besonderen Bestimmungen und Anforderungen nach BS5609 (BS = British Standard) erf\\u00fcllen.<\\\/p>\\n\n\n<p>Die GHS-Verordnung sagt aus, dass bedruckte und aufgeklebte Etikettenmaterialien drei Monate in Seewasser verbleiben k\\u00f6nnen, ohne dass die Gefahr besteht, dass sich die Etiketten vom beklebten Untergrund abl\\u00f6sen oder der Etikettenaufdruck unleserlich wird.<\\\/p>\\n\n\n<p>Die myLabels GmbH bietet Etiketten-Farbband-Kombinationen an, welche der GHS-Verordnung entsprechen.<\\\/p>\",\"margin\":\"default\"}}]},{\"type\":\"column\",\"props\":{\"image_position\":\"center-center\",\"media_overlay_gradient\":\"\",\"position_sticky_breakpoint\":\"m\",\"width_medium\":\"1-2\"},\"children\":[{\"type\":\"image\",\"props\":{\"image\":\"wp-content\\\/uploads\\\/2019\\\/09\\\/157529625_tunart_Gefahrstoffetikett-Gro\\u00df.jpg\",\"image_alt\":\"Blaue F\\u00e4sser mit toxischem Inhalt\",\"image_height\":\"680\",\"image_svg_color\":\"emphasis\",\"image_width\":\"680\",\"margin\":\"default\",\"visibility\":\"m\"}}]}]}],\"name\":\"GHS-Verordnung\"},{\"type\":\"section\",\"props\":{\"animation\":\"fade\",\"image_position\":\"center-center\",\"padding\":\"large\",\"style\":\"secondary\",\"title_breakpoint\":\"xl\",\"title_position\":\"top-left\",\"title_rotation\":\"left\",\"vertical_align\":\"middle\",\"width\":\"default\"},\"children\":[{\"type\":\"row\",\"children\":[{\"type\":\"column\",\"props\":{\"image_position\":\"center-center\",\"media_overlay_gradient\":\"\",\"position_sticky_breakpoint\":\"m\",\"width_medium\":\"1-1\"},\"children\":[{\"type\":\"headline\",\"props\":{\"content\":\"Weitere Etikettenanwendungen in der Chemieindustrie\",\"title_element\":\"h2\"}},{\"type\":\"divider\",\"props\":{\"divider_align\":\"\",\"divider_align_breakpoint\":\"\",\"divider_align_fallback\":\"\",\"divider_element\":\"div\",\"divider_style\":\"small\",\"margin\":\"medium\",\"margin_remove_top\":true}}]}]},{\"type\":\"row\",\"children\":[{\"type\":\"column\",\"props\":{\"image_position\":\"center-center\",\"media_overlay_gradient\":\"\",\"position_sticky_breakpoint\":\"m\",\"width_medium\":\"1-1\"},\"children\":[{\"type\":\"grid\",\"props\":{\"content_column_breakpoint\":\"m\",\"css\":\".el-item { font-size: 16px; }\\n\\n.el-item ul { margin: 0; padding: 0; list-style: none; }\\n\\n.el-item li { padding: 0.5rem 0;}\\n\\n.el-item li:not(:last-child) { border-bottom: 1px solid rgba(255,255,255,0.15); }\\n\",\"filter_align\":\"left\",\"filter_all\":true,\"filter_grid_breakpoint\":\"m\",\"filter_grid_width\":\"auto\",\"filter_position\":\"top\",\"filter_style\":\"tab\",\"grid_default\":\"1\",\"grid_medium\":\"2\",\"grid_small\":\"2\",\"icon_width\":80,\"image_align\":\"top\",\"image_grid_breakpoint\":\"m\",\"image_grid_width\":\"1-2\",\"image_height\":\"450\",\"image_svg_color\":\"emphasis\",\"image_transition\":\"scale-up\",\"image_width\":\"600\",\"item_animation\":true,\"link_size\":\"small\",\"link_style\":\"default\",\"link_text\":\"Mehr erfahren\",\"margin\":\"default\",\"meta_align\":\"below-title\",\"meta_element\":\"div\",\"meta_margin\":\"small\",\"meta_style\":\"text-meta\",\"panel_image_no_padding\":true,\"panel_padding\":\"small\",\"panel_style\":\"card-secondary\",\"parallax_easing\":\"1\",\"show_content\":true,\"show_image\":true,\"show_link\":true,\"show_meta\":true,\"show_title\":true,\"title_align\":\"top\",\"title_element\":\"h3\",\"title_grid_breakpoint\":\"m\",\"title_grid_width\":\"1-2\",\"title_hover_style\":\"reset\"},\"children\":[{\"type\":\"grid_item\",\"props\":{\"content\":\"\",\"image\":\"wp-content\\\/uploads\\\/2019\\\/10\\\/697462150_af_istocker_Barcodescan.jpg\",\"image_alt\":\"Hand scannt Barcodeetikett auf Karton\",\"link\":\"de\\\/produkte\\\/barcode-etiketten\\\/\",\"meta\":\"\",\"title\":\"Barcode-Etiketten\"}},{\"type\":\"grid_item\",\"props\":{\"image\":\"wp-content\\\/uploads\\\/2019\\\/08\\\/flaschen-etiketten.jpg\",\"image_alt\":\"Mehrere Glasflaschen unterschiedlicher Gr\\u00f6\\u00dfe mit gelben Etiketten\",\"title\":\"Produktkennzeichnung\"}}]}]}]}],\"name\":\"Textil Etiketten\"}],\"version\":\"3.0.20\"} --><\/p>\n","protected":false},"excerpt":{"rendered":"<p>Chemie Etiketten f\u00fcr die Chemieindustrie Chemie-Etiketten f\u00fcr die sichere Kennzeichnung von Gefahrstoffen nach GHS-Verordnung Qualit\u00e4t, Zuverl\u00e4ssigkeit und Service sind wichtige Voraussetzungen, um Etiketten f\u00fcr die chemische Industrie zu produzieren und zu drucken. Produzenten chemischer Stoffe k\u00f6nnen aus einer gro\u00dfen Auswahl an Chemie-Etiketten, die den gesetzlichen Anforderungen nach GHS- und CLP-Verordnung entsprechen, w\u00e4hlen. Das Unternehmen myLabels [&hellip;]<\/p>\n","protected":false},"author":10,"featured_media":0,"parent":42,"menu_order":0,"comment_status":"closed","ping_status":"closed","template":"","meta":{"footnotes":""},"class_list":["post-308","page","type-page","status-publish","hentry"],"_links":{"self":[{"href":"https:\/\/www.mylabels.de\/de\/wp-json\/wp\/v2\/pages\/308","targetHints":{"allow":["GET"]}}],"collection":[{"href":"https:\/\/www.mylabels.de\/de\/wp-json\/wp\/v2\/pages"}],"about":[{"href":"https:\/\/www.mylabels.de\/de\/wp-json\/wp\/v2\/types\/page"}],"author":[{"embeddable":true,"href":"https:\/\/www.mylabels.de\/de\/wp-json\/wp\/v2\/users\/10"}],"replies":[{"embeddable":true,"href":"https:\/\/www.mylabels.de\/de\/wp-json\/wp\/v2\/comments?post=308"}],"version-history":[{"count":5,"href":"https:\/\/www.mylabels.de\/de\/wp-json\/wp\/v2\/pages\/308\/revisions"}],"predecessor-version":[{"id":5238,"href":"https:\/\/www.mylabels.de\/de\/wp-json\/wp\/v2\/pages\/308\/revisions\/5238"}],"up":[{"embeddable":true,"href":"https:\/\/www.mylabels.de\/de\/wp-json\/wp\/v2\/pages\/42"}],"wp:attachment":[{"href":"https:\/\/www.mylabels.de\/de\/wp-json\/wp\/v2\/media?parent=308"}],"curies":[{"name":"wp","href":"https:\/\/api.w.org\/{rel}","templated":true}]}}