{"id":3094,"date":"2020-05-07T17:42:46","date_gmt":"2020-05-07T15:42:46","guid":{"rendered":"https:\/\/www.mylabels.de\/?page_id=3094"},"modified":"2023-03-20T17:33:25","modified_gmt":"2023-03-20T16:33:25","slug":"digitaldruck","status":"publish","type":"page","link":"https:\/\/www.mylabels.de\/de\/produkte\/digitaldruck\/","title":{"rendered":"Digitaldruck"},"content":{"rendered":"<h1>Digitaldruck<\/h1>\n<h2>Wir k\u00f6nnen auch Digitaldruck<\/h2>\n<div>\n<p>myLabels GmbH Ihr Etiketten-Spezialist f\u00fcr Produktkennzeichnung und Produktidentifikation ist auch im Bereich Digitaldruck der richtige Ansprechpartner f\u00fcr Sie.<\/p>\n<p>Mit unserer neuen Digitaldruckmaschine Mouvent LB 702-UV, welche als produktivste digitale Schmalbahn-Etikettendruckmaschine mit h\u00f6chster Druckaufl\u00f6sung gilt, haben wir die M\u00f6glichkeit, Etiketten nach Ihren Vorstellungen und Anforderungen auch in kleinen und mittleren Auflagen kosteng\u00fcnstig herzustellen.<\/p>\n<\/div>\n<p>\n    <a href=\"\/wp-content\/uploads\/2020\/10\/Pressemitteilung-Digitaldruck-10_2020-1.pdf\">Pressemitteilung<\/a>\n<\/p>\n<p><img decoding=\"async\" src=\"\/wp-content\/uploads\/2020\/05\/Fact_Sheet_LB702-UV_en.jpg\" alt=\"Digitaldruckmaschine von mouvent\"><\/p>\n<h2>Ihre Vorteile des Digitaldrucks bei der Etikettenherstellung<\/h2>\n<ul>\n<li>\n<div>\n<p>Druckbild in bester Qualit\u00e4t durch hohe Aufl\u00f6sung<\/p>\n<\/div>\n<\/li>\n<li>\n<div>\n<p>Ideales Herstellverfahren auch f\u00fcr kleinere und mittlere Auflagen <\/p>\n<\/div>\n<\/li>\n<li>\n<div>\n<p>G\u00fcnstige und nachhaltige Produktion Ihrer Etiketten in unterschiedlichen Varianten durch geringeren Materialverbrauch<\/p>\n<\/div>\n<\/li>\n<li>\n<div>\n<p>Individuelle Layouts zur Personalisierung Ihrer Produkte m\u00f6glich<\/p>\n<\/div>\n<\/li>\n<\/ul>\n<ul>\n<li>\n<div>\n<p>Typisch auch f\u00fcr robuste Kennzeichnung durch hohe Kratz- und Wischfestigkeit, sowie L\u00f6semittelbest\u00e4ndigkeit<\/p>\n<\/div>\n<\/li>\n<li>\n<div>\n<p>Auftrags\u00e4nderungen schnell und flexibel m\u00f6glich. Bestellung nach Bedarf, nicht nach Vermutung<\/p>\n<\/div>\n<\/li>\n<li>\n<div>\n<p>Lieferung Ihrer Auftr\u00e4ge sehr schnell und flexibel durch kurze Einrichtzeiten der Maschine<\/p>\n<\/div>\n<\/li>\n<\/ul>\n<h2>Anwendungsbeispiele des Digitaldrucks bei der Etikettenherstellung<\/h2>\n<ul>\n<li>\n<p>        <img decoding=\"async\" src=\"\/wp-content\/uploads\/2019\/11\/803699888_Yayasya_Pflegeprodukte.jpg\" alt=\"Shampooflasche , Cremetube und Seifenspender mit Etiketten\"><\/p>\n<h3>Produktkennzeichnung<\/h3>\n<p>Kosmetik<\/p>\n<\/li>\n<li>\n<p>        <img decoding=\"async\" src=\"\/wp-content\/uploads\/2019\/11\/1052087976_PJ_joe_Gefahrenhinweise.jpg\" alt=\"Warnhinweisschilder f\u00fcr die Elektronikindustrie\"><\/p>\n<h3>Warnhinweisschilder<\/h3>\n<p>Elektronik<\/p>\n<\/li>\n<li>\n<p>        <img decoding=\"async\" src=\"\/wp-content\/uploads\/2019\/11\/Warnhinweis2.jpg\" alt=\"Warnhinweisschilder f\u00fcr Automotivindustrie\"><\/p>\n<h3>Warnhinweisschilder<\/h3>\n<p>Automotive<\/p>\n<\/li>\n<li>\n<p>        <img decoding=\"async\" src=\"\/wp-content\/uploads\/2019\/09\/Flaschen-ABCR-Freigestellt.jpg\" alt=\"Flaschen mit Chemikalien\"><\/p>\n<h3>Produktkennzeichnung<\/h3>\n<p>Chemie<\/p>\n<\/li>\n<\/ul>\n<p><!--more--><br \/>\n<!-- {\"name\":\"LAYOUT TEMP 1\",\"type\":\"layout\",\"children\":[{\"type\":\"section\",\"props\":{\"animation\":\"fade\",\"id\":\"header\",\"image\":\"wp-content\\\/uploads\\\/2020\\\/05\\\/iStock_1160809587_Philip_Steury.jpg\",\"image_position\":\"center-center\",\"image_size\":\"cover\",\"image_width\":\"400\",\"media_overlay\":\"rgba(0, 160, 222, 0.8)\",\"padding\":\"none\",\"style\":\"primary\",\"title_breakpoint\":\"xl\",\"title_position\":\"top-left\",\"title_rotation\":\"left\",\"vertical_align\":\"middle\",\"width\":\"default\"},\"children\":[{\"type\":\"row\",\"children\":[{\"type\":\"column\",\"props\":{\"image_position\":\"center-center\",\"media_overlay_gradient\":\"\",\"position_sticky_breakpoint\":\"m\",\"vertical_align\":\"middle\",\"width_medium\":\"1-1\"},\"children\":[{\"type\":\"headline\",\"props\":{\"content\":\"Digitaldruck\",\"text_align\":\"center\",\"title_element\":\"h1\",\"title_style\":\"heading-small\"}}]}]}],\"name\":\"Header\"},{\"type\":\"section\",\"props\":{\"image_position\":\"center-center\",\"padding\":\"xsmall\",\"style\":\"default\",\"title_breakpoint\":\"xl\",\"title_position\":\"top-left\",\"title_rotation\":\"left\",\"vertical_align\":\"middle\",\"width\":\"default\"},\"children\":[{\"type\":\"row\",\"children\":[{\"type\":\"column\",\"props\":{\"image_position\":\"center-center\",\"media_overlay_gradient\":\"\",\"position_sticky_breakpoint\":\"m\",\"width_medium\":\"1-1\"},\"children\":[{\"type\":\"module\",\"props\":{\"menu_image_align\":\"center\",\"menu_image_margin\":true,\"menu_style\":\"default\",\"menu_type\":\"nav\",\"type\":\"breadcrumbs\",\"widget\":\"breadcrumbs-2\"}}]}]}],\"name\":\"Breadcrumbs\"},{\"type\":\"section\",\"props\":{\"animation\":\"fade\",\"image_position\":\"center-center\",\"padding\":\"large\",\"style\":\"muted\",\"title_breakpoint\":\"xl\",\"title_position\":\"top-left\",\"title_rotation\":\"left\",\"vertical_align\":\"middle\",\"width\":\"default\"},\"children\":[{\"type\":\"row\",\"props\":{\"column_gap\":\"large\",\"layout\":\"1-2,1-2\",\"match\":false,\"row_gap\":\"large\"},\"children\":[{\"type\":\"column\",\"props\":{\"image_position\":\"center-center\",\"media_overlay_gradient\":\"\",\"position_sticky_breakpoint\":\"m\",\"width_medium\":\"1-2\"},\"children\":[{\"name\":\"\",\"type\":\"headline\",\"props\":{\"content\":\"Wir k\\u00f6nnen auch Digitaldruck\",\"title_element\":\"h2\"}},{\"type\":\"divider\",\"props\":{\"divider_align\":\"\",\"divider_align_breakpoint\":\"\",\"divider_align_fallback\":\"\",\"divider_element\":\"div\",\"divider_style\":\"small\",\"margin\":\"medium\",\"margin_remove_top\":true}},{\"type\":\"text\",\"props\":{\"column_breakpoint\":\"m\",\"content\":\"\n\n<p>myLabels GmbH Ihr Etiketten-Spezialist f\\u00fcr Produktkennzeichnung und Produktidentifikation ist auch im Bereich Digitaldruck der richtige Ansprechpartner f\\u00fcr Sie.<\\\/p>\\n\n\n<p>Mit unserer neuen Digitaldruckmaschine Mouvent LB 702-UV, welche als produktivste digitale Schmalbahn-Etikettendruckmaschine mit h\\u00f6chster Druckaufl\\u00f6sung gilt, haben wir die M\\u00f6glichkeit, Etiketten nach Ihren Vorstellungen und Anforderungen auch in kleinen und mittleren Auflagen kosteng\\u00fcnstig herzustellen.<\\\/p>\",\"margin\":\"default\"}},{\"type\":\"button\",\"props\":{\"grid_column_gap\":\"small\",\"grid_row_gap\":\"small\",\"margin\":\"default\"},\"children\":[{\"type\":\"button_item\",\"props\":{\"button_style\":\"default\",\"content\":\"Pressemitteilung\",\"icon_align\":\"left\",\"link\":\"wp-content\\\/uploads\\\/2020\\\/10\\\/Pressemitteilung-Digitaldruck-10_2020-1.pdf\",\"link_title\":\"Pressemitteilung IHK Pfalz Oktober 2020\"}}]}]},{\"type\":\"column\",\"props\":{\"image_position\":\"center-center\",\"media_overlay_gradient\":\"\",\"order_first\":\"m\",\"position_sticky_breakpoint\":\"m\",\"width_medium\":\"1-2\"},\"children\":[{\"type\":\"image\",\"props\":{\"image\":\"wp-content\\\/uploads\\\/2020\\\/05\\\/Fact_Sheet_LB702-UV_en.jpg\",\"image_alt\":\"Digitaldruckmaschine von mouvent\",\"image_height\":\"680\",\"image_svg_color\":\"emphasis\",\"image_width\":\"680\",\"margin\":\"default\"}}]}]}],\"name\":\"Intro\"},{\"type\":\"section\",\"props\":{\"animation\":\"fade\",\"image_position\":\"center-center\",\"padding\":\"large\",\"style\":\"default\",\"title_breakpoint\":\"xl\",\"title_position\":\"top-left\",\"title_rotation\":\"left\",\"vertical_align\":\"middle\",\"width\":\"default\"},\"children\":[{\"type\":\"row\",\"children\":[{\"type\":\"column\",\"props\":{\"image_position\":\"center-center\",\"media_overlay_gradient\":\"\",\"position_sticky_breakpoint\":\"m\",\"width_medium\":\"1-1\"},\"children\":[{\"name\":\"\",\"type\":\"headline\",\"props\":{\"content\":\"Ihre Vorteile des Digitaldrucks bei der Etikettenherstellung\",\"title_element\":\"h2\"}},{\"type\":\"divider\",\"props\":{\"divider_align\":\"\",\"divider_align_breakpoint\":\"\",\"divider_align_fallback\":\"\",\"divider_element\":\"div\",\"divider_style\":\"small\",\"margin\":\"medium\",\"margin_remove_top\":true}}]}]},{\"type\":\"row\",\"props\":{\"column_gap\":\"large\",\"layout\":\"1-2,1-2\",\"margin\":\"medium\",\"match\":false,\"row_gap\":\"small\"},\"children\":[{\"type\":\"column\",\"props\":{\"image_position\":\"center-center\",\"media_overlay_gradient\":\"\",\"position_sticky_breakpoint\":\"m\",\"width_medium\":\"1-2\"},\"children\":[{\"type\":\"list\",\"props\":{\"column_breakpoint\":\"m\",\"css\":\".el-item { font-size: 1.1rem; }\",\"icon\":\"check\",\"icon_color\":\"success\",\"icon_width\":26,\"image_align\":\"left\",\"image_svg_color\":\"emphasis\",\"image_vertical_align\":false,\"list_element\":\"ul\",\"list_horizontal_separator\":\", \",\"list_size\":\"\",\"list_type\":\"vertical\",\"show_image\":true,\"show_link\":true},\"children\":[{\"type\":\"list_item\",\"props\":{\"content\":\"\n\n<p>Druckbild in bester Qualit\\u00e4t durch hohe Aufl\\u00f6sung<\\\/p>\",\"icon\":\"\"}},{\"type\":\"list_item\",\"props\":{\"content\":\"\n\n<p>Ideales Herstellverfahren auch f\\u00fcr kleinere und mittlere Auflagen <\\\/p>\"}},{\"type\":\"list_item\",\"props\":{\"content\":\"\n\n<p>G\\u00fcnstige und nachhaltige Produktion Ihrer Etiketten in unterschiedlichen Varianten durch geringeren Materialverbrauch<\\\/p>\"}},{\"type\":\"list_item\",\"props\":{\"content\":\"\n\n<p>Individuelle Layouts zur Personalisierung Ihrer Produkte m\\u00f6glich<\\\/p>\"}}]}]},{\"type\":\"column\",\"props\":{\"image_position\":\"center-center\",\"media_overlay_gradient\":\"\",\"position_sticky_breakpoint\":\"m\",\"width_medium\":\"1-2\"},\"children\":[{\"type\":\"list\",\"props\":{\"column_breakpoint\":\"m\",\"css\":\".el-item { font-size: 1.1rem; }\",\"icon\":\"check\",\"icon_color\":\"success\",\"icon_width\":26,\"image_align\":\"left\",\"image_svg_color\":\"emphasis\",\"image_vertical_align\":false,\"list_element\":\"ul\",\"list_horizontal_separator\":\", \",\"list_size\":\"\",\"list_type\":\"vertical\",\"show_image\":true,\"show_link\":true},\"children\":[{\"type\":\"list_item\",\"props\":{\"content\":\"\n\n<p>Typisch auch f\\u00fcr robuste Kennzeichnung durch hohe Kratz- und Wischfestigkeit, sowie L\\u00f6semittelbest\\u00e4ndigkeit<\\\/p>\",\"icon\":\"\"}},{\"type\":\"list_item\",\"props\":{\"content\":\"\n\n<p>Auftrags\\u00e4nderungen schnell und flexibel m\\u00f6glich. Bestellung nach Bedarf, nicht nach Vermutung<\\\/p>\"}},{\"type\":\"list_item\",\"props\":{\"content\":\"\n\n<p>Lieferung Ihrer Auftr\\u00e4ge sehr schnell und flexibel durch kurze Einrichtzeiten der Maschine<\\\/p>\"}}]}]}]}],\"name\":\"Vorteile\"},{\"type\":\"section\",\"props\":{\"animation\":\"fade\",\"image_position\":\"center-center\",\"padding\":\"large\",\"style\":\"secondary\",\"title_breakpoint\":\"xl\",\"title_position\":\"top-left\",\"title_rotation\":\"left\",\"vertical_align\":\"middle\",\"width\":\"default\"},\"children\":[{\"type\":\"row\",\"children\":[{\"type\":\"column\",\"props\":{\"image_position\":\"center-center\",\"media_overlay_gradient\":\"\",\"position_sticky_breakpoint\":\"m\",\"width_medium\":\"1-1\"},\"children\":[{\"type\":\"headline\",\"props\":{\"content\":\"Anwendungsbeispiele des Digitaldrucks bei der Etikettenherstellung\",\"title_element\":\"h2\",\"title_style\":\"h2\"}},{\"type\":\"divider\",\"props\":{\"divider_align\":\"\",\"divider_align_breakpoint\":\"\",\"divider_align_fallback\":\"\",\"divider_element\":\"div\",\"divider_style\":\"small\",\"margin\":\"medium\",\"margin_remove_top\":true}}]}]},{\"type\":\"row\",\"children\":[{\"type\":\"column\",\"props\":{\"image_position\":\"center-center\",\"media_overlay_gradient\":\"\",\"position_sticky_breakpoint\":\"m\",\"width_medium\":\"1-1\"},\"children\":[{\"type\":\"grid\",\"props\":{\"content_column_breakpoint\":\"m\",\"filter_align\":\"left\",\"filter_all\":true,\"filter_grid_breakpoint\":\"m\",\"filter_grid_width\":\"auto\",\"filter_position\":\"top\",\"filter_style\":\"tab\",\"grid_default\":\"1\",\"grid_medium\":\"2\",\"grid_small\":\"2\",\"icon_width\":80,\"image_align\":\"top\",\"image_grid_breakpoint\":\"m\",\"image_grid_width\":\"1-2\",\"image_height\":\"450\",\"image_svg_color\":\"emphasis\",\"image_width\":\"600\",\"item_animation\":true,\"link_style\":\"default\",\"link_text\":\"Read more\",\"margin\":\"default\",\"meta_align\":\"below-title\",\"meta_element\":\"div\",\"meta_margin\":\"small\",\"meta_style\":\"text-meta\",\"panel_image_no_padding\":true,\"panel_padding\":\"small\",\"panel_style\":\"card-secondary\",\"parallax_easing\":\"1\",\"show_content\":true,\"show_image\":true,\"show_link\":true,\"show_meta\":true,\"show_title\":true,\"title_align\":\"top\",\"title_element\":\"h3\",\"title_grid_breakpoint\":\"m\",\"title_grid_width\":\"1-2\",\"title_hover_style\":\"reset\"},\"children\":[{\"type\":\"grid_item\",\"props\":{\"content\":\"\",\"image\":\"wp-content\\\/uploads\\\/2019\\\/11\\\/803699888_Yayasya_Pflegeprodukte.jpg\",\"image_alt\":\"Shampooflasche , Cremetube und Seifenspender mit Etiketten\",\"meta\":\"Kosmetik\",\"title\":\"Produktkennzeichnung\"}},{\"type\":\"grid_item\",\"props\":{\"image\":\"wp-content\\\/uploads\\\/2019\\\/11\\\/1052087976_PJ_joe_Gefahrenhinweise.jpg\",\"image_alt\":\"Warnhinweisschilder f\\u00fcr die Elektronikindustrie\",\"meta\":\"Elektronik\",\"title\":\"Warnhinweisschilder\"}},{\"type\":\"grid_item\",\"props\":{\"image\":\"wp-content\\\/uploads\\\/2019\\\/11\\\/Warnhinweis2.jpg\",\"image_alt\":\"Warnhinweisschilder f\\u00fcr Automotivindustrie\",\"meta\":\"Automotive\",\"title\":\"Warnhinweisschilder\"}},{\"type\":\"grid_item\",\"props\":{\"image\":\"wp-content\\\/uploads\\\/2019\\\/09\\\/Flaschen-ABCR-Freigestellt.jpg\",\"image_alt\":\"Flaschen mit Chemikalien\",\"meta\":\"Chemie\",\"title\":\"Produktkennzeichnung\"}}]}]}]}],\"name\":\"Anwendungsbeispiele\"}],\"version\":\"3.0.20\"} --><\/p>\n","protected":false},"excerpt":{"rendered":"<p>Digitaldruck Wir k\u00f6nnen auch Digitaldruck myLabels GmbH Ihr Etiketten-Spezialist f\u00fcr Produktkennzeichnung und Produktidentifikation ist auch im Bereich Digitaldruck der richtige Ansprechpartner f\u00fcr Sie. Mit unserer neuen Digitaldruckmaschine Mouvent LB 702-UV, welche als produktivste digitale Schmalbahn-Etikettendruckmaschine mit h\u00f6chster Druckaufl\u00f6sung gilt, haben wir die M\u00f6glichkeit, Etiketten nach Ihren Vorstellungen und Anforderungen auch in kleinen und mittleren Auflagen [&hellip;]<\/p>\n","protected":false},"author":10,"featured_media":0,"parent":50,"menu_order":0,"comment_status":"closed","ping_status":"closed","template":"","meta":{"footnotes":""},"class_list":["post-3094","page","type-page","status-publish","hentry"],"_links":{"self":[{"href":"https:\/\/www.mylabels.de\/de\/wp-json\/wp\/v2\/pages\/3094","targetHints":{"allow":["GET"]}}],"collection":[{"href":"https:\/\/www.mylabels.de\/de\/wp-json\/wp\/v2\/pages"}],"about":[{"href":"https:\/\/www.mylabels.de\/de\/wp-json\/wp\/v2\/types\/page"}],"author":[{"embeddable":true,"href":"https:\/\/www.mylabels.de\/de\/wp-json\/wp\/v2\/users\/10"}],"replies":[{"embeddable":true,"href":"https:\/\/www.mylabels.de\/de\/wp-json\/wp\/v2\/comments?post=3094"}],"version-history":[{"count":5,"href":"https:\/\/www.mylabels.de\/de\/wp-json\/wp\/v2\/pages\/3094\/revisions"}],"predecessor-version":[{"id":5222,"href":"https:\/\/www.mylabels.de\/de\/wp-json\/wp\/v2\/pages\/3094\/revisions\/5222"}],"up":[{"embeddable":true,"href":"https:\/\/www.mylabels.de\/de\/wp-json\/wp\/v2\/pages\/50"}],"wp:attachment":[{"href":"https:\/\/www.mylabels.de\/de\/wp-json\/wp\/v2\/media?parent=3094"}],"curies":[{"name":"wp","href":"https:\/\/api.w.org\/{rel}","templated":true}]}}