{"id":312,"date":"2019-07-01T16:55:17","date_gmt":"2019-07-01T14:55:17","guid":{"rendered":"http:\/\/dev.sun-concept.de\/wp-mylabels\/?page_id=312"},"modified":"2023-03-20T17:40:03","modified_gmt":"2023-03-20T16:40:03","slug":"elektronik-industrie","status":"publish","type":"page","link":"https:\/\/www.mylabels.de\/de\/branchen\/elektronik-industrie\/","title":{"rendered":"Elektronik"},"content":{"rendered":"<h1>Elektronik<\/h1>\n<div>\n<p>Etiketten f\u00fcr die Elektronikindustrie<\/p>\n<\/div>\n<h2>Ihr Partner f\u00fcr Etiketten in der Elektronikindustrie<\/h2>\n<hr>\n<div>\n<p>myLabels ist Ihr Partner, wenn es um Etiketten f\u00fcr die Elektronikindustrie geht. Unsere speziell f\u00fcr diese Industriesparte zusammengestellte Produktpalette kommt mit schwierigsten Oberfl\u00e4chen zurecht und bietet ideale L\u00f6sungen f\u00fcr die Elektrokennzeichnung. Wir sind Spezialisten f\u00fcr hochwertige PCB-, Kennzeichnungs- und Kabeletiketten. Auf unsere langj\u00e4hrige Erfahrung und unsere ISO-Zertifizierung vertrauen namhafte Unternehmen wie Continental, Ebersp\u00e4cher und Siemens.<\/p>\n<p>Neben der Etikettenentwicklung und -herstellung bieten wir als Handelsvertretung der Firma cab Produkttechnik GmbH &amp; Co. KG, Thermotransferdrucker und -etikettierer an. Auch der Service und die Wartung der Drucksysteme sind bei uns gut aufgehoben.<\/p>\n<\/div>\n<p><img decoding=\"async\" src=\"\/wp-content\/uploads\/2019\/11\/Platine1.jpg\" alt=\"Gr\u00fcne Platine mit Barcodeetikett\"><\/p>\n<p>\n    <a href=\"\/produkte\/barcode-etiketten\/\">Barcode-Etikett<\/a>\n<\/p>\n<h2>F\u00fcr die dauerhafte und sichere Kennzeichnung von Bauteilen<\/h2>\n<hr>\n<div>\n<p>Platinen, Leiterplatten und elektronische Kleinteile stellen hohe Anspr\u00fcche an die Kennzeichnung. Unsere Etiketten erf\u00fcllen diese durch ihre hohe Hitzebest\u00e4ndigkeit, durch ihre F\u00e4higkeit, auch auf schwierigen Untergr\u00fcnden gut zu haften, sowie durch die gute Bedruckbarkeit. Die von uns entwickelten Systeme f\u00fcr die Kennzeichnung in der Elektronikindustrie erlauben die sichere Identifizierung des Produkts \u00fcber den gesamten Produktlebenszyklus hinweg.<\/p>\n<p>Dabei tragen wir auch dem Trend Rechnung, dass elektronische Ger\u00e4te und Bauteile immer kompakter und kleiner werden. Unsere Etiketten sind so ausgelegt, dass auch auf kleineren Abmessungen alle wichtigen Informationen wie IDs und Barcodes gedruckt werden k\u00f6nnen.<\/p>\n<\/div>\n<p><img decoding=\"async\" src=\"\/wp-content\/uploads\/2019\/10\/IMG_0048-e1572522803126.jpg\" alt=\"Typenschild auf der R\u00fcckseite eines elektronischen Ger\u00e4tes\"><\/p>\n<p>\n    <a href=\"\/de\/produkte\/seriennummer-etiketten-typenschilder\/\">Typenschild<\/a>\n<\/p>\n<div>\n<p>Als Spezialist f\u00fcr die Elektronikindustrie setzen wir bei der Produktion unserer Etiketten nur jene Materialien ein, die exakt auf die Bed\u00fcrfnisse dieser Branche abgestimmt sind. Vor allem die Hitzebest\u00e4ndigkeit ist ein wichtiges Kriterium. Das Material herk\u00f6mmlicher Etiketten kommt oft nicht damit zurecht, wenn elektronische Bauteile W\u00e4rme erzeugen. Sie werden bei Dauerhitze por\u00f6s und der Klebstoff verliert seine Funktion. Unsere hitzebest\u00e4ndigen Etiketten f\u00fcr die Elektronikindustrie sind dagegen gefeit.<\/p>\n<\/div>\n<div>\n<p>Unsere Etiketten halten zudem dem direkten Kontakt mit Reinigungsfl\u00fcssigkeiten stand und sind sehr widerstandsf\u00e4hig gegen chemische Reaktionen. Diese Widerstandsf\u00e4higkeit zeigt sich auch bei der mechanischen und chemischen Abnutzung w\u00e4hrend der Reinigung von Anlagen und Komponenten der Elektronikindustrie<\/p>\n<\/div>\n<h2>Unsere Kennzeichnungen sind normgerecht<\/h2>\n<hr>\n<div>\n<p>Bei der Produktion unserer Etiketten achten wir selbstverst\u00e4ndlich auf die sorgf\u00e4ltige Einhaltung der rechtlichen Regelungen. Unsere Etiketten erf\u00fcllen alle Vorschriften und Normen der Elektronikindustrie wie UL, RoHS und REACH.<\/p>\n<\/div>\n<h2>F\u00fcr viele Einsatzgebiete die passende L\u00f6sung<\/h2>\n<hr>\n<div>\n<p>Die Einsatzm\u00f6glichkeiten unserer Etiketten bei elektronischen Bauteilen und Ger\u00e4ten sind vielf\u00e4ltig. Sie sind abgestimmt auf die Anforderungen von Kondensatoren, Leiterplatten, Widerst\u00e4nden und Induktoren. Weitere Anwendungen sind Dioden, Mikroprozessoren, Transistoren, Batterien und Mikrosteuerungen. Auch f\u00fcr Rohre, Dr\u00e4hte, Motoren, Relais, Schalter, Generatoren und Transformatoren ist unsere Kennzeichnung die richtige L\u00f6sung.<\/p>\n<\/div>\n<p><img decoding=\"async\" src=\"\/wp-content\/uploads\/2019\/11\/670222214_kynny_Kabelkennzeichnung.jpg\" alt=\"Schaltschrank mit rosanen Kabeln\"><\/p>\n<div> Kabelkennzeichnungs-Etiketten <\/div>\n<p><!--more--><br \/>\n<!-- {\"name\":\"Automotive\",\"type\":\"layout\",\"children\":[{\"type\":\"section\",\"props\":{\"animation\":\"fade\",\"id\":\"header\",\"image\":\"wp-content\\\/uploads\\\/2019\\\/10\\\/965421570_scanrail_Elektronikindustrie.jpg\",\"image_position\":\"bottom-center\",\"image_size\":\"cover\",\"image_width\":\"400\",\"media_overlay\":\"rgba(0, 160, 222, 0.8)\",\"padding\":\"none\",\"style\":\"primary\",\"title_breakpoint\":\"xl\",\"title_position\":\"top-left\",\"title_rotation\":\"left\",\"vertical_align\":\"middle\",\"width\":\"default\"},\"children\":[{\"type\":\"row\",\"children\":[{\"type\":\"column\",\"props\":{\"image_position\":\"center-center\",\"media_overlay_gradient\":\"\",\"position_sticky_breakpoint\":\"m\",\"vertical_align\":\"middle\",\"width_medium\":\"1-1\"},\"children\":[{\"type\":\"headline\",\"props\":{\"content\":\"Elektronik\",\"text_align\":\"center\",\"title_element\":\"h1\",\"title_style\":\"heading-small\"}},{\"type\":\"text\",\"props\":{\"column_breakpoint\":\"m\",\"content\":\"\n\n<p>Etiketten f\\u00fcr die Elektronikindustrie<\\\/p>\",\"margin\":\"default\",\"text_align\":\"center\",\"text_style\":\"large\"}}]}]}],\"name\":\"Header\"},{\"type\":\"section\",\"props\":{\"image_position\":\"center-center\",\"padding\":\"xsmall\",\"style\":\"default\",\"title_breakpoint\":\"xl\",\"title_position\":\"top-left\",\"title_rotation\":\"left\",\"vertical_align\":\"middle\",\"width\":\"default\"},\"children\":[{\"type\":\"row\",\"children\":[{\"type\":\"column\",\"props\":{\"image_position\":\"center-center\",\"media_overlay_gradient\":\"\",\"position_sticky_breakpoint\":\"m\",\"width_medium\":\"1-1\"},\"children\":[{\"type\":\"module\",\"props\":{\"menu_image_align\":\"center\",\"menu_image_margin\":true,\"menu_style\":\"default\",\"menu_type\":\"nav\",\"type\":\"breadcrumbs\",\"widget\":\"breadcrumbs-2\"}}]}]}],\"name\":\"Breadcrumbs\"},{\"type\":\"section\",\"props\":{\"animation\":\"fade\",\"image_position\":\"center-center\",\"padding\":\"large\",\"style\":\"muted\",\"title_breakpoint\":\"xl\",\"title_position\":\"top-left\",\"title_rotation\":\"left\",\"vertical_align\":\"middle\",\"width\":\"default\"},\"children\":[{\"type\":\"row\",\"props\":{\"column_gap\":\"large\",\"layout\":\"1-2,1-2\"},\"children\":[{\"type\":\"column\",\"props\":{\"image_position\":\"center-center\",\"media_overlay_gradient\":\"\",\"position_sticky_breakpoint\":\"m\",\"vertical_align\":\"middle\",\"width_medium\":\"1-2\"},\"children\":[{\"type\":\"headline\",\"props\":{\"content\":\"Ihr Partner f\\u00fcr Etiketten in der Elektronikindustrie\",\"margin\":\"default\",\"title_element\":\"h2\"}},{\"type\":\"divider\",\"props\":{\"divider_align\":\"\",\"divider_align_breakpoint\":\"\",\"divider_align_fallback\":\"\",\"divider_element\":\"hr\",\"divider_style\":\"small\",\"margin\":\"medium\",\"margin_remove_top\":true}},{\"type\":\"text\",\"props\":{\"column_breakpoint\":\"m\",\"content\":\"\n\n<p>myLabels ist Ihr Partner, wenn es um Etiketten f\\u00fcr die Elektronikindustrie geht. Unsere speziell f\\u00fcr diese Industriesparte zusammengestellte Produktpalette kommt mit schwierigsten Oberfl\\u00e4chen zurecht und bietet ideale L\\u00f6sungen f\\u00fcr die Elektrokennzeichnung. Wir sind Spezialisten f\\u00fcr hochwertige PCB-, Kennzeichnungs- und Kabeletiketten. Auf unsere langj\\u00e4hrige Erfahrung und unsere ISO-Zertifizierung vertrauen namhafte Unternehmen wie Continental, Ebersp\\u00e4cher und Siemens.<\\\/p>\\n\n\n<p>Neben der Etikettenentwicklung und -herstellung bieten wir als Handelsvertretung der Firma cab Produkttechnik GmbH &amp; Co. KG, Thermotransferdrucker und -etikettierer an. Auch der Service und die Wartung der Drucksysteme sind bei uns gut aufgehoben.<\\\/p>\",\"margin\":\"default\"}}]},{\"type\":\"column\",\"props\":{\"image_position\":\"center-center\",\"media_overlay_gradient\":\"\",\"order_first\":\"m\",\"position_sticky_breakpoint\":\"m\",\"width_medium\":\"1-2\"},\"children\":[{\"type\":\"image\",\"props\":{\"image\":\"wp-content\\\/uploads\\\/2019\\\/11\\\/Platine1.jpg\",\"image_alt\":\"Gr\\u00fcne Platine mit Barcodeetikett\",\"image_height\":\"680\",\"image_svg_color\":\"emphasis\",\"image_width\":\"680\",\"margin\":\"default\"}},{\"type\":\"button\",\"props\":{\"grid_column_gap\":\"small\",\"grid_row_gap\":\"small\",\"margin\":\"default\"},\"children\":[{\"type\":\"button_item\",\"props\":{\"button_style\":\"link-text\",\"content\":\"Barcode-Etikett\",\"icon\":\"arrow-right\",\"icon_align\":\"right\",\"link\":\"produkte\\\/barcode-etiketten\\\/\"}}]}]}]}],\"name\":\"Intro\"},{\"type\":\"section\",\"props\":{\"animation\":\"fade\",\"image_position\":\"center-center\",\"style\":\"default\",\"title_breakpoint\":\"xl\",\"title_position\":\"top-left\",\"title_rotation\":\"left\",\"vertical_align\":\"middle\",\"width\":\"default\"},\"children\":[{\"type\":\"row\",\"props\":{\"column_gap\":\"large\",\"layout\":\"1-2,1-2\"},\"children\":[{\"type\":\"column\",\"props\":{\"image_position\":\"center-center\",\"media_overlay_gradient\":\"\",\"position_sticky_breakpoint\":\"m\",\"vertical_align\":\"middle\",\"width_medium\":\"1-2\"},\"children\":[{\"type\":\"headline\",\"props\":{\"content\":\"F\\u00fcr die dauerhafte und sichere Kennzeichnung von Bauteilen\",\"title_element\":\"h2\"}},{\"type\":\"divider\",\"props\":{\"divider_align\":\"\",\"divider_align_breakpoint\":\"\",\"divider_align_fallback\":\"\",\"divider_element\":\"hr\",\"divider_style\":\"small\",\"margin\":\"medium\",\"margin_remove_top\":true}},{\"type\":\"text\",\"props\":{\"column_breakpoint\":\"m\",\"content\":\"\n\n<p>Platinen, Leiterplatten und elektronische Kleinteile stellen hohe Anspr\\u00fcche an die Kennzeichnung. Unsere Etiketten erf\\u00fcllen diese durch ihre hohe Hitzebest\\u00e4ndigkeit, durch ihre F\\u00e4higkeit, auch auf schwierigen Untergr\\u00fcnden gut zu haften, sowie durch die gute Bedruckbarkeit. Die von uns entwickelten Systeme f\\u00fcr die Kennzeichnung in der Elektronikindustrie erlauben die sichere Identifizierung des Produkts \\u00fcber den gesamten Produktlebenszyklus hinweg.<\\\/p>\\n\n\n<p>Dabei tragen wir auch dem Trend Rechnung, dass elektronische Ger\\u00e4te und Bauteile immer kompakter und kleiner werden. Unsere Etiketten sind so ausgelegt, dass auch auf kleineren Abmessungen alle wichtigen Informationen wie IDs und Barcodes gedruckt werden k\\u00f6nnen.<\\\/p>\",\"margin\":\"default\"}}]},{\"type\":\"column\",\"props\":{\"image_position\":\"center-center\",\"media_overlay_gradient\":\"\",\"position_sticky_breakpoint\":\"m\",\"width_medium\":\"1-2\"},\"children\":[{\"type\":\"image\",\"props\":{\"image\":\"wp-content\\\/uploads\\\/2019\\\/10\\\/IMG_0048-e1572522803126.jpg\",\"image_alt\":\"Typenschild auf der R\\u00fcckseite eines elektronischen Ger\\u00e4tes\",\"image_height\":\"680\",\"image_svg_color\":\"emphasis\",\"image_width\":\"680\",\"margin\":\"default\"}},{\"type\":\"button\",\"props\":{\"grid_column_gap\":\"small\",\"grid_row_gap\":\"small\",\"margin\":\"default\"},\"children\":[{\"type\":\"button_item\",\"props\":{\"button_style\":\"link-text\",\"content\":\"Typenschild\",\"icon\":\"arrow-right\",\"icon_align\":\"right\",\"link\":\"de\\\/produkte\\\/seriennummer-etiketten-typenschilder\\\/\"}}]}]}]},{\"type\":\"row\",\"children\":[{\"type\":\"column\",\"props\":{\"image_position\":\"center-center\",\"media_overlay_gradient\":\"\",\"position_sticky_breakpoint\":\"m\",\"width_medium\":\"1-1\"},\"children\":[]}]},{\"type\":\"row\",\"props\":{\"column_gap\":\"large\",\"layout\":\"1-2,1-2\"},\"children\":[{\"type\":\"column\",\"props\":{\"image_position\":\"center-center\",\"media_overlay_gradient\":\"\",\"position_sticky_breakpoint\":\"m\",\"width_medium\":\"1-2\"},\"children\":[{\"type\":\"text\",\"props\":{\"column_breakpoint\":\"m\",\"content\":\"\n\n<p>Als Spezialist f\\u00fcr die Elektronikindustrie setzen wir bei der Produktion unserer Etiketten nur jene Materialien ein, die exakt auf die Bed\\u00fcrfnisse dieser Branche abgestimmt sind. Vor allem die Hitzebest\\u00e4ndigkeit ist ein wichtiges Kriterium. Das Material herk\\u00f6mmlicher Etiketten kommt oft nicht damit zurecht, wenn elektronische Bauteile W\\u00e4rme erzeugen. Sie werden bei Dauerhitze por\\u00f6s und der Klebstoff verliert seine Funktion. Unsere hitzebest\\u00e4ndigen Etiketten f\\u00fcr die Elektronikindustrie sind dagegen gefeit.<\\\/p>\",\"margin\":\"default\"}}]},{\"type\":\"column\",\"props\":{\"image_position\":\"center-center\",\"media_overlay_gradient\":\"\",\"position_sticky_breakpoint\":\"m\",\"width_medium\":\"1-2\"},\"children\":[{\"type\":\"text\",\"props\":{\"column_breakpoint\":\"m\",\"content\":\"\n\n<p>Unsere Etiketten halten zudem dem direkten Kontakt mit Reinigungsfl\\u00fcssigkeiten stand und sind sehr widerstandsf\\u00e4hig gegen chemische Reaktionen. Diese Widerstandsf\\u00e4higkeit zeigt sich auch bei der mechanischen und chemischen Abnutzung w\\u00e4hrend der Reinigung von Anlagen und Komponenten der Elektronikindustrie<\\\/p>\",\"margin\":\"default\"}}]}]}],\"name\":\"Dauerhafte Kennzeichnung\"},{\"type\":\"section\",\"props\":{\"animation\":\"fade\",\"image_position\":\"center-center\",\"style\":\"secondary\",\"title_breakpoint\":\"xl\",\"title_position\":\"top-left\",\"title_rotation\":\"left\",\"vertical_align\":\"middle\",\"width\":\"default\"},\"children\":[{\"type\":\"row\",\"children\":[{\"type\":\"column\",\"props\":{\"image_position\":\"center-center\",\"media_overlay_gradient\":\"\",\"position_sticky_breakpoint\":\"m\",\"width_medium\":\"1-1\"},\"children\":[{\"type\":\"headline\",\"props\":{\"content\":\"Unsere Kennzeichnungen sind normgerecht\",\"title_element\":\"h2\"}},{\"type\":\"divider\",\"props\":{\"divider_align\":\"\",\"divider_align_breakpoint\":\"\",\"divider_align_fallback\":\"\",\"divider_element\":\"hr\",\"divider_style\":\"small\",\"margin\":\"medium\",\"margin_remove_top\":true}},{\"type\":\"text\",\"props\":{\"column_breakpoint\":\"m\",\"content\":\"\n\n<p>Bei der Produktion unserer Etiketten achten wir selbstverst\\u00e4ndlich auf die sorgf\\u00e4ltige Einhaltung der rechtlichen Regelungen. Unsere Etiketten erf\\u00fcllen alle Vorschriften und Normen der Elektronikindustrie wie UL, RoHS und REACH.<\\\/p>\",\"margin\":\"default\"}}]}]}],\"name\":\"Normgerecht\"},{\"type\":\"section\",\"props\":{\"animation\":\"fade\",\"image_position\":\"center-center\",\"style\":\"muted\",\"title_breakpoint\":\"xl\",\"title_position\":\"top-left\",\"title_rotation\":\"left\",\"vertical_align\":\"middle\",\"width\":\"default\"},\"children\":[{\"type\":\"row\",\"props\":{\"column_gap\":\"large\",\"layout\":\"1-2,1-2\"},\"children\":[{\"type\":\"column\",\"props\":{\"image_position\":\"center-center\",\"media_overlay_gradient\":\"\",\"position_sticky_breakpoint\":\"m\",\"vertical_align\":\"middle\",\"width_medium\":\"1-2\"},\"children\":[{\"type\":\"headline\",\"props\":{\"content\":\"F\\u00fcr viele Einsatzgebiete die passende L\\u00f6sung\",\"title_element\":\"h2\"}},{\"type\":\"divider\",\"props\":{\"divider_align\":\"\",\"divider_align_breakpoint\":\"\",\"divider_align_fallback\":\"\",\"divider_element\":\"hr\",\"divider_style\":\"small\",\"margin\":\"medium\",\"margin_remove_top\":true}},{\"type\":\"text\",\"props\":{\"column_breakpoint\":\"m\",\"content\":\"\n\n<p>Die Einsatzm\\u00f6glichkeiten unserer Etiketten bei elektronischen Bauteilen und Ger\\u00e4ten sind vielf\\u00e4ltig. Sie sind abgestimmt auf die Anforderungen von Kondensatoren, Leiterplatten, Widerst\\u00e4nden und Induktoren. Weitere Anwendungen sind Dioden, Mikroprozessoren, Transistoren, Batterien und Mikrosteuerungen. Auch f\\u00fcr Rohre, Dr\\u00e4hte, Motoren, Relais, Schalter, Generatoren und Transformatoren ist unsere Kennzeichnung die richtige L\\u00f6sung.<\\\/p>\",\"margin\":\"default\"}}]},{\"type\":\"column\",\"props\":{\"image_position\":\"center-center\",\"media_overlay_gradient\":\"\",\"order_first\":\"m\",\"position_sticky_breakpoint\":\"m\",\"width_medium\":\"1-2\"},\"children\":[{\"type\":\"image\",\"props\":{\"image\":\"wp-content\\\/uploads\\\/2019\\\/11\\\/670222214_kynny_Kabelkennzeichnung.jpg\",\"image_alt\":\"Schaltschrank mit rosanen Kabeln\",\"image_height\":\"680\",\"image_svg_color\":\"emphasis\",\"image_width\":\"680\",\"margin\":\"default\"}},{\"type\":\"text\",\"props\":{\"column_breakpoint\":\"m\",\"content\":\" Kabelkennzeichnungs-Etiketten \",\"margin\":\"default\"}}]}]}],\"name\":\"Einsatzgebiete\"}],\"version\":\"3.0.20\"} --><\/p>\n","protected":false},"excerpt":{"rendered":"<p>Elektronik Etiketten f\u00fcr die Elektronikindustrie Ihr Partner f\u00fcr Etiketten in der Elektronikindustrie myLabels ist Ihr Partner, wenn es um Etiketten f\u00fcr die Elektronikindustrie geht. Unsere speziell f\u00fcr diese Industriesparte zusammengestellte Produktpalette kommt mit schwierigsten Oberfl\u00e4chen zurecht und bietet ideale L\u00f6sungen f\u00fcr die Elektrokennzeichnung. Wir sind Spezialisten f\u00fcr hochwertige PCB-, Kennzeichnungs- und Kabeletiketten. Auf unsere langj\u00e4hrige [&hellip;]<\/p>\n","protected":false},"author":10,"featured_media":0,"parent":42,"menu_order":0,"comment_status":"closed","ping_status":"closed","template":"","meta":{"footnotes":""},"class_list":["post-312","page","type-page","status-publish","hentry"],"_links":{"self":[{"href":"https:\/\/www.mylabels.de\/de\/wp-json\/wp\/v2\/pages\/312","targetHints":{"allow":["GET"]}}],"collection":[{"href":"https:\/\/www.mylabels.de\/de\/wp-json\/wp\/v2\/pages"}],"about":[{"href":"https:\/\/www.mylabels.de\/de\/wp-json\/wp\/v2\/types\/page"}],"author":[{"embeddable":true,"href":"https:\/\/www.mylabels.de\/de\/wp-json\/wp\/v2\/users\/10"}],"replies":[{"embeddable":true,"href":"https:\/\/www.mylabels.de\/de\/wp-json\/wp\/v2\/comments?post=312"}],"version-history":[{"count":5,"href":"https:\/\/www.mylabels.de\/de\/wp-json\/wp\/v2\/pages\/312\/revisions"}],"predecessor-version":[{"id":5239,"href":"https:\/\/www.mylabels.de\/de\/wp-json\/wp\/v2\/pages\/312\/revisions\/5239"}],"up":[{"embeddable":true,"href":"https:\/\/www.mylabels.de\/de\/wp-json\/wp\/v2\/pages\/42"}],"wp:attachment":[{"href":"https:\/\/www.mylabels.de\/de\/wp-json\/wp\/v2\/media?parent=312"}],"curies":[{"name":"wp","href":"https:\/\/api.w.org\/{rel}","templated":true}]}}