{"id":314,"date":"2019-07-01T16:55:28","date_gmt":"2019-07-01T14:55:28","guid":{"rendered":"http:\/\/dev.sun-concept.de\/wp-mylabels\/?page_id=314"},"modified":"2023-03-20T17:40:12","modified_gmt":"2023-03-20T16:40:12","slug":"lebensmittel-industrie","status":"publish","type":"page","link":"https:\/\/www.mylabels.de\/de\/branchen\/lebensmittel-industrie\/","title":{"rendered":"Lebensmittel"},"content":{"rendered":"<h1>Lebensmittel<\/h1>\n<div>\n<p>Etiketten f\u00fcr die Lebensmittelindustrie<\/p>\n<\/div>\n<h2>Lebensmittel sicher und genau kennzeichnen<\/h2>\n<hr>\n<div>\n<p>M\u00f6chten Sie Ihre Produkte zuverl\u00e4ssig, einfach und pr\u00e4zise kennzeichnen? Dann ist myLabels der richtige Partner f\u00fcr Sie! Wir sind Spezialisten f\u00fcr die Produktkennzeichnung und -identifikation in der Lebensmittelindustrie. Dabei setzen wir auf h\u00f6chste Qualit\u00e4t und bieten professionelle L\u00f6sungen aus einer Hand.<\/p>\n<p>Das Etikettieren von Lebensmitteln ist herausfordernd. Unsere Lebensmitteletiketten kommen mit den schwierigsten Bedingungen zurecht &#8211; mit kalten, fettigen und feuchten Oberfl\u00e4chen sowie mit hei\u00df abgef\u00fcllten und tiefgek\u00fchlten Produkten.<\/p>\n<p>Neben der Etikettenentwicklung und -herstellung bieten wir als Handelsvertretung der Firma cab Produkttechnik GmbH &amp; Co. KG, Thermotransferdrucker und -etikettierer an. Auch der Service und die Wartung der Drucksysteme sind bei uns gut aufgehoben.<\/p>\n<\/div>\n<p><img decoding=\"async\" src=\"\/wp-content\/uploads\/2019\/09\/660681512_fotosipak_Gem%C3%BCseverpackung-Gro%C3%9F.jpg\" alt=\"Tomaten in Kunststoffverpackung mit Barcodeetikett\"><\/p>\n<h2>Unsere Etiketten sind migrationsarm<\/h2>\n<hr>\n<div>\n<p>Lebensmitteletiketten m\u00fcssen ausgezeichnet haften, aber dennoch migrationsarm sein. Darauf legt myLabels besonders gro\u00dfen Wert. Wir arbeiten mit lebensmitteltauglichen, leistungsstarken Haftklebern, die ganz auf Ihre Anforderungen abgestimmt sind. &#8222;Low Migration&#8220; ist dabei unsere Devise. Das bedeutet, dass wir stets mit migrationsarmen Etikettenmaterialien, Haftklebern, Lacken und Druckfarben produzieren. Dieses Qualit\u00e4tsmerkmal macht sich besonders bei herk\u00f6mmlichen Folienverpackungen bemerkbar, die keine ausreichende Barrierefunktion aufweisen.<\/p>\n<\/div>\n<p><img decoding=\"async\" src=\"\/wp-content\/uploads\/2019\/11\/646766570_sergeyryzhov_Preisauszeichnung.jpg\" alt=\"Hand klebt Etikett auf Paprika\"><\/p>\n<h2>Etiketten f\u00fcr jede Anforderung und jedes Material<\/h2>\n<hr>\n<div>\n<p>Karton, Papier, Folie, Glas Kunststoff oder Metall &#8211; Lebensmitteletiketten m\u00fcssen mit einer Vielzahl von Verpackungsmaterialien zurechtkommen. Sie sind heute aus der Lebensmittelindustrie nicht mehr wegzudenken und allgegenw\u00e4rtig im Handel, der die Lebensmittel dem Verbraucher heute bereits zu 95 Prozent in verpackter Form anbietet. Unsere Etiketten sind f\u00fcr die Bedruckung mit Thermotransfer- und Inkjetdruckern optimiert. Wir bieten auch Haftetiketten f\u00fcr frisch verpackte Lebensmittel an, die nachtr\u00e4glich mit Informationen zu Menge, Inhalt und Mindesthaltbarkeitsdatum kennzeichnen lassen. myLabels ist zudem Spezialist f\u00fcr selbstklebende Etiketten f\u00fcr die Wein- und Getr\u00e4nkeindustrie. Ob Weinflasche oder -karton, Palette, Getr\u00e4nkekiste oder Sixpack &#8211; wir sorgen f\u00fcr den sicheren Warenfluss in Ihrer Logistik.<\/p>\n<\/div>\n<p><img decoding=\"async\" src=\"\/wp-content\/uploads\/2019\/11\/1181084505_Sergey_Kurganskiy_Tiefk%C3%BChlverpackung-scaled.jpg\" alt=\"Verpackung mit Tiefk\u00fchlfisch\"><\/p>\n<h2>Lebensmitteletiketten brauchen viel Know-how<\/h2>\n<hr>\n<div>\n<p>Es gibt mittlerweile online eine F\u00fclle von Anbietern, die Etiketten f\u00fcr Verpackungen herstellen. Viele dieser Anwendungen sind relativ anspruchslos. Das gilt aber nicht f\u00fcr Lebensmitteletiketten, denn diese brauchen viel Know-how und Erfahrung. Das Lebensmittelrecht stellt besondere Anforderungen bei Food Labeling bzw. an die verwendeten Materialien und Druckverfahren. Wir bringen dieses Spezialwissen mit und verstehen es, das Etikett zur Visitenkarte Ihrer Lebensmittelverpackung zu machen.<\/p>\n<\/div>\n<p><!--more--><br \/>\n<!-- {\"name\":\"Automotive\",\"type\":\"layout\",\"children\":[{\"type\":\"section\",\"props\":{\"animation\":\"fade\",\"id\":\"header\",\"image\":\"wp-content\\\/uploads\\\/2019\\\/10\\\/1042346320_MJ_Prototype_Lebensmittelindustrie-1.jpg\",\"image_position\":\"center-center\",\"image_size\":\"cover\",\"image_width\":\"400\",\"media_overlay\":\"rgba(0, 160, 222, 0.8)\",\"padding\":\"none\",\"style\":\"primary\",\"title_breakpoint\":\"xl\",\"title_position\":\"top-left\",\"title_rotation\":\"left\",\"vertical_align\":\"middle\",\"width\":\"default\"},\"children\":[{\"type\":\"row\",\"children\":[{\"type\":\"column\",\"props\":{\"image_position\":\"center-center\",\"media_overlay_gradient\":\"\",\"position_sticky_breakpoint\":\"m\",\"vertical_align\":\"middle\",\"width_medium\":\"1-1\"},\"children\":[{\"type\":\"headline\",\"props\":{\"content\":\"Lebensmittel\",\"text_align\":\"center\",\"title_element\":\"h1\",\"title_style\":\"heading-small\"}},{\"type\":\"text\",\"props\":{\"column_breakpoint\":\"m\",\"content\":\"\n\n<p>Etiketten f\\u00fcr die Lebensmittelindustrie<\\\/p>\",\"margin\":\"default\",\"text_align\":\"center\",\"text_style\":\"large\"}}]}]}],\"name\":\"Header\"},{\"type\":\"section\",\"props\":{\"image_position\":\"center-center\",\"padding\":\"xsmall\",\"style\":\"default\",\"title_breakpoint\":\"xl\",\"title_position\":\"top-left\",\"title_rotation\":\"left\",\"vertical_align\":\"middle\",\"width\":\"default\"},\"children\":[{\"type\":\"row\",\"children\":[{\"type\":\"column\",\"props\":{\"image_position\":\"center-center\",\"media_overlay_gradient\":\"\",\"position_sticky_breakpoint\":\"m\",\"width_medium\":\"1-1\"},\"children\":[{\"type\":\"module\",\"props\":{\"menu_image_align\":\"center\",\"menu_image_margin\":true,\"menu_style\":\"default\",\"menu_type\":\"nav\",\"type\":\"breadcrumbs\",\"widget\":\"breadcrumbs-2\"}}]}]}],\"name\":\"Breadcrumbs\"},{\"type\":\"section\",\"props\":{\"animation\":\"fade\",\"image_position\":\"center-center\",\"padding\":\"large\",\"style\":\"muted\",\"title_breakpoint\":\"xl\",\"title_position\":\"top-left\",\"title_rotation\":\"left\",\"vertical_align\":\"middle\",\"width\":\"default\"},\"children\":[{\"type\":\"row\",\"props\":{\"column_gap\":\"large\",\"layout\":\"1-2,1-2\"},\"children\":[{\"type\":\"column\",\"props\":{\"image_position\":\"center-center\",\"media_overlay_gradient\":\"\",\"position_sticky_breakpoint\":\"m\",\"width_medium\":\"1-2\"},\"children\":[{\"type\":\"headline\",\"props\":{\"content\":\"Lebensmittel sicher und genau kennzeichnen\",\"margin\":\"default\",\"title_element\":\"h2\"}},{\"type\":\"divider\",\"props\":{\"divider_align\":\"\",\"divider_align_breakpoint\":\"\",\"divider_align_fallback\":\"\",\"divider_element\":\"hr\",\"divider_style\":\"small\",\"margin\":\"medium\",\"margin_remove_top\":true}},{\"type\":\"text\",\"props\":{\"column_breakpoint\":\"m\",\"content\":\"\n\n<p>M\\u00f6chten Sie Ihre Produkte zuverl\\u00e4ssig, einfach und pr\\u00e4zise kennzeichnen? Dann ist myLabels der richtige Partner f\\u00fcr Sie! Wir sind Spezialisten f\\u00fcr die Produktkennzeichnung und -identifikation in der Lebensmittelindustrie. Dabei setzen wir auf h\\u00f6chste Qualit\\u00e4t und bieten professionelle L\\u00f6sungen aus einer Hand.<\\\/p>\\n\n\n<p>Das Etikettieren von Lebensmitteln ist herausfordernd. Unsere Lebensmitteletiketten kommen mit den schwierigsten Bedingungen zurecht - mit kalten, fettigen und feuchten Oberfl\\u00e4chen sowie mit hei\\u00df abgef\\u00fcllten und tiefgek\\u00fchlten Produkten.<\\\/p>\\n\n\n<p>Neben der Etikettenentwicklung und -herstellung bieten wir als Handelsvertretung der Firma cab Produkttechnik GmbH &amp; Co. KG, Thermotransferdrucker und -etikettierer an. Auch der Service und die Wartung der Drucksysteme sind bei uns gut aufgehoben.<\\\/p>\",\"margin\":\"medium\"}}]},{\"type\":\"column\",\"props\":{\"image_position\":\"center-center\",\"media_overlay_gradient\":\"\",\"order_first\":\"m\",\"position_sticky_breakpoint\":\"m\",\"width_medium\":\"1-2\"},\"children\":[{\"type\":\"image\",\"props\":{\"image\":\"wp-content\\\/uploads\\\/2019\\\/09\\\/660681512_fotosipak_Gem\\u00fcseverpackung-Gro\\u00df.jpg\",\"image_alt\":\"Tomaten in Kunststoffverpackung mit Barcodeetikett\",\"image_height\":\"680\",\"image_svg_color\":\"emphasis\",\"image_width\":\"680\",\"margin\":\"default\"}}]}]}],\"name\":\"Intro\"},{\"type\":\"section\",\"props\":{\"animation\":\"fade\",\"image_position\":\"center-center\",\"overlap\":false,\"padding\":\"large\",\"style\":\"default\",\"title_breakpoint\":\"xl\",\"title_position\":\"top-left\",\"title_rotation\":\"left\",\"vertical_align\":\"middle\",\"width\":\"default\"},\"children\":[{\"type\":\"row\",\"props\":{\"column_gap\":\"large\",\"layout\":\"1-2,1-2\"},\"children\":[{\"type\":\"column\",\"props\":{\"image_position\":\"center-center\",\"media_overlay_gradient\":\"\",\"position_sticky_breakpoint\":\"m\",\"vertical_align\":\"middle\",\"width_medium\":\"1-2\"},\"children\":[{\"type\":\"headline\",\"props\":{\"content\":\"Unsere Etiketten sind migrationsarm\",\"title_element\":\"h2\"}},{\"type\":\"divider\",\"props\":{\"divider_align\":\"\",\"divider_align_breakpoint\":\"\",\"divider_align_fallback\":\"\",\"divider_element\":\"hr\",\"divider_style\":\"small\",\"margin\":\"medium\",\"margin_remove_top\":true}},{\"type\":\"text\",\"props\":{\"column_breakpoint\":\"m\",\"content\":\"\n\n<p>Lebensmitteletiketten m\\u00fcssen ausgezeichnet haften, aber dennoch migrationsarm sein. Darauf legt myLabels besonders gro\\u00dfen Wert. Wir arbeiten mit lebensmitteltauglichen, leistungsstarken Haftklebern, die ganz auf Ihre Anforderungen abgestimmt sind. \\\"Low Migration\\\" ist dabei unsere Devise. Das bedeutet, dass wir stets mit migrationsarmen Etikettenmaterialien, Haftklebern, Lacken und Druckfarben produzieren. Dieses Qualit\\u00e4tsmerkmal macht sich besonders bei herk\\u00f6mmlichen Folienverpackungen bemerkbar, die keine ausreichende Barrierefunktion aufweisen.<\\\/p>\",\"margin\":\"default\"}}]},{\"type\":\"column\",\"props\":{\"image_position\":\"center-center\",\"media_overlay_gradient\":\"\",\"position_sticky_breakpoint\":\"m\",\"width_medium\":\"1-2\"},\"children\":[{\"type\":\"image\",\"props\":{\"image\":\"wp-content\\\/uploads\\\/2019\\\/11\\\/646766570_sergeyryzhov_Preisauszeichnung.jpg\",\"image_alt\":\"Hand klebt Etikett auf Paprika\",\"image_height\":\"680\",\"image_svg_color\":\"emphasis\",\"image_width\":\"680\",\"margin\":\"default\"}}]}]}],\"name\":\"Migrationsarm\"},{\"type\":\"section\",\"props\":{\"animation\":\"fade\",\"image_position\":\"center-center\",\"padding\":\"large\",\"style\":\"muted\",\"title_breakpoint\":\"xl\",\"title_position\":\"top-left\",\"title_rotation\":\"left\",\"vertical_align\":\"middle\",\"width\":\"default\"},\"children\":[{\"type\":\"row\",\"props\":{\"column_gap\":\"large\",\"layout\":\"1-2,1-2\"},\"children\":[{\"type\":\"column\",\"props\":{\"image_position\":\"center-center\",\"media_overlay_gradient\":\"\",\"position_sticky_breakpoint\":\"m\",\"width_medium\":\"1-2\"},\"children\":[{\"type\":\"headline\",\"props\":{\"content\":\"Etiketten f\\u00fcr jede Anforderung und jedes Material\",\"title_element\":\"h2\"}},{\"type\":\"divider\",\"props\":{\"divider_align\":\"\",\"divider_align_breakpoint\":\"\",\"divider_align_fallback\":\"\",\"divider_element\":\"hr\",\"divider_style\":\"small\",\"margin\":\"medium\",\"margin_remove_top\":true}},{\"type\":\"text\",\"props\":{\"column_breakpoint\":\"m\",\"content\":\"\n\n<p>Karton, Papier, Folie, Glas Kunststoff oder Metall - Lebensmitteletiketten m\\u00fcssen mit einer Vielzahl von Verpackungsmaterialien zurechtkommen. Sie sind heute aus der Lebensmittelindustrie nicht mehr wegzudenken und allgegenw\\u00e4rtig im Handel, der die Lebensmittel dem Verbraucher heute bereits zu 95 Prozent in verpackter Form anbietet. Unsere Etiketten sind f\\u00fcr die Bedruckung mit Thermotransfer- und Inkjetdruckern optimiert. Wir bieten auch Haftetiketten f\\u00fcr frisch verpackte Lebensmittel an, die nachtr\\u00e4glich mit Informationen zu Menge, Inhalt und Mindesthaltbarkeitsdatum kennzeichnen lassen. myLabels ist zudem Spezialist f\\u00fcr selbstklebende Etiketten f\\u00fcr die Wein- und Getr\\u00e4nkeindustrie. Ob Weinflasche oder -karton, Palette, Getr\\u00e4nkekiste oder Sixpack - wir sorgen f\\u00fcr den sicheren Warenfluss in Ihrer Logistik.<\\\/p>\",\"margin\":\"default\"}}]},{\"type\":\"column\",\"props\":{\"image_position\":\"center-center\",\"media_overlay_gradient\":\"\",\"order_first\":\"m\",\"position_sticky_breakpoint\":\"m\",\"width_medium\":\"1-2\"},\"children\":[{\"type\":\"image\",\"props\":{\"image\":\"wp-content\\\/uploads\\\/2019\\\/11\\\/1181084505_Sergey_Kurganskiy_Tiefk\\u00fchlverpackung-scaled.jpg\",\"image_alt\":\"Verpackung mit Tiefk\\u00fchlfisch\",\"image_height\":\"680\",\"image_svg_color\":\"emphasis\",\"image_width\":\"680\",\"margin\":\"default\"}}]}]}],\"name\":\"Anforderungen\"},{\"type\":\"section\",\"props\":{\"animation\":\"fade\",\"image_position\":\"center-center\",\"style\":\"default\",\"title_breakpoint\":\"xl\",\"title_position\":\"top-left\",\"title_rotation\":\"left\",\"vertical_align\":\"middle\",\"width\":\"default\"},\"children\":[{\"type\":\"row\",\"children\":[{\"type\":\"column\",\"props\":{\"image_position\":\"center-center\",\"media_overlay_gradient\":\"\",\"position_sticky_breakpoint\":\"m\",\"width_medium\":\"1-1\"},\"children\":[{\"type\":\"headline\",\"props\":{\"content\":\"Lebensmitteletiketten brauchen viel Know-how\",\"title_element\":\"h2\"}},{\"type\":\"divider\",\"props\":{\"divider_align\":\"\",\"divider_align_breakpoint\":\"\",\"divider_align_fallback\":\"\",\"divider_element\":\"hr\",\"divider_style\":\"small\",\"margin\":\"medium\",\"margin_remove_top\":true}},{\"type\":\"text\",\"props\":{\"column_breakpoint\":\"m\",\"content\":\"\n\n<p>Es gibt mittlerweile online eine F\\u00fclle von Anbietern, die Etiketten f\\u00fcr Verpackungen herstellen. Viele dieser Anwendungen sind relativ anspruchslos. Das gilt aber nicht f\\u00fcr Lebensmitteletiketten, denn diese brauchen viel Know-how und Erfahrung. Das Lebensmittelrecht stellt besondere Anforderungen bei Food Labeling bzw. an die verwendeten Materialien und Druckverfahren. Wir bringen dieses Spezialwissen mit und verstehen es, das Etikett zur Visitenkarte Ihrer Lebensmittelverpackung zu machen.<\\\/p>\",\"margin\":\"default\"}}]}]}],\"name\":\"Know-how\"}],\"version\":\"3.0.20\"} --><\/p>\n","protected":false},"excerpt":{"rendered":"<p>Lebensmittel Etiketten f\u00fcr die Lebensmittelindustrie Lebensmittel sicher und genau kennzeichnen M\u00f6chten Sie Ihre Produkte zuverl\u00e4ssig, einfach und pr\u00e4zise kennzeichnen? Dann ist myLabels der richtige Partner f\u00fcr Sie! Wir sind Spezialisten f\u00fcr die Produktkennzeichnung und -identifikation in der Lebensmittelindustrie. Dabei setzen wir auf h\u00f6chste Qualit\u00e4t und bieten professionelle L\u00f6sungen aus einer Hand. Das Etikettieren von Lebensmitteln [&hellip;]<\/p>\n","protected":false},"author":10,"featured_media":0,"parent":42,"menu_order":0,"comment_status":"closed","ping_status":"closed","template":"","meta":{"footnotes":""},"class_list":["post-314","page","type-page","status-publish","hentry"],"_links":{"self":[{"href":"https:\/\/www.mylabels.de\/de\/wp-json\/wp\/v2\/pages\/314","targetHints":{"allow":["GET"]}}],"collection":[{"href":"https:\/\/www.mylabels.de\/de\/wp-json\/wp\/v2\/pages"}],"about":[{"href":"https:\/\/www.mylabels.de\/de\/wp-json\/wp\/v2\/types\/page"}],"author":[{"embeddable":true,"href":"https:\/\/www.mylabels.de\/de\/wp-json\/wp\/v2\/users\/10"}],"replies":[{"embeddable":true,"href":"https:\/\/www.mylabels.de\/de\/wp-json\/wp\/v2\/comments?post=314"}],"version-history":[{"count":5,"href":"https:\/\/www.mylabels.de\/de\/wp-json\/wp\/v2\/pages\/314\/revisions"}],"predecessor-version":[{"id":5240,"href":"https:\/\/www.mylabels.de\/de\/wp-json\/wp\/v2\/pages\/314\/revisions\/5240"}],"up":[{"embeddable":true,"href":"https:\/\/www.mylabels.de\/de\/wp-json\/wp\/v2\/pages\/42"}],"wp:attachment":[{"href":"https:\/\/www.mylabels.de\/de\/wp-json\/wp\/v2\/media?parent=314"}],"curies":[{"name":"wp","href":"https:\/\/api.w.org\/{rel}","templated":true}]}}