{"id":44,"date":"2019-06-17T13:04:07","date_gmt":"2019-06-17T11:04:07","guid":{"rendered":"http:\/\/dev.sun-concept.de\/wp-mylabels\/?page_id=44"},"modified":"2025-09-01T10:49:44","modified_gmt":"2025-09-01T08:49:44","slug":"drucker-systeme","status":"publish","type":"page","link":"https:\/\/www.mylabels.de\/de\/produkte\/drucker-systeme\/","title":{"rendered":"Drucker\/Systeme"},"content":{"rendered":"<h1>Etikettendrucker und Etikettiersysteme<\/h1>\n<div>\n<p>Thermotransferdrucker und Etikettiersysteme von cab<\/p>\n<\/div>\n<ul>\n<li>\n<p><img decoding=\"async\" src=\"\/wp-content\/uploads\/2019\/09\/cab_squix.jpg\" alt=\"Thermotransferdrucker von cab\"><\/p>\n<h2>Etikettendrucker von cab<\/h2>\n<p>Modernste Technik, einfachste Bedienung<\/p>\n<div>\n<p>Mehr Informationen zu den Ger\u00e4ten finden sie hier:<\/p>\n<\/div>\n<p><a href=\"https:\/\/www.cab.de\/de\/kennzeichnung\/etikettendrucker\/\">Mehr erfahren <span uk-icon=\"arrow-right\"><\/span><\/a><\/p>\n<\/li>\n<li>\n<p><img decoding=\"async\" src=\"\/wp-content\/uploads\/2019\/08\/hermesplus_2_2_l_600.jpg\" alt=\"Etikettiersystem von cab\"><\/p>\n<h2>Etikettierer von cab<\/h2>\n<p>Druck- und Etikettiersysteme f\u00fcr den Profibereich<\/p>\n<div>\n<p>Mehr Informationen zu den Ger\u00e4ten finden sie hier:<\/p>\n<\/div>\n<p><a href=\"https:\/\/www.cab.de\/de\/kennzeichnung\/etikettierung\/hermesplus\/\">Mehr erfahren <span uk-icon=\"arrow-right\"><\/span><\/a><\/p>\n<\/li>\n<li>\n<p><img decoding=\"async\" src=\"\/wp-content\/uploads\/2019\/08\/hs_120plus_b.jpg\" alt=\"Etikettenspender mit Etikettenrolle von cab\"><\/p>\n<h2>Etikettenspender von cab<\/h2>\n<p>Etiketten spenden \u2013 automatisch oder auf Anforderung<\/p>\n<div>\n<p>Mehr Informationen zu den Ger\u00e4ten finden sie hier:<\/p>\n<\/div>\n<p><a href=\"https:\/\/www.cab.de\/de\/kennzeichnung\/etikettenspender\/\">Mehr erfahren <span uk-icon=\"arrow-right\"><\/span><\/a><\/p>\n<\/li>\n<\/ul>\n<div>Wir sind offizieller Partner der Herstellerfirmen cab und goDex und bieten Ihnen den kompletten Service und Support f\u00fcr Etikettendrucker (Thermotransfer-\/Thermodirektdrucker) und Etikettiersysteme f\u00fcr das automatische Drucken und Etikettieren.<\/div>\n<p><!--more--><br \/>\n<!-- {\"name\":\"Seitenlayout Branche\",\"type\":\"layout\",\"children\":[{\"type\":\"section\",\"props\":{\"animation\":\"fade\",\"id\":\"header\",\"image\":\"wp-content\\\/uploads\\\/2019\\\/09\\\/cab_squix.jpg\",\"image_position\":\"center-center\",\"image_size\":\"cover\",\"image_width\":\"400\",\"media_overlay\":\"rgba(0, 160, 222, 0.8)\",\"padding\":\"none\",\"style\":\"primary\",\"title_breakpoint\":\"xl\",\"title_position\":\"top-left\",\"title_rotation\":\"left\",\"vertical_align\":\"middle\",\"width\":\"default\"},\"children\":[{\"type\":\"row\",\"children\":[{\"type\":\"column\",\"props\":{\"image_position\":\"center-center\",\"position_sticky_breakpoint\":\"m\",\"vertical_align\":\"middle\",\"width_medium\":\"1-1\"},\"children\":[{\"type\":\"headline\",\"props\":{\"content\":\"Etikettendrucker und Etikettiersysteme\",\"text_align\":\"center\",\"title_element\":\"h1\",\"title_style\":\"heading-small\"}},{\"type\":\"text\",\"props\":{\"column_breakpoint\":\"m\",\"content\":\"\n\n<p>Thermotransferdrucker und Etikettiersysteme von cab<\\\/p>\",\"margin\":\"default\",\"text_align\":\"center\",\"text_style\":\"large\"}}]}]}],\"name\":\"Header\"},{\"type\":\"section\",\"props\":{\"image_position\":\"center-center\",\"padding\":\"xsmall\",\"style\":\"default\",\"title_breakpoint\":\"xl\",\"title_position\":\"top-left\",\"title_rotation\":\"left\",\"vertical_align\":\"middle\",\"width\":\"default\"},\"children\":[{\"type\":\"row\",\"children\":[{\"type\":\"column\",\"props\":{\"image_position\":\"center-center\",\"position_sticky_breakpoint\":\"m\",\"width_medium\":\"1-1\"},\"children\":[{\"type\":\"module\",\"props\":{\"menu_image_align\":\"center\",\"menu_image_margin\":true,\"menu_style\":\"default\",\"menu_type\":\"nav\",\"type\":\"breadcrumbs\",\"widget\":\"breadcrumbs-2\"}}]}]}],\"name\":\"Breadcrumbs\"},{\"type\":\"section\",\"props\":{\"animation\":\"fade\",\"image_position\":\"center-center\",\"padding\":\"large\",\"style\":\"muted\",\"title_breakpoint\":\"xl\",\"title_position\":\"top-left\",\"title_rotation\":\"left\",\"vertical_align\":\"middle\",\"width\":\"default\"},\"children\":[{\"type\":\"row\",\"children\":[{\"type\":\"column\",\"props\":{\"image_position\":\"center-center\",\"position_sticky_breakpoint\":\"m\",\"width_medium\":\"1-1\"},\"children\":[{\"type\":\"grid\",\"props\":{\"content_column_breakpoint\":\"m\",\"css\":\".el-item {\\n\\tdisplay: flex;\\n    flex-direction: column;\\n    align-items: center;\\n}\\n\\n.el-content {\\n\\tflex-grow: 1;   \\n}\",\"filter_align\":\"left\",\"filter_all\":true,\"filter_grid_breakpoint\":\"m\",\"filter_grid_width\":\"auto\",\"filter_position\":\"top\",\"filter_style\":\"tab\",\"grid_default\":\"1\",\"grid_medium\":\"3\",\"grid_small\":\"2\",\"icon_width\":80,\"image_align\":\"top\",\"image_grid_breakpoint\":\"m\",\"image_grid_width\":\"1-2\",\"image_height\":\"250\",\"image_svg_color\":\"emphasis\",\"item_animation\":true,\"link_style\":\"default\",\"link_target\":true,\"link_text\":\"Mehr erfahren <span uk-icon=\\\"arrow-right\\\"><\\\/span>\",\"margin\":\"default\",\"meta_align\":\"below-title\",\"meta_element\":\"div\",\"meta_style\":\"text-meta\",\"panel_padding\":\"default\",\"panel_style\":\"card-default\",\"parallax_easing\":\"1\",\"show_content\":true,\"show_image\":true,\"show_link\":true,\"show_meta\":true,\"show_title\":true,\"text_align\":\"center\",\"title_align\":\"top\",\"title_element\":\"h2\",\"title_grid_breakpoint\":\"m\",\"title_grid_width\":\"1-2\",\"title_hover_style\":\"reset\"},\"children\":[{\"type\":\"grid_item\",\"props\":{\"content\":\"\n\n<p>Mehr Informationen zu den Ger\\u00e4ten finden sie hier:<\\\/p>\",\"image\":\"wp-content\\\/uploads\\\/2019\\\/09\\\/cab_squix.jpg\",\"image_alt\":\"Thermotransferdrucker von cab\",\"link\":\"https:\\\/\\\/www.cab.de\\\/de\\\/kennzeichnung\\\/etikettendrucker\\\/\",\"meta\":\"Modernste Technik, einfachste Bedienung\",\"title\":\"Etikettendrucker von cab\"}},{\"type\":\"grid_item\",\"props\":{\"content\":\"\n\n<p>Mehr Informationen zu den Ger\\u00e4ten finden sie hier:<\\\/p>\",\"image\":\"wp-content\\\/uploads\\\/2019\\\/08\\\/hermesplus_2_2_l_600.jpg\",\"image_alt\":\"Etikettiersystem von cab\",\"link\":\"https:\\\/\\\/www.cab.de\\\/de\\\/kennzeichnung\\\/etikettierung\\\/hermesplus\\\/\",\"meta\":\"Druck- und Etikettiersysteme f\\u00fcr den Profibereich\",\"title\":\"Etikettierer von cab\"}},{\"type\":\"grid_item\",\"props\":{\"content\":\"\n\n<p>Mehr Informationen zu den Ger\\u00e4ten finden sie hier:<\\\/p>\",\"image\":\"wp-content\\\/uploads\\\/2019\\\/08\\\/hs_120plus_b.jpg\",\"image_alt\":\"Etikettenspender mit Etikettenrolle von cab\",\"link\":\"https:\\\/\\\/www.cab.de\\\/de\\\/kennzeichnung\\\/etikettenspender\\\/\",\"meta\":\"Etiketten spenden \\u2013 automatisch oder auf Anforderung\",\"title\":\"Etikettenspender von cab\"}}]}]}]},{\"type\":\"row\",\"props\":{\"margin\":\"large\"},\"children\":[{\"type\":\"column\",\"props\":{\"image_position\":\"center-center\",\"position_sticky_breakpoint\":\"m\",\"width_medium\":\"1-1\"},\"children\":[{\"type\":\"text\",\"props\":{\"column_breakpoint\":\"m\",\"content\":\"Wir sind offizieller Partner der Herstellerfirmen cab und goDex und bieten Ihnen den kompletten Service und Support f\\u00fcr Etikettendrucker (Thermotransfer-\\\/Thermodirektdrucker) und Etikettiersysteme f\\u00fcr das automatische Drucken und Etikettieren.\",\"margin\":\"default\",\"text_align\":\"center\"}}]}]}],\"name\":\"Produkte\"}],\"version\":\"4.3.7\"} --><\/p>\n","protected":false},"excerpt":{"rendered":"<p>Etikettendrucker und Etikettiersysteme Thermotransferdrucker und Etikettiersysteme von cab Etikettendrucker von cab Modernste Technik, einfachste Bedienung Mehr Informationen zu den Ger\u00e4ten finden sie hier: Mehr erfahren Etikettierer von cab Druck- und Etikettiersysteme f\u00fcr den Profibereich Mehr Informationen zu den Ger\u00e4ten finden sie hier: Mehr erfahren Etikettenspender von cab Etiketten spenden \u2013 automatisch oder auf Anforderung Mehr [&hellip;]<\/p>\n","protected":false},"author":10,"featured_media":0,"parent":50,"menu_order":0,"comment_status":"closed","ping_status":"closed","template":"","meta":{"footnotes":""},"class_list":["post-44","page","type-page","status-publish","hentry"],"_links":{"self":[{"href":"https:\/\/www.mylabels.de\/de\/wp-json\/wp\/v2\/pages\/44","targetHints":{"allow":["GET"]}}],"collection":[{"href":"https:\/\/www.mylabels.de\/de\/wp-json\/wp\/v2\/pages"}],"about":[{"href":"https:\/\/www.mylabels.de\/de\/wp-json\/wp\/v2\/types\/page"}],"author":[{"embeddable":true,"href":"https:\/\/www.mylabels.de\/de\/wp-json\/wp\/v2\/users\/10"}],"replies":[{"embeddable":true,"href":"https:\/\/www.mylabels.de\/de\/wp-json\/wp\/v2\/comments?post=44"}],"version-history":[{"count":7,"href":"https:\/\/www.mylabels.de\/de\/wp-json\/wp\/v2\/pages\/44\/revisions"}],"predecessor-version":[{"id":5377,"href":"https:\/\/www.mylabels.de\/de\/wp-json\/wp\/v2\/pages\/44\/revisions\/5377"}],"up":[{"embeddable":true,"href":"https:\/\/www.mylabels.de\/de\/wp-json\/wp\/v2\/pages\/50"}],"wp:attachment":[{"href":"https:\/\/www.mylabels.de\/de\/wp-json\/wp\/v2\/media?parent=44"}],"curies":[{"name":"wp","href":"https:\/\/api.w.org\/{rel}","templated":true}]}}