{"id":46,"date":"2019-06-17T13:04:15","date_gmt":"2019-06-17T11:04:15","guid":{"rendered":"http:\/\/dev.sun-concept.de\/wp-mylabels\/?page_id=46"},"modified":"2024-02-08T15:25:29","modified_gmt":"2024-02-08T14:25:29","slug":"service","status":"publish","type":"page","link":"https:\/\/www.mylabels.de\/de\/service\/","title":{"rendered":"Service"},"content":{"rendered":"<h1>Service<\/h1>\n<h2>100\u00a0% Leistung &#8211; 100\u00a0% myLabels<\/h2>\n<div>\n<p>Service beginnt bei uns bereits mit dem ersten Kundende\/kontakt.<\/p>\n<\/div>\n<div>\n<p>        <img decoding=\"async\" src=\"\/wp-content\/uploads\/2019\/07\/Fertigung.svg\" alt=\"\"><\/p>\n<h3>Eindruckservice<\/h3>\n<div>\n<p>Falls Sie keinen Thermotransferdrucker besitzen sollten oder die Dienstleistung au\u00dfer Haus geben m\u00f6chten, \u00fcbernehmen wir gerne den Eindruck der Etiketten f\u00fcr Sie.<\/p>\n<\/div>\n<\/div>\n<div>\n<p>        <img decoding=\"async\" src=\"\/wp-content\/uploads\/2019\/07\/Service.svg\" alt=\"\"><\/p>\n<h3>Reparatur und Wartung<\/h3>\n<div>\n<p>Gerne reparieren wir Ihre Thermotransferdrucker und Etikettierer. Zudem bieten wir Ihnen individuelle Wartungskonzepte f\u00fcr Ihre Ger\u00e4te an. Laden Sie sich hier unsere aktuelle <a href=\"https:\/\/www.mylabels.de\/wp-content\/uploads\/2024\/02\/myLabels_Wartungsvereinbarung.pdf\">Brosch\u00fcre zur Wartungsvereinbarung<\/a> herunter.<\/p>\n<\/div>\n<\/div>\n<div>\n<p>        <img decoding=\"async\" src=\"\/wp-content\/uploads\/2019\/07\/System.svg\" alt=\"\"><\/p>\n<h3>IMDS und EMPB<\/h3>\n<div>\n<p>Wir \u00fcbernehmen den Eintrag Ihrer Etiketten in das IMDS (International Material Data System) und erstellen den EMPB (Erstmusterpr\u00fcfbericht).<\/p>\n<\/div>\n<\/div>\n<p><!--more--><br \/>\n<!-- {\"name\":\"Services\",\"type\":\"layout\",\"children\":[{\"type\":\"section\",\"props\":{\"animation\":\"fade\",\"id\":\"header\",\"image\":\"wp-content\\\/uploads\\\/2019\\\/10\\\/Wartung_Service.jpg\",\"image_position\":\"center-center\",\"image_size\":\"cover\",\"image_width\":\"400\",\"media_overlay\":\"rgba(0, 160, 222, 0.8)\",\"padding\":\"none\",\"style\":\"primary\",\"title_breakpoint\":\"xl\",\"title_position\":\"top-left\",\"title_rotation\":\"left\",\"vertical_align\":\"middle\",\"width\":\"default\"},\"children\":[{\"type\":\"row\",\"children\":[{\"type\":\"column\",\"props\":{\"image_position\":\"center-center\",\"position_sticky_breakpoint\":\"m\",\"vertical_align\":\"middle\",\"width_medium\":\"1-1\"},\"children\":[{\"type\":\"headline\",\"props\":{\"content\":\"Service\",\"text_align\":\"center\",\"title_element\":\"h1\",\"title_style\":\"heading-small\"}}]}]}],\"name\":\"Header\"},{\"type\":\"section\",\"props\":{\"image_position\":\"center-center\",\"padding\":\"xsmall\",\"style\":\"default\",\"title_breakpoint\":\"xl\",\"title_position\":\"top-left\",\"title_rotation\":\"left\",\"vertical_align\":\"middle\",\"width\":\"default\"},\"children\":[{\"type\":\"row\",\"children\":[{\"type\":\"column\",\"props\":{\"image_position\":\"center-center\",\"position_sticky_breakpoint\":\"m\",\"width_medium\":\"1-1\"},\"children\":[{\"type\":\"module\",\"props\":{\"menu_image_align\":\"center\",\"menu_image_margin\":true,\"menu_style\":\"default\",\"menu_type\":\"nav\",\"type\":\"breadcrumbs\",\"widget\":\"breadcrumbs-2\"}}]}]}],\"name\":\"Breadcrumbs\"},{\"name\":\"Services\",\"type\":\"section\",\"props\":{\"animation\":\"fade\",\"animation_delay\":false,\"height\":\"offset\",\"image_position\":\"center-center\",\"image_size\":\"cover\",\"padding\":\"large\",\"style\":\"muted\",\"title_breakpoint\":\"xl\",\"title_position\":\"top-left\",\"title_rotation\":\"left\",\"vertical_align\":\"middle\",\"width\":\"default\"},\"children\":[{\"type\":\"row\",\"props\":{\"margin\":\"large\"},\"children\":[{\"type\":\"column\",\"props\":{\"image_position\":\"center-center\",\"position_sticky_breakpoint\":\"m\",\"width_medium\":\"1-1\"},\"children\":[{\"type\":\"headline\",\"props\":{\"block_align\":\"center\",\"content\":\"100\\u00a0% Leistung - 100\\u00a0% myLabels\",\"maxwidth\":\"2xlarge\",\"text_align\":\"center\",\"title_element\":\"h2\",\"title_style\":\"h1\"}},{\"type\":\"text\",\"props\":{\"block_align\":\"center\",\"column_breakpoint\":\"m\",\"content\":\"\n\n<p>Service beginnt bei uns bereits mit dem ersten Kundende\\\/kontakt.<\\\/p>\",\"margin\":\"default\",\"maxwidth\":\"2xlarge\",\"text_align\":\"center\"}}]}]},{\"type\":\"row\",\"props\":{\"column_gap\":\"collapse\",\"margin\":\"medium\",\"row_gap\":\"collapse\"},\"children\":[{\"type\":\"column\",\"props\":{\"image_position\":\"center-center\",\"padding\":\"small\",\"position_sticky_breakpoint\":\"m\",\"style\":\"tile-default\",\"width_medium\":\"1-1\"},\"children\":[{\"type\":\"panel\",\"props\":{\"class\":\"service-panel\",\"content\":\"\n\n<p>Falls Sie keinen Thermotransferdrucker besitzen sollten oder die Dienstleistung au\\u00dfer Haus geben m\\u00f6chten, \\u00fcbernehmen wir gerne den Eindruck der Etiketten f\\u00fcr Sie.<\\\/p>\",\"content_column_breakpoint\":\"m\",\"icon_width\":80,\"image\":\"wp-content\\\/uploads\\\/2019\\\/07\\\/Fertigung.svg\",\"image_align\":\"left\",\"image_grid_breakpoint\":\"s\",\"image_grid_width\":\"auto\",\"image_svg_color\":\"emphasis\",\"image_width\":\"110\",\"link_style\":\"default\",\"link_text\":\"Read more\",\"margin\":\"default\",\"meta_align\":\"below-title\",\"meta_element\":\"div\",\"meta_style\":\"text-meta\",\"title\":\"Eindruckservice\",\"title_align\":\"top\",\"title_element\":\"h3\",\"title_grid_breakpoint\":\"m\",\"title_grid_width\":\"1-2\",\"title_hover_style\":\"reset\"}}]}]},{\"type\":\"row\",\"props\":{\"column_gap\":\"collapse\",\"margin\":\"medium\",\"row_gap\":\"collapse\"},\"children\":[{\"type\":\"column\",\"props\":{\"image_position\":\"center-center\",\"padding\":\"small\",\"position_sticky_breakpoint\":\"m\",\"style\":\"tile-default\",\"width_medium\":\"1-1\"},\"children\":[{\"type\":\"panel\",\"props\":{\"class\":\"service-panel\",\"content\":\"\n\n<p>Gerne reparieren wir Ihre Thermotransferdrucker und Etikettierer. Zudem bieten wir Ihnen individuelle Wartungskonzepte f\\u00fcr Ihre Ger\\u00e4te an. Laden Sie sich hier unsere aktuelle <a href=\\\"https:\\\/\\\/www.mylabels.de\\\/wp-content\\\/uploads\\\/2024\\\/02\\\/myLabels_Wartungsvereinbarung.pdf\\\">Brosch\\u00fcre zur Wartungsvereinbarung<\\\/a> herunter.<\\\/p>\",\"content_column_breakpoint\":\"m\",\"icon_width\":80,\"image\":\"wp-content\\\/uploads\\\/2019\\\/07\\\/Service.svg\",\"image_align\":\"left\",\"image_grid_breakpoint\":\"s\",\"image_grid_width\":\"auto\",\"image_svg_color\":\"emphasis\",\"image_width\":\"110\",\"link_style\":\"default\",\"link_text\":\"Read more\",\"margin\":\"default\",\"meta_align\":\"below-title\",\"meta_element\":\"div\",\"meta_style\":\"text-meta\",\"title\":\"Reparatur und Wartung\",\"title_align\":\"top\",\"title_element\":\"h3\",\"title_grid_breakpoint\":\"m\",\"title_grid_width\":\"1-2\",\"title_hover_style\":\"reset\"}}]}]},{\"type\":\"row\",\"props\":{\"column_gap\":\"collapse\",\"margin\":\"medium\",\"row_gap\":\"collapse\"},\"children\":[{\"type\":\"column\",\"props\":{\"image_position\":\"center-center\",\"padding\":\"small\",\"position_sticky_breakpoint\":\"m\",\"style\":\"tile-default\",\"width_medium\":\"1-1\"},\"children\":[{\"type\":\"panel\",\"props\":{\"class\":\"service-panel\",\"content\":\"\n\n<p>Wir \\u00fcbernehmen den Eintrag Ihrer Etiketten in das IMDS (International Material Data System) und erstellen den EMPB (Erstmusterpr\\u00fcfbericht).<\\\/p>\",\"content_column_breakpoint\":\"m\",\"icon_width\":80,\"image\":\"wp-content\\\/uploads\\\/2019\\\/07\\\/System.svg\",\"image_align\":\"left\",\"image_grid_breakpoint\":\"s\",\"image_grid_width\":\"auto\",\"image_svg_color\":\"emphasis\",\"image_width\":\"110\",\"link_style\":\"default\",\"link_text\":\"Read more\",\"margin\":\"default\",\"meta_align\":\"below-title\",\"meta_element\":\"div\",\"meta_style\":\"text-meta\",\"title\":\"IMDS und EMPB\",\"title_align\":\"top\",\"title_element\":\"h3\",\"title_grid_breakpoint\":\"m\",\"title_grid_width\":\"1-2\",\"title_hover_style\":\"reset\"}}]}]}]}],\"version\":\"4.2.12\"} --><\/p>\n","protected":false},"excerpt":{"rendered":"<p>Service 100\u00a0% Leistung &#8211; 100\u00a0% myLabels Service beginnt bei uns bereits mit dem ersten Kundende\/kontakt. Eindruckservice Falls Sie keinen Thermotransferdrucker besitzen sollten oder die Dienstleistung au\u00dfer Haus geben m\u00f6chten, \u00fcbernehmen wir gerne den Eindruck der Etiketten f\u00fcr Sie. Reparatur und Wartung Gerne reparieren wir Ihre Thermotransferdrucker und Etikettierer. Zudem bieten wir Ihnen individuelle Wartungskonzepte f\u00fcr [&hellip;]<\/p>\n","protected":false},"author":10,"featured_media":0,"parent":0,"menu_order":0,"comment_status":"closed","ping_status":"closed","template":"","meta":{"footnotes":""},"class_list":["post-46","page","type-page","status-publish","hentry"],"_links":{"self":[{"href":"https:\/\/www.mylabels.de\/de\/wp-json\/wp\/v2\/pages\/46","targetHints":{"allow":["GET"]}}],"collection":[{"href":"https:\/\/www.mylabels.de\/de\/wp-json\/wp\/v2\/pages"}],"about":[{"href":"https:\/\/www.mylabels.de\/de\/wp-json\/wp\/v2\/types\/page"}],"author":[{"embeddable":true,"href":"https:\/\/www.mylabels.de\/de\/wp-json\/wp\/v2\/users\/10"}],"replies":[{"embeddable":true,"href":"https:\/\/www.mylabels.de\/de\/wp-json\/wp\/v2\/comments?post=46"}],"version-history":[{"count":5,"href":"https:\/\/www.mylabels.de\/de\/wp-json\/wp\/v2\/pages\/46\/revisions"}],"predecessor-version":[{"id":5339,"href":"https:\/\/www.mylabels.de\/de\/wp-json\/wp\/v2\/pages\/46\/revisions\/5339"}],"wp:attachment":[{"href":"https:\/\/www.mylabels.de\/de\/wp-json\/wp\/v2\/media?parent=46"}],"curies":[{"name":"wp","href":"https:\/\/api.w.org\/{rel}","templated":true}]}}