{"id":48,"date":"2019-06-17T13:04:28","date_gmt":"2019-06-17T11:04:28","guid":{"rendered":"http:\/\/dev.sun-concept.de\/wp-mylabels\/?page_id=48"},"modified":"2025-09-01T10:47:37","modified_gmt":"2025-09-01T08:47:37","slug":"unternehmen","status":"publish","type":"page","link":"https:\/\/www.mylabels.de\/de\/unternehmen\/","title":{"rendered":"Unternehmen"},"content":{"rendered":"<h1>Unternehmen<\/h1>\n<h2>Qualit\u00e4t, Service und Zuverl\u00e4ssigkeit &#8211; seit 2001<\/h2>\n<div>\n<p>Unter dem Firmennamen <strong>myLabels GmbH<\/strong> wurde im Jahr 2006 in einer schlanken Unternehmensstruktur die jahrelange Erfahrung der cab IT-Technik GmbH (gegr\u00fcndet 2001) in einer eigenen Etikettenfertigung zusammengefasst.<\/p>\n<p>Das unternehmerische Ziel war der Aufbau einer modernen und innovativen Etikettenherstellung unter dem Motto: <strong>\u201eQualit\u00e4t, Service und Zuverl\u00e4ssigkeit\u201c<\/strong>.<\/p>\n<p>Durch die gute Auftragslage wurden die R\u00e4ume sehr schnell zu klein und schon im Jahre 2007 erfolgte der Umzug von Landau in der Pfalz nach Offenbach an der Queich in ein neues, gr\u00f6\u00dferes Geb\u00e4ude.<\/p>\n<p>myLabels bietet Ihnen eine komplette Betreuung und Versorgung im Bereich der Produktkennzeichnung und -identifikation.<\/p>\n<p>Es werden Etiketten f\u00fcr die verschiedensten Anwendungsbereiche entwickelt, produziert und vertrieben.<\/p>\n<p>Au\u00dferdem finden Sie bei uns die Thermotransferdrucker und -etikettierer\u00a0 der Hersteller cab und goDex. Ein breites Sortiment an Erfassungsger\u00e4ten (Barcode, RFID) rundet unsere Angebotspalette ab.<\/p>\n<p>Unsere Servicetechniker sorgen daf\u00fcr, dass Ihre Investition auch \u00fcber Jahre gesichert ist. Dar\u00fcber hinaus gew\u00e4hrleisten individuell auf unsere Kunden zugeschnittene Wartungskonzepte einen prozesssicheren Betrieb.<\/p>\n<p>Unser Ziel ist Lieferant der h\u00f6chsten Qualit\u00e4tsstufe zu sein und unseren Kunden eine <strong>\u201eAlles aus einer Hand\u201c<\/strong>-L\u00f6sung bieten zu k\u00f6nnen.<\/p>\n<\/div>\n<div class=\"brlbs-cmpnt-container brlbs-cmpnt-content-blocker brlbs-cmpnt-with-individual-styles\" data-borlabs-cookie-content-blocker-id=\"youtube-content-blocker\" data-borlabs-cookie-content=\"PGlmcmFtZSBzcmM9Imh0dHBzOi8vd3d3LnlvdXR1YmUtbm9jb29raWUuY29tL3dhdGNoP3Y9WV9MRXNfV0ptb0EiPjwvaWZyYW1lPg==\">\n<div class=\"brlbs-cmpnt-cb-preset-c brlbs-cmpnt-cb-youtube\">\n<div class=\"brlbs-cmpnt-cb-thumbnail\" style=\"background-image: url('https:\/\/www.mylabels.de\/wp-content\/uploads\/borlabs-cookie\/1\/yt_Y_LEs_WJmoA_hqdefault.jpg')\"><\/div>\n<div class=\"brlbs-cmpnt-cb-main\">\n<div class=\"brlbs-cmpnt-cb-play-button\"><\/div>\n<div class=\"brlbs-cmpnt-cb-content\">\n<p class=\"brlbs-cmpnt-cb-description\">Sie sehen gerade einen Platzhalterinhalt von <strong>YouTube<\/strong>. Um auf den eigentlichen Inhalt zuzugreifen, klicken Sie auf die Schaltfl\u00e4che unten. Bitte beachten Sie, dass dabei Daten an Drittanbieter weitergegeben werden.<\/p>\n<p> <a class=\"brlbs-cmpnt-cb-provider-toggle\" href=\"#\" data-borlabs-cookie-show-provider-information role=\"button\">Mehr Informationen<\/a> <\/div>\n<div class=\"brlbs-cmpnt-cb-buttons\"> <a class=\"brlbs-cmpnt-cb-btn\" href=\"#\" data-borlabs-cookie-unblock role=\"button\">Inhalt entsperren<\/a> <a class=\"brlbs-cmpnt-cb-btn\" href=\"#\" data-borlabs-cookie-accept-service role=\"button\" style=\"display: inherit\">Erforderlichen Service akzeptieren und Inhalte entsperren<\/a> <\/div>\n<\/p><\/div>\n<\/p><\/div>\n<\/div>\n<blockquote>\n<p>Erfolg besteht darin, dass man genau die F\u00e4higkeiten hat, die im Moment gefragt sind.<\/p>\n<footer>\n<p>                <cite>Henry Ford<\/cite><\/p>\n<\/footer>\n<\/blockquote>\n<h3>ISO-Zertifizierung<\/h3>\n<div>\n<p><strong>100 % Qualit\u00e4t<br \/><\/strong><\/p>\n<p>Wir haben es uns zum Ziel gesetzt, dass der Name myLabels f\u00fcr Qualit\u00e4t und Verl\u00e4sslichkeit steht. Um dies zu erreichen, haben wir verschiedene Prozesse zur Qualit\u00e4tssicherung implementiert, die durch unsere Zertifizierung nach DIN EN ISO 9001:2015 beurkundet sind.<\/p>\n<p>Wir arbeiten nur mit f\u00fchrenden und ihrerseits ebenfalls zertifizierten Herstellern und Zulieferern zusammen, deren Lieferungen stets einer strengen Eingangskontrolle unterzogen werden.<\/p>\n<\/div>\n<h3>UL-Etiketten<\/h3>\n<div>\n<p><strong>Zulassung f\u00fcr den amerikanischen und kanadischen Markt<br \/><\/strong><\/p>\n<p>myLabels bietet Etiketten an, die nach der Norm UL 969 \u201eStandard for Marking and Labeling Systems\u201c zertifiziert sind und somit h\u00f6chsten Anspr\u00fcchen entsprechen.<\/p>\n<p>Eine Vielzahl unserer Produkte sind gem\u00e4\u00df anwendbaren UL-Normen und Anforderungen durch UL gepr\u00fcft und gelistet.<\/p>\n<\/div>\n<p><!--more--><br \/>\n<!-- {\"name\":\"Services\",\"type\":\"layout\",\"children\":[{\"type\":\"section\",\"props\":{\"animation\":\"fade\",\"id\":\"header\",\"image\":\"wp-content\\\/uploads\\\/2019\\\/10\\\/index-Bild.png\",\"image_position\":\"center-center\",\"image_size\":\"cover\",\"image_width\":\"400\",\"media_overlay\":\"rgba(0, 160, 222, 0.8)\",\"padding\":\"none\",\"style\":\"primary\",\"title_breakpoint\":\"xl\",\"title_position\":\"top-left\",\"title_rotation\":\"left\",\"vertical_align\":\"middle\",\"width\":\"default\"},\"children\":[{\"type\":\"row\",\"children\":[{\"type\":\"column\",\"props\":{\"image_position\":\"center-center\",\"position_sticky_breakpoint\":\"m\",\"vertical_align\":\"middle\",\"width_medium\":\"1-1\"},\"children\":[{\"type\":\"headline\",\"props\":{\"content\":\"Unternehmen\",\"text_align\":\"center\",\"title_element\":\"h1\",\"title_style\":\"heading-small\"}}]}]}],\"name\":\"Header\"},{\"type\":\"section\",\"props\":{\"image_position\":\"center-center\",\"padding\":\"xsmall\",\"style\":\"default\",\"title_breakpoint\":\"xl\",\"title_position\":\"top-left\",\"title_rotation\":\"left\",\"vertical_align\":\"middle\",\"width\":\"default\"},\"children\":[{\"type\":\"row\",\"children\":[{\"type\":\"column\",\"props\":{\"image_position\":\"center-center\",\"position_sticky_breakpoint\":\"m\",\"width_medium\":\"1-1\"},\"children\":[{\"type\":\"module\",\"props\":{\"menu_image_align\":\"center\",\"menu_image_margin\":true,\"menu_style\":\"default\",\"menu_type\":\"nav\",\"type\":\"breadcrumbs\",\"widget\":\"breadcrumbs-2\"}}]}]}],\"name\":\"Breadcrumbs\"},{\"name\":\"Intro\",\"type\":\"section\",\"props\":{\"animation\":\"fade\",\"animation_delay\":false,\"height\":\"offset\",\"image_position\":\"center-center\",\"image_size\":\"cover\",\"padding\":\"large\",\"style\":\"muted\",\"title_breakpoint\":\"xl\",\"title_position\":\"top-left\",\"title_rotation\":\"left\",\"vertical_align\":\"middle\",\"width\":\"default\"},\"children\":[{\"type\":\"row\",\"props\":{\"margin\":\"large\"},\"children\":[{\"type\":\"column\",\"props\":{\"image_position\":\"center-center\",\"position_sticky_breakpoint\":\"m\",\"width_medium\":\"1-1\"},\"children\":[{\"type\":\"headline\",\"props\":{\"block_align\":\"center\",\"content\":\"Qualit\\u00e4t, Service und Zuverl\\u00e4ssigkeit - seit 2001\",\"margin\":\"large\",\"maxwidth\":\"2xlarge\",\"text_align\":\"center\",\"title_element\":\"h2\",\"title_style\":\"h1\"}},{\"type\":\"text\",\"props\":{\"column\":\"1-2\",\"column_breakpoint\":\"m\",\"content\":\"\n\n<p>Unter dem Firmennamen <strong>myLabels GmbH<\\\/strong> wurde im Jahr 2006 in einer schlanken Unternehmensstruktur die jahrelange Erfahrung der cab IT-Technik GmbH (gegr\\u00fcndet 2001) in einer eigenen Etikettenfertigung zusammengefasst.<\\\/p>\\n\n\n<p>Das unternehmerische Ziel war der Aufbau einer modernen und innovativen Etikettenherstellung unter dem Motto: <strong>\\u201eQualit\\u00e4t, Service und Zuverl\\u00e4ssigkeit\\u201c<\\\/strong>.<\\\/p>\\n\n\n<p>Durch die gute Auftragslage wurden die R\\u00e4ume sehr schnell zu klein und schon im Jahre 2007 erfolgte der Umzug von Landau in der Pfalz nach Offenbach an der Queich in ein neues, gr\\u00f6\\u00dferes Geb\\u00e4ude.<\\\/p>\\n\n\n<p>myLabels bietet Ihnen eine komplette Betreuung und Versorgung im Bereich der Produktkennzeichnung und -identifikation.<\\\/p>\\n\n\n<p>Es werden Etiketten f\\u00fcr die verschiedensten Anwendungsbereiche entwickelt, produziert und vertrieben.<\\\/p>\\n\n\n<p>Au\\u00dferdem finden Sie bei uns die Thermotransferdrucker und -etikettierer\\u00a0 der Hersteller cab und goDex. Ein breites Sortiment an Erfassungsger\\u00e4ten (Barcode, RFID) rundet unsere Angebotspalette ab.<\\\/p>\\n\n\n<p>Unsere Servicetechniker sorgen daf\\u00fcr, dass Ihre Investition auch \\u00fcber Jahre gesichert ist. Dar\\u00fcber hinaus gew\\u00e4hrleisten individuell auf unsere Kunden zugeschnittene Wartungskonzepte einen prozesssicheren Betrieb.<\\\/p>\\n\n\n<p>Unser Ziel ist Lieferant der h\\u00f6chsten Qualit\\u00e4tsstufe zu sein und unseren Kunden eine <strong>\\u201eAlles aus einer Hand\\u201c<\\\/strong>-L\\u00f6sung bieten zu k\\u00f6nnen.<\\\/p>\",\"margin\":\"default\"}},{\"type\":\"video\",\"props\":{\"margin\":\"large\",\"video\":\"https:\\\/\\\/www.youtube.com\\\/watch?v=Y_LEs_WJmoA\",\"video_controls\":true,\"video_width\":\"2560\"}}]}]}]},{\"type\":\"section\",\"props\":{\"animation\":\"fade\",\"image\":\"wp-content\\\/uploads\\\/2019\\\/08\\\/gebaeude-sw-2.jpg\",\"image_effect\":\"fixed\",\"image_position\":\"center-center\",\"image_size\":\"cover\",\"image_width\":\"600\",\"media_overlay\":\"rgba(27, 40, 49, 0.71)\",\"padding\":\"xlarge\",\"style\":\"default\",\"text_color\":\"light\",\"title_breakpoint\":\"xl\",\"title_position\":\"top-left\",\"title_rotation\":\"left\",\"vertical_align\":\"middle\",\"width\":\"default\"},\"children\":[{\"type\":\"row\",\"children\":[{\"type\":\"column\",\"props\":{\"image_position\":\"center-center\",\"position_sticky_breakpoint\":\"m\",\"width_medium\":\"1-1\"},\"children\":[{\"type\":\"quotation\",\"props\":{\"author\":\"Henry Ford\",\"block_align\":\"center\",\"content\":\"\n\n<p>Erfolg besteht darin, dass man genau die F\\u00e4higkeiten hat, die im Moment gefragt sind.<\\\/p>\",\"css\":\".el-element { font-size: 28px; }\",\"margin\":\"default\",\"text_align\":\"center\",\"text_align_breakpoint\":\"m\",\"text_align_fallback\":\"center\"}}]}]}],\"name\":\"Parallax\"},{\"type\":\"section\",\"props\":{\"animation\":\"fade\",\"image_position\":\"center-center\",\"style\":\"primary\",\"title_breakpoint\":\"xl\",\"title_position\":\"top-left\",\"title_rotation\":\"left\",\"vertical_align\":\"middle\",\"width\":\"default\"},\"children\":[{\"type\":\"row\",\"props\":{\"layout\":\"1-2,1-2\"},\"children\":[{\"type\":\"column\",\"props\":{\"image_position\":\"center-center\",\"position_sticky_breakpoint\":\"m\",\"width_medium\":\"1-2\"},\"children\":[{\"type\":\"headline\",\"props\":{\"content\":\"ISO-Zertifizierung\",\"title_element\":\"h3\",\"title_style\":\"h4\"}},{\"type\":\"text\",\"props\":{\"column_breakpoint\":\"m\",\"content\":\"\n\n<p><strong>100 % Qualit\\u00e4t<br \\\/><\\\/strong><\\\/p>\\n\n\n<p>Wir haben es uns zum Ziel gesetzt, dass der Name myLabels f\\u00fcr Qualit\\u00e4t und Verl\\u00e4sslichkeit steht. Um dies zu erreichen, haben wir verschiedene Prozesse zur Qualit\\u00e4tssicherung implementiert, die durch unsere Zertifizierung nach DIN EN ISO 9001:2015 beurkundet sind.<\\\/p>\\n\n\n<p>Wir arbeiten nur mit f\\u00fchrenden und ihrerseits ebenfalls zertifizierten Herstellern und Zulieferern zusammen, deren Lieferungen stets einer strengen Eingangskontrolle unterzogen werden.<\\\/p>\",\"margin\":\"default\"}}]},{\"type\":\"column\",\"props\":{\"image_position\":\"center-center\",\"position_sticky_breakpoint\":\"m\",\"width_medium\":\"1-2\"},\"children\":[{\"type\":\"headline\",\"props\":{\"content\":\"UL-Etiketten\",\"title_element\":\"h3\",\"title_style\":\"h4\"}},{\"type\":\"text\",\"props\":{\"column_breakpoint\":\"m\",\"content\":\"\n\n<p><strong>Zulassung f\\u00fcr den amerikanischen und kanadischen Markt<br \\\/><\\\/strong><\\\/p>\\n\n\n<p>myLabels bietet Etiketten an, die nach der Norm UL 969 \\u201eStandard for Marking and Labeling Systems\\u201c zertifiziert sind und somit h\\u00f6chsten Anspr\\u00fcchen entsprechen.<\\\/p>\\n\n\n<p>Eine Vielzahl unserer Produkte sind gem\\u00e4\\u00df anwendbaren UL-Normen und Anforderungen durch UL gepr\\u00fcft und gelistet.<\\\/p>\",\"margin\":\"default\"}}]}]}],\"name\":\"ISO \\\/ UL Etiketten\"}],\"version\":\"4.3.7\"} --><\/p>\n","protected":false},"excerpt":{"rendered":"<p>Unternehmen Qualit\u00e4t, Service und Zuverl\u00e4ssigkeit &#8211; seit 2001 Unter dem Firmennamen myLabels GmbH wurde im Jahr 2006 in einer schlanken Unternehmensstruktur die jahrelange Erfahrung der cab IT-Technik GmbH (gegr\u00fcndet 2001) in einer eigenen Etikettenfertigung zusammengefasst. Das unternehmerische Ziel war der Aufbau einer modernen und innovativen Etikettenherstellung unter dem Motto: \u201eQualit\u00e4t, Service und Zuverl\u00e4ssigkeit\u201c. Durch die [&hellip;]<\/p>\n","protected":false},"author":10,"featured_media":0,"parent":0,"menu_order":0,"comment_status":"closed","ping_status":"closed","template":"","meta":{"footnotes":""},"class_list":["post-48","page","type-page","status-publish","hentry"],"_links":{"self":[{"href":"https:\/\/www.mylabels.de\/de\/wp-json\/wp\/v2\/pages\/48","targetHints":{"allow":["GET"]}}],"collection":[{"href":"https:\/\/www.mylabels.de\/de\/wp-json\/wp\/v2\/pages"}],"about":[{"href":"https:\/\/www.mylabels.de\/de\/wp-json\/wp\/v2\/types\/page"}],"author":[{"embeddable":true,"href":"https:\/\/www.mylabels.de\/de\/wp-json\/wp\/v2\/users\/10"}],"replies":[{"embeddable":true,"href":"https:\/\/www.mylabels.de\/de\/wp-json\/wp\/v2\/comments?post=48"}],"version-history":[{"count":8,"href":"https:\/\/www.mylabels.de\/de\/wp-json\/wp\/v2\/pages\/48\/revisions"}],"predecessor-version":[{"id":5375,"href":"https:\/\/www.mylabels.de\/de\/wp-json\/wp\/v2\/pages\/48\/revisions\/5375"}],"wp:attachment":[{"href":"https:\/\/www.mylabels.de\/de\/wp-json\/wp\/v2\/media?parent=48"}],"curies":[{"name":"wp","href":"https:\/\/api.w.org\/{rel}","templated":true}]}}