{"id":532,"date":"2019-07-12T16:35:17","date_gmt":"2019-07-12T14:35:17","guid":{"rendered":"http:\/\/dev.sun-concept.de\/wp-mylabels\/?page_id=532"},"modified":"2023-03-20T17:33:34","modified_gmt":"2023-03-20T16:33:34","slug":"etiketten-anwendungen","status":"publish","type":"page","link":"https:\/\/www.mylabels.de\/de\/produkte\/etiketten-anwendungen\/","title":{"rendered":"Etiketten-Anwendungen"},"content":{"rendered":"<h1>Etiketten-Anwendungen<\/h1>\n<div>\n<p>F\u00fcr jede Anwendung das passende Etikett<\/p>\n<\/div>\n<ul>\n<li>\n<p>        <img decoding=\"async\" src=\"\/wp-content\/uploads\/2019\/09\/18641873_olm26250_Barcodeetiketten-Gro%C3%9F.jpg\" alt=\"\"><\/p>\n<h2>Barcode-Etiketten<\/h2>\n<div>\n<p>Wir fertigen nach Ihren Vorgaben alle g\u00e4ngigen Barcodetypen, zum Beispiel Code 128, Code 39, EAN 13, Interleaved 2\/5, Datamatrix und QR-Code. Feststehend oder fortlaufend nummeriert. Riesige Format- und Materialauswahl!<\/p>\n<\/div>\n<p><a href=\"\/de\/produkte\/barcode-etiketten\/\"><\/a><\/p>\n<\/li>\n<li>\n<p>        <img decoding=\"async\" src=\"\/wp-content\/uploads\/2019\/11\/1052087976_PJ_joe_Gefahrenhinweise.jpg\" alt=\"\"><\/p>\n<h2>Inkjet-Etiketten<\/h2>\n<div>\n<p>Inkjet-Etiketten bestehen aus einem besonderen Papiermaterial, welches f\u00fcr die Bedruckung mit Inkjetdruckern geeignet ist.<\/p>\n<\/div>\n<p><a href=\"\/de\/produkte\/inkjet-etiketten\/\"><\/a><\/p>\n<\/li>\n<li>\n<p>        <img decoding=\"async\" src=\"\/wp-content\/uploads\/2019\/10\/1146057519_lensmen_Kabelkennzeichnung.jpg\" alt=\"\"><\/p>\n<h2>Kabelkennzeichnungs-Etiketten<\/h2>\n<div>\n<p>Etiketten zur Kennzeichnung von Kabeln, welche die eindeutige Identifizierung, z.B. in Schaltschr\u00e4nken, erm\u00f6glichen.<\/p>\n<\/div>\n<p><a href=\"\/de\/produkte\/kabelkennzeichnungs-etiketten\/\"><\/a><\/p>\n<\/li>\n<li>\n<p>        <img decoding=\"async\" src=\"\/wp-content\/uploads\/2019\/12\/laminatetiketten_1.jpg\" alt=\"\"><\/p>\n<h2>Laminat-Etiketten<\/h2>\n<div>\n<p>Etiketten, welche durch das Aufbringen einer Folie auf die Oberseite laminiert und damit widerstandsf\u00e4higer gemacht werden.<\/p>\n<\/div>\n<p><a href=\"\/de\/produkte\/laminat-etiketten\/\"><\/a><\/p>\n<\/li>\n<li>\n<p>        <img decoding=\"async\" src=\"\/wp-content\/uploads\/2019\/09\/17297427_Berenik_L_Barcodeetikett-Gro%C3%9F.jpg\" alt=\"\"><\/p>\n<h2>Preisauszeichnungs-Etiketten<\/h2>\n<div>\n<p>Etiketten zur Preisauszeichnung im Gro\u00df- und Einzelhandel<\/p>\n<\/div>\n<p><a href=\"\/de\/produkte\/preisauszeichnungs-etiketten\/\"><\/a><\/p>\n<\/li>\n<li>\n<p>        <img decoding=\"async\" src=\"\/wp-content\/uploads\/2019\/10\/IMG_0048-e1572522803126.jpg\" alt=\"\"><\/p>\n<h2>Seriennummer-Etiketten\/Typenschilder<\/h2>\n<div>\n<p>Etiketten zur lebensdauerbegleitenden Kennzeichnung<\/p>\n<\/div>\n<p><a href=\"\/de\/produkte\/seriennummer-etiketten-typenschilder\/\"><\/a><\/p>\n<\/li>\n<li>\n<p>        <img decoding=\"async\" src=\"\/wp-content\/uploads\/2019\/11\/Schlaufenetikett5.jpg\" alt=\"\"><\/p>\n<h2>Schlaufen-Etiketten<\/h2>\n<div>\n<p>Schlaufen-Etiketten bestehen aus Kunststoffstreifen mit einer Lochstanzung und Verj\u00fcngungen in der Mitte. Durch diese Form l\u00e4\u00dft sich eine Schlaufe bilden und das Etikett kann kleberfrei befestigt werden.<\/p>\n<\/div>\n<p><a href=\"\/de\/produkte\/schlaufen-etiketten\/\"><\/a><\/p>\n<\/li>\n<li>\n<p>        <img decoding=\"async\" src=\"\/wp-content\/uploads\/2019\/12\/schmucketiketten_1.jpg\" alt=\"\"><\/p>\n<h2>Schmuck-Etiketten<\/h2>\n<div>\n<p>Schmuck-Etiketten sind hochwertig veredelte Etiketten.<\/p>\n<\/div>\n<p><a href=\"\/de\/produkte\/schmuck-etiketten\/\"><\/a><\/p>\n<\/li>\n<li>\n<p>        <img decoding=\"async\" src=\"\/wp-content\/uploads\/2019\/11\/IMG_0046.jpg\" alt=\"\"><\/p>\n<h2>Sicherheits-Etiketten<\/h2>\n<div>\n<p>Sicherheits-Etiketten sollen Manipulationen an Verpackungen verhindern bzw. nachweisbar machen und F\u00e4lschungen leicht erkennen lassen.<\/p>\n<\/div>\n<p><a href=\"\/de\/produkte\/sicherheitsetiketten\/\"><\/a><\/p>\n<\/li>\n<li>\n<p>        <img decoding=\"async\" src=\"\/wp-content\/uploads\/2019\/10\/137078530_flyfloor_Warenanh%C3%A4nger.jpg\" alt=\"\"><\/p>\n<h2>Waren-Anh\u00e4nger<\/h2>\n<div>\n<p>Etiketten aus Papier, Karton oder Kunststoff, welche zur Kennzeichnung von Produkten dienen und mittels Draht oder Kunststoff befestigt werden.<\/p>\n<\/div>\n<p><a href=\"\/de\/produkte\/waren-anhaenger\/\"><\/a><\/p>\n<\/li>\n<\/ul>\n<p><!--more--><br \/>\n<!-- {\"name\":\"Seitenlayout Produkt\\u00fcbersicht\",\"type\":\"layout\",\"children\":[{\"type\":\"section\",\"props\":{\"animation\":\"fade\",\"id\":\"header\",\"image\":\"wp-content\\\/uploads\\\/2019\\\/12\\\/Anwendungen2-scaled.jpg\",\"image_position\":\"center-center\",\"image_size\":\"cover\",\"image_width\":\"400\",\"media_overlay\":\"rgba(0, 160, 222, 0.8)\",\"padding\":\"none\",\"style\":\"primary\",\"title_breakpoint\":\"xl\",\"title_position\":\"top-left\",\"title_rotation\":\"left\",\"vertical_align\":\"middle\",\"width\":\"default\"},\"children\":[{\"type\":\"row\",\"children\":[{\"type\":\"column\",\"props\":{\"image_position\":\"center-center\",\"media_overlay_gradient\":\"\",\"position_sticky_breakpoint\":\"m\",\"vertical_align\":\"middle\",\"width_medium\":\"1-1\"},\"children\":[{\"type\":\"headline\",\"props\":{\"content\":\"Etiketten-Anwendungen\",\"text_align\":\"center\",\"title_element\":\"h1\",\"title_style\":\"heading-small\"}},{\"type\":\"text\",\"props\":{\"column_breakpoint\":\"m\",\"content\":\"\n\n<p>F\\u00fcr jede Anwendung das passende Etikett<\\\/p>\",\"margin\":\"default\",\"text_align\":\"center\",\"text_style\":\"large\"}}]}]}],\"name\":\"Header\"},{\"type\":\"section\",\"props\":{\"image_position\":\"center-center\",\"padding\":\"xsmall\",\"style\":\"default\",\"title_breakpoint\":\"xl\",\"title_position\":\"top-left\",\"title_rotation\":\"left\",\"vertical_align\":\"middle\",\"width\":\"default\"},\"children\":[{\"type\":\"row\",\"children\":[{\"type\":\"column\",\"props\":{\"image_position\":\"center-center\",\"media_overlay_gradient\":\"\",\"position_sticky_breakpoint\":\"m\",\"width_medium\":\"1-1\"},\"children\":[{\"type\":\"module\",\"props\":{\"menu_image_align\":\"center\",\"menu_image_margin\":true,\"menu_style\":\"default\",\"menu_type\":\"nav\",\"type\":\"breadcrumbs\",\"widget\":\"breadcrumbs-2\"}}]}]}],\"name\":\"Breadcrumbs\"},{\"name\":\"Etiketten\",\"type\":\"section\",\"props\":{\"animation\":\"fade\",\"animation_delay\":false,\"image_position\":\"center-center\",\"image_size\":\"cover\",\"padding_remove_top\":false,\"style\":\"muted\",\"title_breakpoint\":\"xl\",\"title_position\":\"top-left\",\"title_rotation\":\"left\",\"vertical_align\":\"middle\",\"width\":\"default\"},\"children\":[{\"name\":\"\",\"type\":\"row\",\"children\":[{\"name\":\"\",\"type\":\"column\",\"props\":{\"image_position\":\"center-center\",\"media_overlay_gradient\":\"\",\"position_sticky_breakpoint\":\"m\",\"width_medium\":\"1-1\"},\"children\":[{\"name\":\"\",\"type\":\"grid\",\"props\":{\"content_column_breakpoint\":\"m\",\"css\":\".uk-grid { align-items:center; }\",\"filter\":false,\"filter_align\":\"center\",\"filter_all\":true,\"filter_all_label\":\"Alle\",\"filter_grid_breakpoint\":\"m\",\"filter_grid_width\":\"auto\",\"filter_margin\":\"medium\",\"filter_position\":\"top\",\"filter_style\":\"subnav-pill\",\"grid_default\":\"1\",\"grid_divider\":true,\"grid_medium\":\"\",\"icon_width\":80,\"image_align\":\"left\",\"image_grid_breakpoint\":\"m\",\"image_grid_width\":\"auto\",\"image_height\":\"280\",\"image_svg_color\":\"emphasis\",\"image_transition\":\"scale-up\",\"image_width\":\"280\",\"item_animation\":true,\"link_style\":\"default\",\"link_text\":\"\",\"margin\":\"default\",\"meta_align\":\"below-title\",\"meta_element\":\"div\",\"meta_margin\":\"small\",\"meta_style\":\"text-meta\",\"panel_link\":true,\"parallax_easing\":\"1\",\"show_content\":true,\"show_image\":true,\"show_link\":true,\"show_meta\":true,\"show_title\":true,\"title_align\":\"top\",\"title_element\":\"h2\",\"title_grid_breakpoint\":\"m\",\"title_grid_width\":\"1-2\",\"title_hover_style\":\"heading\"},\"children\":[{\"name\":\"\",\"type\":\"grid_item\",\"props\":{\"content\":\"\n\n<p>Wir fertigen nach Ihren Vorgaben alle g\\u00e4ngigen Barcodetypen, zum Beispiel Code 128, Code 39, EAN 13, Interleaved 2\\\/5, Datamatrix und QR-Code. Feststehend oder fortlaufend nummeriert. Riesige Format- und Materialauswahl!<\\\/p>\",\"image\":\"wp-content\\\/uploads\\\/2019\\\/09\\\/18641873_olm26250_Barcodeetiketten-Gro\\u00df.jpg\",\"link\":\"de\\\/produkte\\\/barcode-etiketten\\\/\",\"meta\":\"\",\"tags\":\"\",\"title\":\"Barcode-Etiketten\"}},{\"name\":\"\",\"type\":\"grid_item\",\"props\":{\"content\":\"\n\n<p>Inkjet-Etiketten bestehen aus einem besonderen Papiermaterial, welches f\\u00fcr die Bedruckung mit Inkjetdruckern geeignet ist.<\\\/p>\",\"image\":\"wp-content\\\/uploads\\\/2019\\\/11\\\/1052087976_PJ_joe_Gefahrenhinweise.jpg\",\"link\":\"de\\\/produkte\\\/inkjet-etiketten\\\/\",\"meta\":\"\",\"tags\":\"\",\"title\":\"Inkjet-Etiketten\"}},{\"type\":\"grid_item\",\"props\":{\"content\":\"\n\n<p>Etiketten zur Kennzeichnung von Kabeln, welche die eindeutige Identifizierung, z.B. in Schaltschr\\u00e4nken, erm\\u00f6glichen.<\\\/p>\",\"image\":\"wp-content\\\/uploads\\\/2019\\\/10\\\/1146057519_lensmen_Kabelkennzeichnung.jpg\",\"link\":\"de\\\/produkte\\\/kabelkennzeichnungs-etiketten\\\/\",\"meta\":\"\",\"tags\":\"\",\"title\":\"Kabelkennzeichnungs-Etiketten\"}},{\"type\":\"grid_item\",\"props\":{\"content\":\"\n\n<p>Etiketten, welche durch das Aufbringen einer Folie auf die Oberseite laminiert und damit widerstandsf\\u00e4higer gemacht werden.<\\\/p>\",\"image\":\"wp-content\\\/uploads\\\/2019\\\/12\\\/laminatetiketten_1.jpg\",\"link\":\"de\\\/produkte\\\/laminat-etiketten\\\/\",\"meta\":\"\",\"tags\":\"\",\"title\":\"Laminat-Etiketten\"}},{\"name\":\"\",\"type\":\"grid_item\",\"props\":{\"content\":\"\n\n<p>Etiketten zur Preisauszeichnung im Gro\\u00df- und Einzelhandel<\\\/p>\",\"image\":\"wp-content\\\/uploads\\\/2019\\\/09\\\/17297427_Berenik_L_Barcodeetikett-Gro\\u00df.jpg\",\"link\":\"de\\\/produkte\\\/preisauszeichnungs-etiketten\\\/\",\"meta\":\"\",\"tags\":\"\",\"title\":\"Preisauszeichnungs-Etiketten\"}},{\"name\":\"\",\"type\":\"grid_item\",\"props\":{\"content\":\"\n\n<p>Etiketten zur lebensdauerbegleitenden Kennzeichnung<\\\/p>\",\"image\":\"wp-content\\\/uploads\\\/2019\\\/10\\\/IMG_0048-e1572522803126.jpg\",\"link\":\"de\\\/produkte\\\/seriennummer-etiketten-typenschilder\\\/\",\"meta\":\"\",\"tags\":\"\",\"title\":\"Seriennummer-Etiketten\\\/Typenschilder\"}},{\"name\":\"\",\"type\":\"grid_item\",\"props\":{\"content\":\"\n\n<p>Schlaufen-Etiketten bestehen aus Kunststoffstreifen mit einer Lochstanzung und Verj\\u00fcngungen in der Mitte. Durch diese Form l\\u00e4\\u00dft sich eine Schlaufe bilden und das Etikett kann kleberfrei befestigt werden.<\\\/p>\",\"image\":\"wp-content\\\/uploads\\\/2019\\\/11\\\/Schlaufenetikett5.jpg\",\"link\":\"de\\\/produkte\\\/schlaufen-etiketten\\\/\",\"meta\":\"\",\"tags\":\"\",\"title\":\"Schlaufen-Etiketten\"}},{\"type\":\"grid_item\",\"props\":{\"content\":\"\n\n<p>Schmuck-Etiketten sind hochwertig veredelte Etiketten.<\\\/p>\",\"image\":\"wp-content\\\/uploads\\\/2019\\\/12\\\/schmucketiketten_1.jpg\",\"link\":\"de\\\/produkte\\\/schmuck-etiketten\\\/\",\"meta\":\"\",\"tags\":\"\",\"title\":\"Schmuck-Etiketten\"}},{\"type\":\"grid_item\",\"props\":{\"content\":\"\n\n<p>Sicherheits-Etiketten sollen Manipulationen an Verpackungen verhindern bzw. nachweisbar machen und F\\u00e4lschungen leicht erkennen lassen.<\\\/p>\",\"image\":\"wp-content\\\/uploads\\\/2019\\\/11\\\/IMG_0046.jpg\",\"link\":\"de\\\/produkte\\\/sicherheitsetiketten\\\/\",\"meta\":\"\",\"tags\":\"\",\"title\":\"Sicherheits-Etiketten\"}},{\"type\":\"grid_item\",\"props\":{\"content\":\"\n\n<p>Etiketten aus Papier, Karton oder Kunststoff, welche zur Kennzeichnung von Produkten dienen und mittels Draht oder Kunststoff befestigt werden.<\\\/p>\",\"image\":\"wp-content\\\/uploads\\\/2019\\\/10\\\/137078530_flyfloor_Warenanh\\u00e4nger.jpg\",\"link\":\"de\\\/produkte\\\/waren-anhaenger\\\/\",\"meta\":\"\",\"tags\":\"\",\"title\":\"Waren-Anh\\u00e4nger\"}}]}]}]}]}],\"version\":\"3.0.20\"} --><\/p>\n","protected":false},"excerpt":{"rendered":"<p>Etiketten-Anwendungen F\u00fcr jede Anwendung das passende Etikett Barcode-Etiketten Wir fertigen nach Ihren Vorgaben alle g\u00e4ngigen Barcodetypen, zum Beispiel Code 128, Code 39, EAN 13, Interleaved 2\/5, Datamatrix und QR-Code. Feststehend oder fortlaufend nummeriert. Riesige Format- und Materialauswahl! Inkjet-Etiketten Inkjet-Etiketten bestehen aus einem besonderen Papiermaterial, welches f\u00fcr die Bedruckung mit Inkjetdruckern geeignet ist. Kabelkennzeichnungs-Etiketten Etiketten zur [&hellip;]<\/p>\n","protected":false},"author":10,"featured_media":0,"parent":50,"menu_order":0,"comment_status":"closed","ping_status":"closed","template":"","meta":{"footnotes":""},"class_list":["post-532","page","type-page","status-publish","hentry"],"_links":{"self":[{"href":"https:\/\/www.mylabels.de\/de\/wp-json\/wp\/v2\/pages\/532","targetHints":{"allow":["GET"]}}],"collection":[{"href":"https:\/\/www.mylabels.de\/de\/wp-json\/wp\/v2\/pages"}],"about":[{"href":"https:\/\/www.mylabels.de\/de\/wp-json\/wp\/v2\/types\/page"}],"author":[{"embeddable":true,"href":"https:\/\/www.mylabels.de\/de\/wp-json\/wp\/v2\/users\/10"}],"replies":[{"embeddable":true,"href":"https:\/\/www.mylabels.de\/de\/wp-json\/wp\/v2\/comments?post=532"}],"version-history":[{"count":5,"href":"https:\/\/www.mylabels.de\/de\/wp-json\/wp\/v2\/pages\/532\/revisions"}],"predecessor-version":[{"id":5223,"href":"https:\/\/www.mylabels.de\/de\/wp-json\/wp\/v2\/pages\/532\/revisions\/5223"}],"up":[{"embeddable":true,"href":"https:\/\/www.mylabels.de\/de\/wp-json\/wp\/v2\/pages\/50"}],"wp:attachment":[{"href":"https:\/\/www.mylabels.de\/de\/wp-json\/wp\/v2\/media?parent=532"}],"curies":[{"name":"wp","href":"https:\/\/api.w.org\/{rel}","templated":true}]}}