{"id":557,"date":"2019-07-31T16:54:09","date_gmt":"2019-07-31T14:54:09","guid":{"rendered":"http:\/\/dev.sun-concept.de\/wp-mylabels\/?page_id=557"},"modified":"2023-03-20T17:36:39","modified_gmt":"2023-03-20T16:36:39","slug":"schlaufen-etiketten","status":"publish","type":"page","link":"https:\/\/www.mylabels.de\/de\/produkte\/schlaufen-etiketten\/","title":{"rendered":"Schlaufen-Etiketten"},"content":{"rendered":"<h1>Schlaufen-Etiketten<\/h1>\n<h2>Kleberfreie Kennzeichnung<\/h2>\n<div>\n<p>Schlaufen-Etiketten bestehen aus Kunststoffstreifen mit einer Lochstanzung und Verj\u00fcngungen in der Mitte. Durch diese Form l\u00e4\u00dft sich eine Schlaufe bilden und das Etikett kann kleberfrei befestigt werden.<\/p>\n<p>Bei der Herstellung der Schlaufen-Etiketten kommen verschiedene Kunststoffe zum Einsatz. Zu den wichtigsten Eigenschaften z\u00e4hlen die hohe Witterungsbest\u00e4ndigkeit sowie die sehr gute Kratz-, Wisch- und Rei\u00dffestigkeit. Wenn es die Anwendung erfordert, liefern wir die Schlaufen-Etiketten auch mit Lebensmittelzulassung.<\/p>\n<p>Die Einsatzgebiete von Schlaufen-Etiketten sind vielf\u00e4ltig:<\/p>\n<ul>\n<li>Kennzeichnung von Kabeln in der Elektronikindustrie<\/li>\n<li>Kennzeichnung von Lebensmitteln, z.B. als Kistenanh\u00e4nger in Fleischereien<\/li>\n<li>Kennzeichnung von Pflanzen, z.B. als Baumanh\u00e4nger in G\u00e4rtnereien<\/li>\n<\/ul>\n<\/div>\n<p><img decoding=\"async\" src=\"\/wp-content\/uploads\/2019\/11\/Schlaufenetikett3.jpg\" alt=\"Koffergriff mit Schlaufenetikett\"><\/p>\n<h2>Anwendungsbeispiele f\u00fcr Schlaufen-Etiketten<\/h2>\n<ul>\n<li>\n<p>        <img decoding=\"async\" src=\"\/wp-content\/uploads\/2019\/11\/Schlaufenetikett7.jpg\" alt=\"Fleischtransportkiste mit Schlaufenetikett\"><\/p>\n<h3>Produktkennzeichnung<\/h3>\n<p>Lebensmittel<\/p>\n<\/li>\n<li>\n<p>        <img decoding=\"async\" src=\"\/wp-content\/uploads\/2019\/11\/Schlaufenetikett1.jpg\" alt=\"Pflanze mit Schlaufenetikett\"><\/p>\n<h3>Produktkennzeichnung<\/h3>\n<p>Garten- und Landschaftsbau<\/p>\n<\/li>\n<\/ul>\n<p><!--more--><br \/>\n<!-- {\"name\":\"Barcode-Etiketten (leer)\",\"type\":\"layout\",\"children\":[{\"type\":\"section\",\"props\":{\"animation\":\"fade\",\"id\":\"header\",\"image\":\"wp-content\\\/uploads\\\/2019\\\/11\\\/Schlaufenetikett5.jpg\",\"image_position\":\"center-center\",\"image_size\":\"cover\",\"image_width\":\"400\",\"media_overlay\":\"rgba(0, 160, 222, 0.8)\",\"padding\":\"none\",\"style\":\"primary\",\"title_breakpoint\":\"xl\",\"title_position\":\"top-left\",\"title_rotation\":\"left\",\"vertical_align\":\"middle\",\"width\":\"default\"},\"children\":[{\"type\":\"row\",\"children\":[{\"type\":\"column\",\"props\":{\"image_position\":\"center-center\",\"media_overlay_gradient\":\"\",\"position_sticky_breakpoint\":\"m\",\"vertical_align\":\"middle\",\"width_medium\":\"1-1\"},\"children\":[{\"type\":\"headline\",\"props\":{\"content\":\"Schlaufen-Etiketten\",\"text_align\":\"center\",\"title_element\":\"h1\",\"title_style\":\"heading-small\"}}]}]}],\"name\":\"Header\"},{\"type\":\"section\",\"props\":{\"image_position\":\"center-center\",\"padding\":\"xsmall\",\"style\":\"default\",\"title_breakpoint\":\"xl\",\"title_position\":\"top-left\",\"title_rotation\":\"left\",\"vertical_align\":\"middle\",\"width\":\"default\"},\"children\":[{\"type\":\"row\",\"children\":[{\"type\":\"column\",\"props\":{\"image_position\":\"center-center\",\"media_overlay_gradient\":\"\",\"position_sticky_breakpoint\":\"m\",\"width_medium\":\"1-1\"},\"children\":[{\"type\":\"module\",\"props\":{\"menu_image_align\":\"center\",\"menu_image_margin\":true,\"menu_style\":\"default\",\"menu_type\":\"nav\",\"type\":\"breadcrumbs\",\"widget\":\"breadcrumbs-2\"}}]}]}],\"name\":\"Breadcrumbs\"},{\"type\":\"section\",\"props\":{\"animation\":\"fade\",\"image_position\":\"center-center\",\"padding\":\"large\",\"style\":\"muted\",\"title_breakpoint\":\"xl\",\"title_position\":\"top-left\",\"title_rotation\":\"left\",\"vertical_align\":\"middle\",\"width\":\"default\"},\"children\":[{\"type\":\"row\",\"props\":{\"column_gap\":\"large\",\"layout\":\"1-2,1-2\",\"match\":false,\"row_gap\":\"large\"},\"children\":[{\"type\":\"column\",\"props\":{\"image_position\":\"center-center\",\"media_overlay_gradient\":\"\",\"position_sticky_breakpoint\":\"m\",\"vertical_align\":\"middle\",\"width_medium\":\"1-2\"},\"children\":[{\"name\":\"\",\"type\":\"headline\",\"props\":{\"content\":\"Kleberfreie Kennzeichnung\",\"title_element\":\"h2\"}},{\"type\":\"divider\",\"props\":{\"divider_align\":\"\",\"divider_align_breakpoint\":\"\",\"divider_align_fallback\":\"\",\"divider_element\":\"div\",\"divider_style\":\"small\",\"margin\":\"medium\",\"margin_remove_top\":true}},{\"type\":\"text\",\"props\":{\"column_breakpoint\":\"m\",\"content\":\"\n\n<p>Schlaufen-Etiketten bestehen aus Kunststoffstreifen mit einer Lochstanzung und Verj\\u00fcngungen in der Mitte. Durch diese Form l\\u00e4\\u00dft sich eine Schlaufe bilden und das Etikett kann kleberfrei befestigt werden.<\\\/p>\\n\n\n<p>Bei der Herstellung der Schlaufen-Etiketten kommen verschiedene Kunststoffe zum Einsatz. Zu den wichtigsten Eigenschaften z\\u00e4hlen die hohe Witterungsbest\\u00e4ndigkeit sowie die sehr gute Kratz-, Wisch- und Rei\\u00dffestigkeit. Wenn es die Anwendung erfordert, liefern wir die Schlaufen-Etiketten auch mit Lebensmittelzulassung.<\\\/p>\\n\n\n<p>Die Einsatzgebiete von Schlaufen-Etiketten sind vielf\\u00e4ltig:<\\\/p>\\n\n\n<ul>\\n\n\n<li>Kennzeichnung von Kabeln in der Elektronikindustrie<\\\/li>\\n\n\n<li>Kennzeichnung von Lebensmitteln, z.B. als Kistenanh\\u00e4nger in Fleischereien<\\\/li>\\n\n\n<li>Kennzeichnung von Pflanzen, z.B. als Baumanh\\u00e4nger in G\\u00e4rtnereien<\\\/li>\\n<\\\/ul>\",\"margin\":\"default\"}}]},{\"type\":\"column\",\"props\":{\"image_position\":\"center-center\",\"media_overlay_gradient\":\"\",\"order_first\":\"m\",\"position_sticky_breakpoint\":\"m\",\"width_medium\":\"1-2\"},\"children\":[{\"type\":\"image\",\"props\":{\"image\":\"wp-content\\\/uploads\\\/2019\\\/11\\\/Schlaufenetikett3.jpg\",\"image_alt\":\"Koffergriff mit Schlaufenetikett\",\"image_height\":\"680\",\"image_svg_color\":\"emphasis\",\"image_width\":\"680\",\"margin\":\"default\"}}]}]}],\"name\":\"Intro\"},{\"type\":\"section\",\"props\":{\"animation\":\"fade\",\"image_position\":\"center-center\",\"padding\":\"large\",\"style\":\"secondary\",\"title_breakpoint\":\"xl\",\"title_position\":\"top-left\",\"title_rotation\":\"left\",\"vertical_align\":\"middle\",\"width\":\"default\"},\"children\":[{\"type\":\"row\",\"children\":[{\"type\":\"column\",\"props\":{\"image_position\":\"center-center\",\"media_overlay_gradient\":\"\",\"position_sticky_breakpoint\":\"m\",\"width_medium\":\"1-1\"},\"children\":[{\"type\":\"headline\",\"props\":{\"content\":\"Anwendungsbeispiele f\\u00fcr Schlaufen-Etiketten\",\"title_element\":\"h2\",\"title_style\":\"h2\"}},{\"type\":\"divider\",\"props\":{\"divider_align\":\"\",\"divider_align_breakpoint\":\"\",\"divider_align_fallback\":\"\",\"divider_element\":\"div\",\"divider_style\":\"small\",\"margin\":\"medium\",\"margin_remove_top\":true}}]}]},{\"type\":\"row\",\"children\":[{\"type\":\"column\",\"props\":{\"image_position\":\"center-center\",\"media_overlay_gradient\":\"\",\"position_sticky_breakpoint\":\"m\",\"width_medium\":\"1-1\"},\"children\":[{\"type\":\"grid\",\"props\":{\"content_column_breakpoint\":\"m\",\"filter_align\":\"left\",\"filter_all\":true,\"filter_grid_breakpoint\":\"m\",\"filter_grid_width\":\"auto\",\"filter_position\":\"top\",\"filter_style\":\"tab\",\"grid_default\":\"1\",\"grid_medium\":\"2\",\"grid_small\":\"2\",\"icon_width\":80,\"image_align\":\"top\",\"image_grid_breakpoint\":\"m\",\"image_grid_width\":\"1-2\",\"image_height\":\"450\",\"image_svg_color\":\"emphasis\",\"image_width\":\"600\",\"item_animation\":true,\"link_style\":\"default\",\"link_text\":\"Read more\",\"margin\":\"default\",\"meta_align\":\"below-title\",\"meta_element\":\"div\",\"meta_margin\":\"small\",\"meta_style\":\"text-meta\",\"panel_image_no_padding\":true,\"panel_padding\":\"small\",\"panel_style\":\"card-secondary\",\"parallax_easing\":\"1\",\"show_content\":true,\"show_image\":true,\"show_link\":true,\"show_meta\":true,\"show_title\":true,\"title_align\":\"top\",\"title_element\":\"h3\",\"title_grid_breakpoint\":\"m\",\"title_grid_width\":\"1-2\",\"title_hover_style\":\"reset\"},\"children\":[{\"type\":\"grid_item\",\"props\":{\"content\":\"\",\"image\":\"wp-content\\\/uploads\\\/2019\\\/11\\\/Schlaufenetikett7.jpg\",\"image_alt\":\"Fleischtransportkiste mit Schlaufenetikett\",\"meta\":\"Lebensmittel\",\"title\":\"Produktkennzeichnung\"}},{\"type\":\"grid_item\",\"props\":{\"image\":\"wp-content\\\/uploads\\\/2019\\\/11\\\/Schlaufenetikett1.jpg\",\"image_alt\":\"Pflanze mit Schlaufenetikett\",\"meta\":\"Garten- und Landschaftsbau\",\"title\":\"Produktkennzeichnung\"}}]}]}]}],\"name\":\"Anwendungsbeispiele\"}],\"version\":\"3.0.20\"} --><\/p>\n","protected":false},"excerpt":{"rendered":"<p>Schlaufen-Etiketten Kleberfreie Kennzeichnung Schlaufen-Etiketten bestehen aus Kunststoffstreifen mit einer Lochstanzung und Verj\u00fcngungen in der Mitte. Durch diese Form l\u00e4\u00dft sich eine Schlaufe bilden und das Etikett kann kleberfrei befestigt werden. Bei der Herstellung der Schlaufen-Etiketten kommen verschiedene Kunststoffe zum Einsatz. Zu den wichtigsten Eigenschaften z\u00e4hlen die hohe Witterungsbest\u00e4ndigkeit sowie die sehr gute Kratz-, Wisch- und [&hellip;]<\/p>\n","protected":false},"author":10,"featured_media":0,"parent":50,"menu_order":0,"comment_status":"closed","ping_status":"closed","template":"","meta":{"footnotes":""},"class_list":["post-557","page","type-page","status-publish","hentry"],"_links":{"self":[{"href":"https:\/\/www.mylabels.de\/de\/wp-json\/wp\/v2\/pages\/557","targetHints":{"allow":["GET"]}}],"collection":[{"href":"https:\/\/www.mylabels.de\/de\/wp-json\/wp\/v2\/pages"}],"about":[{"href":"https:\/\/www.mylabels.de\/de\/wp-json\/wp\/v2\/types\/page"}],"author":[{"embeddable":true,"href":"https:\/\/www.mylabels.de\/de\/wp-json\/wp\/v2\/users\/10"}],"replies":[{"embeddable":true,"href":"https:\/\/www.mylabels.de\/de\/wp-json\/wp\/v2\/comments?post=557"}],"version-history":[{"count":5,"href":"https:\/\/www.mylabels.de\/de\/wp-json\/wp\/v2\/pages\/557\/revisions"}],"predecessor-version":[{"id":5230,"href":"https:\/\/www.mylabels.de\/de\/wp-json\/wp\/v2\/pages\/557\/revisions\/5230"}],"up":[{"embeddable":true,"href":"https:\/\/www.mylabels.de\/de\/wp-json\/wp\/v2\/pages\/50"}],"wp:attachment":[{"href":"https:\/\/www.mylabels.de\/de\/wp-json\/wp\/v2\/media?parent=557"}],"curies":[{"name":"wp","href":"https:\/\/api.w.org\/{rel}","templated":true}]}}