{"id":615,"date":"2019-08-05T16:24:09","date_gmt":"2019-08-05T14:24:09","guid":{"rendered":"http:\/\/dev.sun-concept.de\/wp-mylabels\/?page_id=615"},"modified":"2021-02-23T16:13:02","modified_gmt":"2021-02-23T15:13:02","slug":"impressum","status":"publish","type":"page","link":"https:\/\/www.mylabels.de\/de\/unternehmen\/impressum\/","title":{"rendered":"Impressum"},"content":{"rendered":"<h1>Impressum<\/h1>\n<h2>Angaben gem\u00e4\u00df \u00a7 5 TMG<\/h2>\n<div>\n<p>\n<strong>myLabels GmbH<\/strong><br \/>\nIm Schlangengarten 68<br \/>\n76877 Offenbach \/ Queich\n<\/p>\n<p>\n<strong>Telefon: <\/strong><a href=\"tel:+49 (0) 6348 959550\">+49 (0) 6348 959550<\/a><br \/>\n<strong>Telefax: <\/strong>+49 (0) 6348 959555<br \/>\n<strong>E-Mail: <\/strong><a href=\"mailto:info@myLabels.de\">info@myLabels.de<\/a>\n<\/p>\n<p>\n<strong>Gesch\u00e4ftsf\u00fchrer:<\/strong><br \/>\nRalf Bittigh\u00f6fer\n<\/p>\n<p>\n<strong>Handelsregistereintrag:<br \/>\n<\/strong>Amtsgericht Landau, HRB-Nr.: 30158\n<\/p>\n<p>\n<strong>Umsatzsteuer-ID:<\/strong><br \/>\nDE 814748861\n<\/p>\n<p>\n<strong>Konzeption, Webdesign, Programmierung und Support:<\/strong>\n<\/p>\n<p>\n<a href=\"http:\/\/www.sun-concept.de\" target=\"_blank\" rel=\"noopener\"><img decoding=\"async\" alt=\"sun concept Logo\" src=\"https:\/\/www.mylabels.de\/wp-content\/uploads\/2019\/08\/sun_concept-logo.svg\" width=\"260px\" \/><\/a><\/p>\n<p>\n<a title=\"\" href=\"http:\/\/www.sun-concept.de\" target=\"_blank\" rel=\"noopener\">sun concept Werbeagentur GmbH<\/a>\n<\/p>\n<\/div>\n<h2>Bildnachweise<\/h2>\n<div>\n<ul>\n<li>DNP Imagingcomm Europe B.V.<\/li>\n<li>Wink Stanzwerkzeuge GmbH &amp; Co. KG<\/li>\n<li>3M Deutschland GmbH<\/li>\n<li>cab Produkttechnik GmbH &amp; Co.KG<\/li>\n<li>abcr GmbH<\/li>\n<li>istock_16607521_Elenathewise<\/li>\n<li>istock_17297427_Berenik_L<\/li>\n<li>istock_19426771_Madiz<\/li>\n<li>istock_134812738_scanrail<\/li>\n<li>istock_137078530_flyfloor<\/li>\n<li>istock_157529625_tunart<\/li>\n<li>istock_172907155_myhrcat<\/li>\n<li>istock_184992648_eli_asenova<\/li>\n<li>istock_459006759_PLAINVIEW<\/li>\n<li>istock_468732593_Madiz<\/li>\n<li>istock_475582894_EMiddelkoop<\/li>\n<li>istock_493330784_Phonix_a<\/li>\n<li>istock_51465645_ZavgSG<\/li>\n<li>istock_526249761_PeopleImages<\/li>\n<li>istock_537640146_einegraphic<\/li>\n<li>istock_542291866_Tarzhanova<\/li>\n<li>istock_646766570_sergeyryzhov<\/li>\n<li>istock_660681512_fotosipak<\/li>\n<li>istock_697462150_af_istocker<\/li>\n<li>istock_803699888_Yayasya<\/li>\n<li>istock_915461846_AndreyPopov<\/li>\n<li>istock_949218828_AndreyPopov<\/li>\n<li>istock_950305776_boitano<\/li>\n<li>istock_965421570_scanrail<\/li>\n<li>istock_1013437672_AndreyPopov<\/li>\n<li>istock_1022887882_ipopba<\/li>\n<li>istock_1034249292_Grassetto<\/li>\n<li>istock_1042346320_MJ_Prototype<\/li>\n<li>istock_1052087976_PJ_joe<\/li>\n<li>istock_1135290430_bluecinema<\/li>\n<li>istock_1146057519_lensmen<\/li>\n<li>istock_1170249557_poco_bw<\/li>\n<li>istock_1175446418_Mnxan Pyehko<\/li>\n<li>istock_1144428335_ismagilov<\/li>\n<li>istock_1181084505_Sergey_Kurganskiy<\/li>\n<li>unsplash_julian_hochgesang<\/li>\n<li>istock_1160809587_Philip_Steury.jpg<\/li>\n<\/ul>\n<\/div>\n<h2>Online-Streitbeilegung<\/h2>\n<div>\n<p>\nDie Europ\u00e4ische Kommission stellt unter https:\/\/ec.europa.eu\/consumers\/odr\/ eine Plattform zur Online-Streitbeilegung bereit, die Verbraucher f\u00fcr die Beilegung einer Streitigkeit nutzen k\u00f6nnen und auf der weitere Informationen zum Thema Streitschlichtung zu finden sind.\n<\/p>\n<\/div>\n<h2>Au\u00dfergerichtliche Streitbeilegung<\/h2>\n<div>\n<p>\nWir sind weder verpflichtet noch dazu bereit, im Falle einer Streitigkeit mit einem Verbraucher an einem Streitbeilegungsverfahren vor einer Verbraucherschlichtungsstelle teilzunehmen.\n<\/p>\n<\/div>\n<h2>Urheberrecht \/ Haftungsausschluss<\/h2>\n<div>\n<p>Die durch die myLabels GmbH erstellten Inhalte dieser Website (Bilder, Grafiken und Texte) unterliegen dem deutschen Urheberrecht. Eine Vervielf\u00e4ltigung, Verbreitung und jede Art der Verwertung bed\u00fcrfen der schriftlichen Zustimmung. Soweit die Inhalte nicht von myLabels GmbH erstellt wurden, werden die Urheberrechte Dritter beachtet. Dies gilt insbesondere f\u00fcr Fotos\/Grafiken von Bildagenturen, bei denen zus\u00e4tzlich die Nutzungsbedingungen der jeweiligen Agentur zugrunde liegen.<\/p>\n<p>Als Diensteanbieter dieses Online-Angebotes sind wir gem\u00e4\u00df \u00a7 7 Abs.1 TMG f\u00fcr eigene Inhalte nach den allgemeinen Gesetzen verantwortlich. F\u00fcr die Betreibung und Pflege dieser Website legen wir daher ein sehr hohes Ma\u00df an Sorgf\u00e4ltigkeit an. Dennoch k\u00f6nnen wir f\u00fcr die Richtigkeit der wiedergegebenen Informationen oder die permanente technische Erreichbarkeit keine Garantie \u00fcbernehmen. Sobald wir \u00fcber falsche oder rechtswidrige Inhalte Kenntnis erlangen, werden wir diese umgehend korrigieren bzw. entfernen.<\/p>\n<p>Unser Angebot enth\u00e4lt Links zu externen Webseiten Dritter. Auf den Inhalt dieser Seiten haben wir keinen Einfluss. Die verlinkten Quellen und externen Websites sind durch uns im Vorfeld nach bestem Wissen sorgf\u00e4ltig ausgew\u00e4hlt und auf m\u00f6gliche Rechteverst\u00f6\u00dfe untersucht. Wir k\u00f6nnen diese aber nicht st\u00e4ndig auf ihre aktuelle Rechtm\u00e4\u00dfigkeit \u00fcberpr\u00fcfen. Sofern auf verlinkten Webseiten sp\u00e4ter Rechtsverletzungen auftreten, bitten wir um einen entsprechenden Hinweis. Wir werden den Umstand schnellstm\u00f6glich pr\u00fcfen und gegebenenfalls den Link sofort entfernen. Eine Haftung f\u00fcr den Inhalt von aus unserem Online-Angebot verlinkten Websites k\u00f6nnen wir nicht \u00fcbernehmen. Wir haben auch keinen Einfluss darauf, dass deren Betreiber die geltenden Datenschutzbestimmungen einhalten.<\/p>\n<\/div>\n<p><!-- {\"type\":\"layout\",\"children\":[{\"type\":\"section\",\"props\":{\"style\":\"default\",\"width\":\"default\",\"vertical_align\":\"middle\",\"title_position\":\"top-left\",\"title_rotation\":\"left\",\"title_breakpoint\":\"xl\",\"image_position\":\"center-center\",\"text_color\":\"\",\"width_expand\":\"\",\"height\":\"\",\"padding\":\"\",\"header_transparent\":\"\",\"animation\":\"\"},\"children\":[{\"type\":\"row\",\"props\":{\"layout\":\"1-1\",\"breakpoint\":\"m\",\"fixed_width\":\"large\",\"width\":\"\",\"width_expand\":\"\",\"height\":\"\",\"margin\":\"\",\"column_gap\":\"\",\"row_gap\":\"\"},\"children\":[{\"type\":\"column\",\"props\":{\"image_position\":\"center-center\",\"media_overlay_gradient\":\"\",\"vertical_align\":\"\",\"style\":\"\",\"text_color\":\"\",\"padding\":\"\"},\"children\":[{\"type\":\"headline\",\"props\":{\"title_element\":\"h1\",\"title_style\":\"\",\"title_decoration\":\"\",\"title_font_family\":\"\",\"title_color\":\"\",\"position\":\"\",\"position_z_index\":\"\",\"margin\":\"large\",\"maxwidth\":\"\",\"maxwidth_breakpoint\":\"\",\"block_align\":\"\",\"block_align_breakpoint\":\"\",\"block_align_fallback\":\"\",\"text_align\":\"\",\"text_align_breakpoint\":\"\",\"text_align_fallback\":\"\",\"animation\":\"\",\"visibility\":\"\",\"content\":\"Impressum\"}},{\"type\":\"headline\",\"props\":{\"title_element\":\"h2\",\"title_style\":\"h3\",\"title_decoration\":\"\",\"title_font_family\":\"\",\"title_color\":\"\",\"position\":\"\",\"position_z_index\":\"\",\"margin\":\"\",\"maxwidth\":\"\",\"maxwidth_breakpoint\":\"\",\"block_align\":\"\",\"block_align_breakpoint\":\"\",\"block_align_fallback\":\"\",\"text_align\":\"\",\"text_align_breakpoint\":\"\",\"text_align_fallback\":\"\",\"animation\":\"\",\"visibility\":\"\",\"content\":\"Angaben gem\\u00e4\\u00df \\u00a7 5 TMG\"}},{\"type\":\"text\",\"props\":{\"margin\":\"default\",\"column_breakpoint\":\"m\",\"text_style\":\"\",\"text_color\":\"\",\"text_size\":\"\",\"column\":\"\",\"position\":\"\",\"position_z_index\":\"\",\"maxwidth\":\"\",\"maxwidth_breakpoint\":\"\",\"block_align\":\"\",\"block_align_breakpoint\":\"\",\"block_align_fallback\":\"\",\"text_align\":\"\",\"text_align_breakpoint\":\"\",\"text_align_fallback\":\"\",\"animation\":\"\",\"visibility\":\"\",\"content\":\"\n\n<p>\\n<strong>myLabels GmbH<\\\/strong><br \\\/>\\nIm Schlangengarten 68<br \\\/>\\n76877 Offenbach \\\/ Queich<br \\\/>\\n<\\\/p>\\n\n\n<p>\\n<strong>Telefon: <\\\/strong><a href=\\\"tel:+49 (0) 6348 959550\\\">+49 (0) 6348 959550<\\\/a><br \\\/>\\n<strong>Telefax: <\\\/strong>+49 (0) 6348 959555<br \\\/>\\n<strong>E-Mail: <\\\/strong><a href=\\\"mailto:info@myLabels.de\\\">info@myLabels.de<\\\/a>\\n<\\\/p>\\n\n\n<p>\\n<strong>Gesch\\u00e4ftsf\\u00fchrer:<\\\/strong><br \\\/>\\nRalf Bittigh\\u00f6fer\\n<\\\/p>\\n\n\n<p>\\n<strong>Handelsregistereintrag:<br \\\/>\\n<\\\/strong>Amtsgericht Landau, HRB-Nr.: 30158\\n<\\\/p>\\n\n\n<p>\\n<strong>Umsatzsteuer-ID:<\\\/strong><br \\\/>\\nDE 814748861\\n<\\\/p>\\n\n\n<p>\\n<strong>Konzeption, Webdesign, Programmierung und Support:<\\\/strong>\\n<\\\/p>\\n\n\n<p>\\n<a href=\\\"http:\\\/\\\/www.sun-concept.de\\\" target=\\\"_blank\\\" rel=\\\"noopener\\\"><img alt=\\\"sun concept Logo\\\" src=\\\"https:\\\/\\\/www.mylabels.de\\\/wp-content\\\/uploads\\\/2019\\\/08\\\/sun_concept-logo.svg\\\" width=\\\"260px\\\" \\\/><\\\/a><\\\/p>\\n\n\n<p>\\n<a title=\\\"\\\" href=\\\"http:\\\/\\\/www.sun-concept.de\\\" target=\\\"_blank\\\" rel=\\\"noopener\\\">sun concept Werbeagentur GmbH<\\\/a>\\n<\\\/p>\\n\n\n<p>\"}},{\"type\":\"headline\",\"props\":{\"title_element\":\"h2\",\"title_style\":\"h3\",\"title_decoration\":\"\",\"title_font_family\":\"\",\"title_color\":\"\",\"position\":\"\",\"position_z_index\":\"\",\"margin\":\"\",\"maxwidth\":\"\",\"maxwidth_breakpoint\":\"\",\"block_align\":\"\",\"block_align_breakpoint\":\"\",\"block_align_fallback\":\"\",\"text_align\":\"\",\"text_align_breakpoint\":\"\",\"text_align_fallback\":\"\",\"animation\":\"\",\"visibility\":\"\",\"content\":\"Bildnachweise\"}},{\"type\":\"text\",\"props\":{\"margin\":\"default\",\"column_breakpoint\":\"m\",\"text_style\":\"\",\"text_color\":\"\",\"text_size\":\"\",\"column\":\"1-3\",\"position\":\"\",\"position_z_index\":\"\",\"maxwidth\":\"\",\"maxwidth_breakpoint\":\"\",\"block_align\":\"\",\"block_align_breakpoint\":\"\",\"block_align_fallback\":\"\",\"text_align\":\"\",\"text_align_breakpoint\":\"\",\"text_align_fallback\":\"\",\"animation\":\"\",\"visibility\":\"\",\"content\":\"\n\n<ul>\\n\n\n<li>DNP Imagingcomm Europe B.V.<\\\/li>\\n\n\n<li>Wink Stanzwerkzeuge GmbH &amp; Co. KG<\\\/li>\\n\n\n<li>3M Deutschland GmbH<\\\/li>\\n\n\n<li>cab Produkttechnik GmbH &amp; Co.KG<\\\/li>\\n\n\n<li>abcr GmbH<\\\/li>\\n\n\n<li>istock_16607521_Elenathewise<\\\/li>\\n\n\n<li>istock_17297427_Berenik_L<\\\/li>\\n\n\n<li>istock_19426771_Madiz<\\\/li>\\n\n\n<li>istock_134812738_scanrail<\\\/li>\\n\n\n<li>istock_137078530_flyfloor<\\\/li>\\n\n\n<li>istock_157529625_tunart<\\\/li>\\n\n\n<li>istock_172907155_myhrcat<\\\/li>\\n\n\n<li>istock_184992648_eli_asenova<\\\/li>\\n\n\n<li>istock_459006759_PLAINVIEW<\\\/li>\\n\n\n<li>istock_468732593_Madiz<\\\/li>\\n\n\n<li>istock_475582894_EMiddelkoop<\\\/li>\\n\n\n<li>istock_493330784_Phonix_a<\\\/li>\\n\n\n<li>istock_51465645_ZavgSG<\\\/li>\\n\n\n<li>istock_526249761_PeopleImages<\\\/li>\\n\n\n<li>istock_537640146_einegraphic<\\\/li>\\n\n\n<li>istock_542291866_Tarzhanova<\\\/li>\\n\n\n<li>istock_646766570_sergeyryzhov<\\\/li>\\n\n\n<li>istock_660681512_fotosipak<\\\/li>\\n\n\n<li>istock_697462150_af_istocker<\\\/li>\\n\n\n<li>istock_803699888_Yayasya<\\\/li>\\n\n\n<li>istock_915461846_AndreyPopov<\\\/li>\\n\n\n<li>istock_949218828_AndreyPopov<\\\/li>\\n\n\n<li>istock_950305776_boitano<\\\/li>\\n\n\n<li>istock_965421570_scanrail<\\\/li>\\n\n\n<li>istock_1013437672_AndreyPopov<\\\/li>\\n\n\n<li>istock_1022887882_ipopba<\\\/li>\\n\n\n<li>istock_1034249292_Grassetto<\\\/li>\\n\n\n<li>istock_1042346320_MJ_Prototype<\\\/li>\\n\n\n<li>istock_1052087976_PJ_joe<\\\/li>\\n\n\n<li>istock_1135290430_bluecinema<\\\/li>\\n\n\n<li>istock_1146057519_lensmen<\\\/li>\\n\n\n<li>istock_1170249557_poco_bw<\\\/li>\\n\n\n<li>istock_1175446418_Mnxan Pyehko<\\\/li>\\n\n\n<li>istock_1144428335_ismagilov<\\\/li>\\n\n\n<li>istock_1181084505_Sergey_Kurganskiy<\\\/li>\\n\n\n<li>unsplash_julian_hochgesang<\\\/li>\\n\n\n<li>istock_1160809587_Philip_Steury.jpg<\\\/li>\\n<\\\/ul>\"}},{\"type\":\"headline\",\"props\":{\"title_element\":\"h2\",\"title_style\":\"h3\",\"title_decoration\":\"\",\"title_font_family\":\"\",\"title_color\":\"\",\"position\":\"\",\"position_z_index\":\"\",\"margin\":\"\",\"maxwidth\":\"\",\"maxwidth_breakpoint\":\"\",\"block_align\":\"\",\"block_align_breakpoint\":\"\",\"block_align_fallback\":\"\",\"text_align\":\"\",\"text_align_breakpoint\":\"\",\"text_align_fallback\":\"\",\"animation\":\"\",\"visibility\":\"\",\"content\":\"Online-Streitbeilegung\"}},{\"type\":\"text\",\"props\":{\"margin\":\"default\",\"column_breakpoint\":\"m\",\"text_style\":\"\",\"text_color\":\"\",\"text_size\":\"\",\"column\":\"\",\"position\":\"\",\"position_z_index\":\"\",\"maxwidth\":\"\",\"maxwidth_breakpoint\":\"\",\"block_align\":\"\",\"block_align_breakpoint\":\"\",\"block_align_fallback\":\"\",\"text_align\":\"\",\"text_align_breakpoint\":\"\",\"text_align_fallback\":\"\",\"animation\":\"\",\"visibility\":\"\",\"content\":\"\n\n<p>\\nDie Europ\\u00e4ische Kommission stellt unter https:\\\/\\\/ec.europa.eu\\\/consumers\\\/odr\\\/ eine Plattform zur Online-Streitbeilegung bereit, die Verbraucher f\\u00fcr die Beilegung einer Streitigkeit nutzen k\\u00f6nnen und auf der weitere Informationen zum Thema Streitschlichtung zu finden sind.\\n<\\\/p>\"}},{\"type\":\"headline\",\"props\":{\"title_element\":\"h2\",\"title_style\":\"h3\",\"title_decoration\":\"\",\"title_font_family\":\"\",\"title_color\":\"\",\"position\":\"\",\"position_z_index\":\"\",\"margin\":\"\",\"maxwidth\":\"\",\"maxwidth_breakpoint\":\"\",\"block_align\":\"\",\"block_align_breakpoint\":\"\",\"block_align_fallback\":\"\",\"text_align\":\"\",\"text_align_breakpoint\":\"\",\"text_align_fallback\":\"\",\"animation\":\"\",\"visibility\":\"\",\"content\":\"Au\\u00dfergerichtliche Streitbeilegung\"}},{\"type\":\"text\",\"props\":{\"margin\":\"default\",\"column_breakpoint\":\"m\",\"text_style\":\"\",\"text_color\":\"\",\"text_size\":\"\",\"column\":\"\",\"position\":\"\",\"position_z_index\":\"\",\"maxwidth\":\"\",\"maxwidth_breakpoint\":\"\",\"block_align\":\"\",\"block_align_breakpoint\":\"\",\"block_align_fallback\":\"\",\"text_align\":\"\",\"text_align_breakpoint\":\"\",\"text_align_fallback\":\"\",\"animation\":\"\",\"visibility\":\"\",\"content\":\"\n\n<p>\\nWir sind weder verpflichtet noch dazu bereit, im Falle einer Streitigkeit mit einem Verbraucher an einem Streitbeilegungsverfahren vor einer Verbraucherschlichtungsstelle teilzunehmen.\\n<\\\/p>\"}},{\"type\":\"headline\",\"props\":{\"title_element\":\"h2\",\"title_style\":\"h3\",\"title_decoration\":\"\",\"title_font_family\":\"\",\"title_color\":\"\",\"position\":\"\",\"position_z_index\":\"\",\"margin\":\"\",\"maxwidth\":\"\",\"maxwidth_breakpoint\":\"\",\"block_align\":\"\",\"block_align_breakpoint\":\"\",\"block_align_fallback\":\"\",\"text_align\":\"\",\"text_align_breakpoint\":\"\",\"text_align_fallback\":\"\",\"animation\":\"\",\"visibility\":\"\",\"content\":\"Urheberrecht \\\/ Haftungsausschluss\"}},{\"type\":\"text\",\"props\":{\"margin\":\"default\",\"column_breakpoint\":\"m\",\"text_style\":\"\",\"text_color\":\"\",\"text_size\":\"\",\"column\":\"\",\"position\":\"\",\"position_z_index\":\"\",\"maxwidth\":\"\",\"maxwidth_breakpoint\":\"\",\"block_align\":\"\",\"block_align_breakpoint\":\"\",\"block_align_fallback\":\"\",\"text_align\":\"\",\"text_align_breakpoint\":\"\",\"text_align_fallback\":\"\",\"animation\":\"\",\"visibility\":\"\",\"content\":\"\n\n<p>Die durch die myLabels GmbH erstellten Inhalte dieser Website (Bilder, Grafiken und Texte) unterliegen dem deutschen Urheberrecht. Eine Vervielf\\u00e4ltigung, Verbreitung und jede Art der Verwertung bed\\u00fcrfen der schriftlichen Zustimmung. Soweit die Inhalte nicht von myLabels GmbH erstellt wurden, werden die Urheberrechte Dritter beachtet. Dies gilt insbesondere f\\u00fcr Fotos\\\/Grafiken von Bildagenturen, bei denen zus\\u00e4tzlich die Nutzungsbedingungen der jeweiligen Agentur zugrunde liegen.<\\\/p>\\n\n\n<p>Als Diensteanbieter dieses Online-Angebotes sind wir gem\\u00e4\\u00df \\u00a7 7 Abs.1 TMG f\\u00fcr eigene Inhalte nach den allgemeinen Gesetzen verantwortlich. F\\u00fcr die Betreibung und Pflege dieser Website legen wir daher ein sehr hohes Ma\\u00df an Sorgf\\u00e4ltigkeit an. Dennoch k\\u00f6nnen wir f\\u00fcr die Richtigkeit der wiedergegebenen Informationen oder die permanente technische Erreichbarkeit keine Garantie \\u00fcbernehmen. Sobald wir \\u00fcber falsche oder rechtswidrige Inhalte Kenntnis erlangen, werden wir diese umgehend korrigieren bzw. entfernen.<\\\/p>\\n\n\n<p>Unser Angebot enth\\u00e4lt Links zu externen Webseiten Dritter. Auf den Inhalt dieser Seiten haben wir keinen Einfluss. Die verlinkten Quellen und externen Websites sind durch uns im Vorfeld nach bestem Wissen sorgf\\u00e4ltig ausgew\\u00e4hlt und auf m\\u00f6gliche Rechteverst\\u00f6\\u00dfe untersucht. Wir k\\u00f6nnen diese aber nicht st\\u00e4ndig auf ihre aktuelle Rechtm\\u00e4\\u00dfigkeit \\u00fcberpr\\u00fcfen. Sofern auf verlinkten Webseiten sp\\u00e4ter Rechtsverletzungen auftreten, bitten wir um einen entsprechenden Hinweis. Wir werden den Umstand schnellstm\\u00f6glich pr\\u00fcfen und gegebenenfalls den Link sofort entfernen. Eine Haftung f\\u00fcr den Inhalt von aus unserem Online-Angebot verlinkten Websites k\\u00f6nnen wir nicht \\u00fcbernehmen. Wir haben auch keinen Einfluss darauf, dass deren Betreiber die geltenden Datenschutzbestimmungen einhalten.<\\\/p>\"}}]}]}]}],\"version\":\"1.22.6\",\"props\":[]} --><\/p>\n","protected":false},"excerpt":{"rendered":"<p>Impressum Angaben gem\u00e4\u00df \u00a7 5 TMG myLabels GmbH Im Schlangengarten 68 76877 Offenbach \/ Queich Telefon: +49 (0) 6348 959550 Telefax: +49 (0) 6348 959555 E-Mail: info@myLabels.de Gesch\u00e4ftsf\u00fchrer: Ralf Bittigh\u00f6fer Handelsregistereintrag: Amtsgericht Landau, HRB-Nr.: 30158 Umsatzsteuer-ID: DE 814748861 Konzeption, Webdesign, Programmierung und Support: sun concept Werbeagentur GmbH Bildnachweise DNP Imagingcomm Europe B.V. Wink Stanzwerkzeuge GmbH [&hellip;]<\/p>\n","protected":false},"author":10,"featured_media":0,"parent":48,"menu_order":0,"comment_status":"closed","ping_status":"closed","template":"","meta":{"footnotes":""},"class_list":["post-615","page","type-page","status-publish","hentry"],"_links":{"self":[{"href":"https:\/\/www.mylabels.de\/de\/wp-json\/wp\/v2\/pages\/615","targetHints":{"allow":["GET"]}}],"collection":[{"href":"https:\/\/www.mylabels.de\/de\/wp-json\/wp\/v2\/pages"}],"about":[{"href":"https:\/\/www.mylabels.de\/de\/wp-json\/wp\/v2\/types\/page"}],"author":[{"embeddable":true,"href":"https:\/\/www.mylabels.de\/de\/wp-json\/wp\/v2\/users\/10"}],"replies":[{"embeddable":true,"href":"https:\/\/www.mylabels.de\/de\/wp-json\/wp\/v2\/comments?post=615"}],"version-history":[{"count":5,"href":"https:\/\/www.mylabels.de\/de\/wp-json\/wp\/v2\/pages\/615\/revisions"}],"predecessor-version":[{"id":4229,"href":"https:\/\/www.mylabels.de\/de\/wp-json\/wp\/v2\/pages\/615\/revisions\/4229"}],"up":[{"embeddable":true,"href":"https:\/\/www.mylabels.de\/de\/wp-json\/wp\/v2\/pages\/48"}],"wp:attachment":[{"href":"https:\/\/www.mylabels.de\/de\/wp-json\/wp\/v2\/media?parent=615"}],"curies":[{"name":"wp","href":"https:\/\/api.w.org\/{rel}","templated":true}]}}